{"id":120,"date":"2018-11-21T17:20:09","date_gmt":"2018-11-21T16:20:09","guid":{"rendered":"http:\/\/www.wordpress.apothekeinrath.de\/?page_id=120"},"modified":"2024-08-01T16:31:34","modified_gmt":"2024-08-01T14:31:34","slug":"unser-botendienst","status":"publish","type":"page","link":"https:\/\/www.apothekeinrath.de\/start\/unser-botendienst\/","title":{"rendered":"Unser Botendienst"},"content":{"rendered":"\n<h2 class=\"wp-block-heading\">Unser Botendienst<\/h2>\n\n\n\n<h4 class=\"wp-block-heading\">Schneller als jede Online-Apotheke<\/h4>\n\n\n\n<p><strong>Sie haben keine Zeit oder keine M\u00f6glichkeit, zu uns in die Apotheke zu kommen? Kein Problem, wir kommen zu Ihnen!<\/strong><\/p>\n\n\n\n<div class=\"wp-block-media-text is-stacked-on-mobile has-background\" style=\"background-color:#eeeeee\"><figure class=\"wp-block-media-text__media\"><img loading=\"lazy\" decoding=\"async\" width=\"1024\" height=\"768\" src=\"https:\/\/www.apothekeinrath.de\/wp-content\/uploads\/2024\/07\/Botenfahrzeug2-1024x768.jpeg\" alt=\"\" class=\"wp-image-1188 size-full\" srcset=\"https:\/\/www.apothekeinrath.de\/wp-content\/uploads\/2024\/07\/Botenfahrzeug2-1024x768.jpeg 1024w, https:\/\/www.apothekeinrath.de\/wp-content\/uploads\/2024\/07\/Botenfahrzeug2-300x225.jpeg 300w, https:\/\/www.apothekeinrath.de\/wp-content\/uploads\/2024\/07\/Botenfahrzeug2-768x576.jpeg 768w, https:\/\/www.apothekeinrath.de\/wp-content\/uploads\/2024\/07\/Botenfahrzeug2-1536x1152.jpeg 1536w, https:\/\/www.apothekeinrath.de\/wp-content\/uploads\/2024\/07\/Botenfahrzeug2.jpeg 2016w\" sizes=\"(max-width: 1024px) 100vw, 1024px\" \/><\/figure><div class=\"wp-block-media-text__content\">\n<p>Bestellen Sie bis <strong>16:00 Uhr<\/strong> Ihr gew\u00fcnschtes Arzneimittel und unser Bote und Rather Urgestein Herr Kellermann liefert es Ihnen <strong>ab 17:30 Uhr<\/strong> nach Hause!<\/p>\n<\/div><\/div>\n\n\n\n<div style=\"height:19px\" aria-hidden=\"true\" class=\"wp-block-spacer\"><\/div>\n\n\n\n<p>All Ihre Fragen zu den bestellten Arzneimitteln werden von unserem kompetenten pharmazeutischen Personal telefonisch beantwortet. Die Lieferung ist vollkommen kostenlos (ab einem Warenwert von 15 Euro).<\/p>\n\n\n\n<p><em>Unser Liefergebiet erstreckt sich von Rath, Unterrath, Lichtenbroich und M\u00f6rsenbroich \u00fcber D\u00fcsseltal und Gerresheim bis nach Grafenrath.<\/em><\/p>\n\n\n\n<div class=\"wp-block-button is-style-fill\"><a class=\"wp-block-button__link has-background wp-element-button\" href=\"http:\/\/www.apothekeinrath.de\/vorbestellung\/\" style=\"border-radius:30px;background-color:#b6cc41\">Jetzt unter 0211 654316 anrufen oder online vorbestellen!<\/a><\/div>\n\n\n\n<script type=\"text\/javascript\" src=\"https:\/\/widget.meineapotheke.de\/mea-chat-widget.js\" defer><\/script>\n<chat-widget pharmacy-id=\"10703613-bc89-4384-a97f-c88fedafb208\" shop-url=\"https:\/\/www.meineapotheke.de\/shop\/apotheke-in-rath-duesseldorf-40472\" primary-color=\"#98bf0c\" header=\"\" sub-header=\"\" show-chat-window=\"false\"><\/chat-widget>\n","protected":false},"excerpt":{"rendered":"<p>Unser Botendienst Schneller als jede Online-Apotheke Sie haben keine Zeit oder keine M\u00f6glichkeit, zu uns in die Apotheke zu kommen? Kein Problem, wir kommen zu Ihnen! Bestellen Sie bis 16:00 Uhr Ihr gew\u00fcnschtes Arzneimittel und unser Bote und Rather Urgestein Herr Kellermann liefert es Ihnen ab 17:30 Uhr nach Hause! All Ihre Fragen zu den [&hellip;]<\/p>\n","protected":false},"author":2,"featured_media":0,"parent":0,"menu_order":0,"comment_status":"closed","ping_status":"closed","template":"","meta":{"footnotes":""},"yoast_head":"<!-- This site is optimized with the Yoast SEO plugin v22.9 - https:\/\/yoast.com\/wordpress\/plugins\/seo\/ -->\n<title>Unser Botendienst - Apotheke in Rath<\/title>\n<meta name=\"robots\" content=\"index, follow, max-snippet:-1, max-image-preview:large, max-video-preview:-1\" \/>\n<link rel=\"canonical\" href=\"https:\/\/www.apothekeinrath.de\/start\/unser-botendienst\/\" \/>\n<meta property=\"og:locale\" content=\"de_DE\" \/>\n<meta property=\"og:type\" content=\"article\" \/>\n<meta property=\"og:title\" content=\"Unser Botendienst - Apotheke in Rath\" \/>\n<meta property=\"og:description\" content=\"Unser Botendienst Schneller als jede Online-Apotheke Sie haben keine Zeit oder keine M\u00f6glichkeit, zu uns in die Apotheke zu kommen? Kein Problem, wir kommen zu Ihnen! Bestellen Sie bis 16:00 Uhr Ihr gew\u00fcnschtes Arzneimittel und unser Bote und Rather Urgestein Herr Kellermann liefert es Ihnen ab 17:30 Uhr nach Hause! All Ihre Fragen zu den [&hellip;]\" \/>\n<meta property=\"og:url\" content=\"https:\/\/www.apothekeinrath.de\/start\/unser-botendienst\/\" \/>\n<meta property=\"og:site_name\" content=\"Apotheke in Rath\" \/>\n<meta property=\"article:modified_time\" content=\"2024-08-01T14:31:34+00:00\" \/>\n<meta property=\"og:image\" content=\"https:\/\/www.apothekeinrath.de\/wp-content\/uploads\/2024\/07\/Botenfahrzeug2-1024x768.jpeg\" \/>\n<meta name=\"twitter:card\" content=\"summary_large_image\" \/>\n<meta name=\"twitter:label1\" content=\"Gesch\u00e4tzte Lesezeit\" \/>\n\t<meta name=\"twitter:data1\" content=\"1\u00a0Minute\" \/>\n<script type=\"application\/ld+json\" class=\"yoast-schema-graph\">{\"@context\":\"https:\/\/schema.org\",\"@graph\":[{\"@type\":\"WebPage\",\"@id\":\"https:\/\/www.apothekeinrath.de\/start\/unser-botendienst\/\",\"url\":\"https:\/\/www.apothekeinrath.de\/start\/unser-botendienst\/\",\"name\":\"Unser Botendienst - Apotheke in Rath\",\"isPartOf\":{\"@id\":\"https:\/\/www.apothekeinrath.de\/start\/#website\"},\"primaryImageOfPage\":{\"@id\":\"https:\/\/www.apothekeinrath.de\/start\/unser-botendienst\/#primaryimage\"},\"image\":{\"@id\":\"https:\/\/www.apothekeinrath.de\/start\/unser-botendienst\/#primaryimage\"},\"thumbnailUrl\":\"https:\/\/www.apothekeinrath.de\/wp-content\/uploads\/2024\/07\/Botenfahrzeug2-1024x768.jpeg\",\"datePublished\":\"2018-11-21T16:20:09+00:00\",\"dateModified\":\"2024-08-01T14:31:34+00:00\",\"breadcrumb\":{\"@id\":\"https:\/\/www.apothekeinrath.de\/start\/unser-botendienst\/#breadcrumb\"},\"inLanguage\":\"de\",\"potentialAction\":[{\"@type\":\"ReadAction\",\"target\":[\"https:\/\/www.apothekeinrath.de\/start\/unser-botendienst\/\"]}]},{\"@type\":\"ImageObject\",\"inLanguage\":\"de\",\"@id\":\"https:\/\/www.apothekeinrath.de\/start\/unser-botendienst\/#primaryimage\",\"url\":\"https:\/\/www.apothekeinrath.de\/wp-content\/uploads\/2024\/07\/Botenfahrzeug2-1024x768.jpeg\",\"contentUrl\":\"https:\/\/www.apothekeinrath.de\/wp-content\/uploads\/2024\/07\/Botenfahrzeug2-1024x768.jpeg\"},{\"@type\":\"BreadcrumbList\",\"@id\":\"https:\/\/www.apothekeinrath.de\/start\/unser-botendienst\/#breadcrumb\",\"itemListElement\":[{\"@type\":\"ListItem\",\"position\":1,\"name\":\"Startseite\",\"item\":\"https:\/\/www.apothekeinrath.de\/start\/\"},{\"@type\":\"ListItem\",\"position\":2,\"name\":\"Unser Botendienst\"}]},{\"@type\":\"WebSite\",\"@id\":\"https:\/\/www.apothekeinrath.de\/start\/#website\",\"url\":\"https:\/\/www.apothekeinrath.de\/start\/\",\"name\":\"Apotheke in Rath\",\"description\":\"\",\"publisher\":{\"@id\":\"https:\/\/www.apothekeinrath.de\/start\/#organization\"},\"potentialAction\":[{\"@type\":\"SearchAction\",\"target\":{\"@type\":\"EntryPoint\",\"urlTemplate\":\"https:\/\/www.apothekeinrath.de\/start\/?s={search_term_string}\"},\"query-input\":\"required name=search_term_string\"}],\"inLanguage\":\"de\"},{\"@type\":\"Organization\",\"@id\":\"https:\/\/www.apothekeinrath.de\/start\/#organization\",\"name\":\"Apotheke in Rath\",\"url\":\"https:\/\/www.apothekeinrath.de\/start\/\",\"logo\":{\"@type\":\"ImageObject\",\"inLanguage\":\"de\",\"@id\":\"https:\/\/www.apothekeinrath.de\/start\/#\/schema\/logo\/image\/\",\"url\":\"https:\/\/www.apothekeinrath.de\/wp-content\/uploads\/2020\/03\/Apotheke-in-Rath-LOGO.png\",\"contentUrl\":\"https:\/\/www.apothekeinrath.de\/wp-content\/uploads\/2020\/03\/Apotheke-in-Rath-LOGO.png\",\"width\":650,\"height\":231,\"caption\":\"Apotheke in Rath\"},\"image\":{\"@id\":\"https:\/\/www.apothekeinrath.de\/start\/#\/schema\/logo\/image\/\"}}]}<\/script>\n<!-- \/ Yoast SEO plugin. -->","yoast_head_json":{"title":"Unser Botendienst - Apotheke in Rath","robots":{"index":"index","follow":"follow","max-snippet":"max-snippet:-1","max-image-preview":"max-image-preview:large","max-video-preview":"max-video-preview:-1"},"canonical":"https:\/\/www.apothekeinrath.de\/start\/unser-botendienst\/","og_locale":"de_DE","og_type":"article","og_title":"Unser Botendienst - Apotheke in Rath","og_description":"Unser Botendienst Schneller als jede Online-Apotheke Sie haben keine Zeit oder keine M\u00f6glichkeit, zu uns in die Apotheke zu kommen? Kein Problem, wir kommen zu Ihnen! Bestellen Sie bis 16:00 Uhr Ihr gew\u00fcnschtes Arzneimittel und unser Bote und Rather Urgestein Herr Kellermann liefert es Ihnen ab 17:30 Uhr nach Hause! All Ihre Fragen zu den [&hellip;]","og_url":"https:\/\/www.apothekeinrath.de\/start\/unser-botendienst\/","og_site_name":"Apotheke in Rath","article_modified_time":"2024-08-01T14:31:34+00:00","og_image":[{"url":"https:\/\/www.apothekeinrath.de\/wp-content\/uploads\/2024\/07\/Botenfahrzeug2-1024x768.jpeg"}],"twitter_card":"summary_large_image","twitter_misc":{"Gesch\u00e4tzte Lesezeit":"1\u00a0Minute"},"schema":{"@context":"https:\/\/schema.org","@graph":[{"@type":"WebPage","@id":"https:\/\/www.apothekeinrath.de\/start\/unser-botendienst\/","url":"https:\/\/www.apothekeinrath.de\/start\/unser-botendienst\/","name":"Unser Botendienst - Apotheke in Rath","isPartOf":{"@id":"https:\/\/www.apothekeinrath.de\/start\/#website"},"primaryImageOfPage":{"@id":"https:\/\/www.apothekeinrath.de\/start\/unser-botendienst\/#primaryimage"},"image":{"@id":"https:\/\/www.apothekeinrath.de\/start\/unser-botendienst\/#primaryimage"},"thumbnailUrl":"https:\/\/www.apothekeinrath.de\/wp-content\/uploads\/2024\/07\/Botenfahrzeug2-1024x768.jpeg","datePublished":"2018-11-21T16:20:09+00:00","dateModified":"2024-08-01T14:31:34+00:00","breadcrumb":{"@id":"https:\/\/www.apothekeinrath.de\/start\/unser-botendienst\/#breadcrumb"},"inLanguage":"de","potentialAction":[{"@type":"ReadAction","target":["https:\/\/www.apothekeinrath.de\/start\/unser-botendienst\/"]}]},{"@type":"ImageObject","inLanguage":"de","@id":"https:\/\/www.apothekeinrath.de\/start\/unser-botendienst\/#primaryimage","url":"https:\/\/www.apothekeinrath.de\/wp-content\/uploads\/2024\/07\/Botenfahrzeug2-1024x768.jpeg","contentUrl":"https:\/\/www.apothekeinrath.de\/wp-content\/uploads\/2024\/07\/Botenfahrzeug2-1024x768.jpeg"},{"@type":"BreadcrumbList","@id":"https:\/\/www.apothekeinrath.de\/start\/unser-botendienst\/#breadcrumb","itemListElement":[{"@type":"ListItem","position":1,"name":"Startseite","item":"https:\/\/www.apothekeinrath.de\/start\/"},{"@type":"ListItem","position":2,"name":"Unser Botendienst"}]},{"@type":"WebSite","@id":"https:\/\/www.apothekeinrath.de\/start\/#website","url":"https:\/\/www.apothekeinrath.de\/start\/","name":"Apotheke in Rath","description":"","publisher":{"@id":"https:\/\/www.apothekeinrath.de\/start\/#organization"},"potentialAction":[{"@type":"SearchAction","target":{"@type":"EntryPoint","urlTemplate":"https:\/\/www.apothekeinrath.de\/start\/?s={search_term_string}"},"query-input":"required name=search_term_string"}],"inLanguage":"de"},{"@type":"Organization","@id":"https:\/\/www.apothekeinrath.de\/start\/#organization","name":"Apotheke in Rath","url":"https:\/\/www.apothekeinrath.de\/start\/","logo":{"@type":"ImageObject","inLanguage":"de","@id":"https:\/\/www.apothekeinrath.de\/start\/#\/schema\/logo\/image\/","url":"https:\/\/www.apothekeinrath.de\/wp-content\/uploads\/2020\/03\/Apotheke-in-Rath-LOGO.png","contentUrl":"https:\/\/www.apothekeinrath.de\/wp-content\/uploads\/2020\/03\/Apotheke-in-Rath-LOGO.png","width":650,"height":231,"caption":"Apotheke in Rath"},"image":{"@id":"https:\/\/www.apothekeinrath.de\/start\/#\/schema\/logo\/image\/"}}]}},"_links":{"self":[{"href":"https:\/\/www.apothekeinrath.de\/start\/wp-json\/wp\/v2\/pages\/120"}],"collection":[{"href":"https:\/\/www.apothekeinrath.de\/start\/wp-json\/wp\/v2\/pages"}],"about":[{"href":"https:\/\/www.apothekeinrath.de\/start\/wp-json\/wp\/v2\/types\/page"}],"author":[{"embeddable":true,"href":"https:\/\/www.apothekeinrath.de\/start\/wp-json\/wp\/v2\/users\/2"}],"replies":[{"embeddable":true,"href":"https:\/\/www.apothekeinrath.de\/start\/wp-json\/wp\/v2\/comments?post=120"}],"version-history":[{"count":4,"href":"https:\/\/www.apothekeinrath.de\/start\/wp-json\/wp\/v2\/pages\/120\/revisions"}],"predecessor-version":[{"id":1325,"href":"https:\/\/www.apothekeinrath.de\/start\/wp-json\/wp\/v2\/pages\/120\/revisions\/1325"}],"wp:attachment":[{"href":"https:\/\/www.apothekeinrath.de\/start\/wp-json\/wp\/v2\/media?parent=120"}],"curies":[{"name":"wp","href":"https:\/\/api.w.org\/{rel}","templated":true}]}}