{"id":17,"date":"2018-11-19T13:48:56","date_gmt":"2018-11-19T12:48:56","guid":{"rendered":"http:\/\/www.wordpress.apothekeinrath.de\/?page_id=17"},"modified":"2024-08-01T16:19:15","modified_gmt":"2024-08-01T14:19:15","slug":"service","status":"publish","type":"page","link":"https:\/\/www.apothekeinrath.de\/start\/service\/","title":{"rendered":"Service"},"content":{"rendered":"\n<h2 class=\"wp-block-heading\">Service<\/h2>\n\n\n\n<p>Service und Qualit\u00e4t stehen bei uns an erster Stelle. So sind wir die <strong>einzige Apotheke<\/strong> <strong>in D\u00fcsseldorf-Rath<\/strong>, die sich diese Qualit\u00e4t auch regelm\u00e4\u00dfig von der Apothekerkammer Nordrhein zertifizieren l\u00e4sst. <\/p>\n\n\n\n<p><strong>Informieren Sie sich hier \u00fcber unsere Leistungen, Angebote und Ihre Vorteile.<\/strong><\/p>\n\n\n\n<div style=\"height:20px\" aria-hidden=\"true\" class=\"wp-block-spacer\"><\/div>\n\n\n\n<div class=\"wp-block-columns is-layout-flex wp-container-core-columns-is-layout-1 wp-block-columns-is-layout-flex\">\n<div class=\"wp-block-column is-layout-flow wp-block-column-is-layout-flow\">\n<figure class=\"wp-block-image size-full\"><a href=\"https:\/\/www.apothekeinrath.de\/start\/pharmazeutische-betreuung\/\"><img loading=\"lazy\" decoding=\"async\" width=\"1000\" height=\"650\" src=\"https:\/\/www.apothekeinrath.de\/wp-content\/uploads\/2024\/07\/01-01-pharmazeutische-betreuung.jpg\" alt=\"\" class=\"wp-image-1170\" srcset=\"https:\/\/www.apothekeinrath.de\/wp-content\/uploads\/2024\/07\/01-01-pharmazeutische-betreuung.jpg 1000w, https:\/\/www.apothekeinrath.de\/wp-content\/uploads\/2024\/07\/01-01-pharmazeutische-betreuung-300x195.jpg 300w, https:\/\/www.apothekeinrath.de\/wp-content\/uploads\/2024\/07\/01-01-pharmazeutische-betreuung-768x499.jpg 768w\" sizes=\"(max-width: 1000px) 100vw, 1000px\" \/><\/a><\/figure>\n\n\n\n<div style=\"height:20px\" aria-hidden=\"true\" class=\"wp-block-spacer\"><\/div>\n\n\n\n<figure class=\"wp-block-image size-full\"><a href=\"https:\/\/www.apothekeinrath.de\/start\/gesundheitschecks\/\"><img loading=\"lazy\" decoding=\"async\" width=\"1000\" height=\"650\" src=\"https:\/\/www.apothekeinrath.de\/wp-content\/uploads\/2024\/07\/04-04-gesundheitschecks.jpg\" alt=\"\" class=\"wp-image-1172\" srcset=\"https:\/\/www.apothekeinrath.de\/wp-content\/uploads\/2024\/07\/04-04-gesundheitschecks.jpg 1000w, https:\/\/www.apothekeinrath.de\/wp-content\/uploads\/2024\/07\/04-04-gesundheitschecks-300x195.jpg 300w, https:\/\/www.apothekeinrath.de\/wp-content\/uploads\/2024\/07\/04-04-gesundheitschecks-768x499.jpg 768w\" sizes=\"(max-width: 1000px) 100vw, 1000px\" \/><\/a><\/figure>\n\n\n\n<div style=\"height:20px\" aria-hidden=\"true\" class=\"wp-block-spacer\"><\/div>\n\n\n\n<figure class=\"wp-block-image size-full\"><a href=\"https:\/\/www.apothekeinrath.de\/start\/kompressionsstruempfe\/\"><img loading=\"lazy\" decoding=\"async\" width=\"1000\" height=\"650\" src=\"https:\/\/www.apothekeinrath.de\/wp-content\/uploads\/2024\/07\/07-07-kompression.jpg\" alt=\"\" class=\"wp-image-1175\" srcset=\"https:\/\/www.apothekeinrath.de\/wp-content\/uploads\/2024\/07\/07-07-kompression.jpg 1000w, https:\/\/www.apothekeinrath.de\/wp-content\/uploads\/2024\/07\/07-07-kompression-300x195.jpg 300w, https:\/\/www.apothekeinrath.de\/wp-content\/uploads\/2024\/07\/07-07-kompression-768x499.jpg 768w\" sizes=\"(max-width: 1000px) 100vw, 1000px\" \/><\/a><\/figure>\n\n\n\n<div style=\"height:20px\" aria-hidden=\"true\" class=\"wp-block-spacer\"><\/div>\n\n\n\n<figure class=\"wp-block-image size-full\"><a href=\"https:\/\/www.apothekeinrath.de\/start\/familienfreundlichkeit\/\"><img loading=\"lazy\" decoding=\"async\" width=\"1000\" height=\"650\" src=\"https:\/\/www.apothekeinrath.de\/wp-content\/uploads\/2024\/07\/11-familienfreundlichkeit.jpg\" alt=\"\" class=\"wp-image-1178\" srcset=\"https:\/\/www.apothekeinrath.de\/wp-content\/uploads\/2024\/07\/11-familienfreundlichkeit.jpg 1000w, https:\/\/www.apothekeinrath.de\/wp-content\/uploads\/2024\/07\/11-familienfreundlichkeit-300x195.jpg 300w, https:\/\/www.apothekeinrath.de\/wp-content\/uploads\/2024\/07\/11-familienfreundlichkeit-768x499.jpg 768w\" sizes=\"(max-width: 1000px) 100vw, 1000px\" \/><\/a><\/figure>\n<\/div>\n\n\n\n<div class=\"wp-block-column is-layout-flow wp-block-column-is-layout-flow\">\n<figure class=\"wp-block-image size-full\"><a href=\"https:\/\/www.apothekeinrath.de\/start\/kundenkarte\/\"><img loading=\"lazy\" decoding=\"async\" width=\"1000\" height=\"650\" src=\"https:\/\/www.apothekeinrath.de\/wp-content\/uploads\/2024\/07\/02-02-kundenkarte.jpg\" alt=\"\" class=\"wp-image-1171\" srcset=\"https:\/\/www.apothekeinrath.de\/wp-content\/uploads\/2024\/07\/02-02-kundenkarte.jpg 1000w, https:\/\/www.apothekeinrath.de\/wp-content\/uploads\/2024\/07\/02-02-kundenkarte-300x195.jpg 300w, https:\/\/www.apothekeinrath.de\/wp-content\/uploads\/2024\/07\/02-02-kundenkarte-768x499.jpg 768w\" sizes=\"(max-width: 1000px) 100vw, 1000px\" \/><\/a><\/figure>\n\n\n\n<div style=\"height:20px\" aria-hidden=\"true\" class=\"wp-block-spacer\"><\/div>\n\n\n\n<figure class=\"wp-block-image size-full\"><a href=\"https:\/\/www.apothekeinrath.de\/start\/pflegebetreuung\/\"><img loading=\"lazy\" decoding=\"async\" width=\"1000\" height=\"650\" src=\"https:\/\/www.apothekeinrath.de\/wp-content\/uploads\/2024\/07\/05-05-pflege.jpg\" alt=\"\" class=\"wp-image-1173\" srcset=\"https:\/\/www.apothekeinrath.de\/wp-content\/uploads\/2024\/07\/05-05-pflege.jpg 1000w, https:\/\/www.apothekeinrath.de\/wp-content\/uploads\/2024\/07\/05-05-pflege-300x195.jpg 300w, https:\/\/www.apothekeinrath.de\/wp-content\/uploads\/2024\/07\/05-05-pflege-768x499.jpg 768w\" sizes=\"(max-width: 1000px) 100vw, 1000px\" \/><\/a><\/figure>\n\n\n\n<div style=\"height:20px\" aria-hidden=\"true\" class=\"wp-block-spacer\"><\/div>\n\n\n\n<figure class=\"wp-block-image size-full\"><a href=\"https:\/\/www.apothekeinrath.de\/start\/fachvortraege-zeitschriften\/\"><img loading=\"lazy\" decoding=\"async\" width=\"1000\" height=\"650\" src=\"https:\/\/www.apothekeinrath.de\/wp-content\/uploads\/2024\/07\/09-09-fachzeitschriften.jpg\" alt=\"\" class=\"wp-image-1176\" srcset=\"https:\/\/www.apothekeinrath.de\/wp-content\/uploads\/2024\/07\/09-09-fachzeitschriften.jpg 1000w, https:\/\/www.apothekeinrath.de\/wp-content\/uploads\/2024\/07\/09-09-fachzeitschriften-300x195.jpg 300w, https:\/\/www.apothekeinrath.de\/wp-content\/uploads\/2024\/07\/09-09-fachzeitschriften-768x499.jpg 768w\" sizes=\"(max-width: 1000px) 100vw, 1000px\" \/><\/a><\/figure>\n\n\n\n<div style=\"height:20px\" aria-hidden=\"true\" class=\"wp-block-spacer\"><\/div>\n\n\n\n<figure class=\"wp-block-image size-full\"><a href=\"https:\/\/www.apothekeinrath.de\/start\/reiseapotheken-check\/\"><img loading=\"lazy\" decoding=\"async\" width=\"1000\" height=\"650\" src=\"https:\/\/www.apothekeinrath.de\/wp-content\/uploads\/2024\/07\/12-12-reiseaptohekencheck.jpg\" alt=\"\" class=\"wp-image-1179\" srcset=\"https:\/\/www.apothekeinrath.de\/wp-content\/uploads\/2024\/07\/12-12-reiseaptohekencheck.jpg 1000w, https:\/\/www.apothekeinrath.de\/wp-content\/uploads\/2024\/07\/12-12-reiseaptohekencheck-300x195.jpg 300w, https:\/\/www.apothekeinrath.de\/wp-content\/uploads\/2024\/07\/12-12-reiseaptohekencheck-768x499.jpg 768w\" sizes=\"(max-width: 1000px) 100vw, 1000px\" \/><\/a><\/figure>\n<\/div>\n\n\n\n<div class=\"wp-block-column is-layout-flow wp-block-column-is-layout-flow\">\n<figure class=\"wp-block-image size-full\"><a href=\"https:\/\/www.apothekeinrath.de\/start\/unser-botendienst\/\"><img loading=\"lazy\" decoding=\"async\" width=\"768\" height=\"499\" src=\"https:\/\/www.apothekeinrath.de\/wp-content\/uploads\/2024\/07\/03-03-bringdienst-768x499-1.jpg\" alt=\"\" class=\"wp-image-1153\" srcset=\"https:\/\/www.apothekeinrath.de\/wp-content\/uploads\/2024\/07\/03-03-bringdienst-768x499-1.jpg 768w, https:\/\/www.apothekeinrath.de\/wp-content\/uploads\/2024\/07\/03-03-bringdienst-768x499-1-300x195.jpg 300w\" sizes=\"(max-width: 768px) 100vw, 768px\" \/><\/a><\/figure>\n\n\n\n<div style=\"height:20px\" aria-hidden=\"true\" class=\"wp-block-spacer\"><\/div>\n\n\n\n<figure class=\"wp-block-image size-full\"><a href=\"https:\/\/www.apothekeinrath.de\/start\/geraeteverleih\/\"><img loading=\"lazy\" decoding=\"async\" width=\"1000\" height=\"650\" src=\"https:\/\/www.apothekeinrath.de\/wp-content\/uploads\/2024\/07\/06-06-geraeteverleih.jpg\" alt=\"\" class=\"wp-image-1174\" srcset=\"https:\/\/www.apothekeinrath.de\/wp-content\/uploads\/2024\/07\/06-06-geraeteverleih.jpg 1000w, https:\/\/www.apothekeinrath.de\/wp-content\/uploads\/2024\/07\/06-06-geraeteverleih-300x195.jpg 300w, https:\/\/www.apothekeinrath.de\/wp-content\/uploads\/2024\/07\/06-06-geraeteverleih-768x499.jpg 768w\" sizes=\"(max-width: 1000px) 100vw, 1000px\" \/><\/a><\/figure>\n\n\n\n<div style=\"height:20px\" aria-hidden=\"true\" class=\"wp-block-spacer\"><\/div>\n\n\n\n<figure class=\"wp-block-image size-full\"><a href=\"https:\/\/www.apothekeinrath.de\/start\/medizinische-pflege-und-kosmetik\/\"><img loading=\"lazy\" decoding=\"async\" width=\"1000\" height=\"650\" src=\"https:\/\/www.apothekeinrath.de\/wp-content\/uploads\/2024\/07\/10-10-kosmetik.jpg\" alt=\"\" class=\"wp-image-1177\" srcset=\"https:\/\/www.apothekeinrath.de\/wp-content\/uploads\/2024\/07\/10-10-kosmetik.jpg 1000w, https:\/\/www.apothekeinrath.de\/wp-content\/uploads\/2024\/07\/10-10-kosmetik-300x195.jpg 300w, https:\/\/www.apothekeinrath.de\/wp-content\/uploads\/2024\/07\/10-10-kosmetik-768x499.jpg 768w\" sizes=\"(max-width: 1000px) 100vw, 1000px\" \/><\/a><\/figure>\n\n\n\n<div style=\"height:20px\" aria-hidden=\"true\" class=\"wp-block-spacer\"><\/div>\n\n\n\n<figure class=\"wp-block-image size-full\"><a href=\"https:\/\/www.apothekeinrath.de\/start\/tax-free\/\"><img loading=\"lazy\" decoding=\"async\" width=\"1000\" height=\"650\" src=\"https:\/\/www.apothekeinrath.de\/wp-content\/uploads\/2024\/07\/taxfree.jpg\" alt=\"\" class=\"wp-image-1180\" srcset=\"https:\/\/www.apothekeinrath.de\/wp-content\/uploads\/2024\/07\/taxfree.jpg 1000w, https:\/\/www.apothekeinrath.de\/wp-content\/uploads\/2024\/07\/taxfree-300x195.jpg 300w, https:\/\/www.apothekeinrath.de\/wp-content\/uploads\/2024\/07\/taxfree-768x499.jpg 768w\" sizes=\"(max-width: 1000px) 100vw, 1000px\" \/><\/a><\/figure>\n<\/div>\n<\/div>\n","protected":false},"excerpt":{"rendered":"<p>Service Service und Qualit\u00e4t stehen bei uns an erster Stelle. So sind wir die einzige Apotheke in D\u00fcsseldorf-Rath, die sich diese Qualit\u00e4t auch regelm\u00e4\u00dfig von der Apothekerkammer Nordrhein zertifizieren l\u00e4sst. Informieren Sie sich hier \u00fcber unsere Leistungen, Angebote und Ihre Vorteile.<\/p>\n","protected":false},"author":2,"featured_media":0,"parent":0,"menu_order":0,"comment_status":"closed","ping_status":"closed","template":"","meta":{"footnotes":""},"yoast_head":"<!-- This site is optimized with the Yoast SEO plugin v22.9 - https:\/\/yoast.com\/wordpress\/plugins\/seo\/ -->\n<title>Service - Apotheke in Rath<\/title>\n<meta name=\"robots\" content=\"index, follow, max-snippet:-1, max-image-preview:large, max-video-preview:-1\" \/>\n<link rel=\"canonical\" href=\"https:\/\/www.apothekeinrath.de\/start\/service\/\" \/>\n<meta property=\"og:locale\" content=\"de_DE\" \/>\n<meta property=\"og:type\" content=\"article\" \/>\n<meta property=\"og:title\" content=\"Service - Apotheke in Rath\" \/>\n<meta property=\"og:description\" content=\"Service Service und Qualit\u00e4t stehen bei uns an erster Stelle. So sind wir die einzige Apotheke in D\u00fcsseldorf-Rath, die sich diese Qualit\u00e4t auch regelm\u00e4\u00dfig von der Apothekerkammer Nordrhein zertifizieren l\u00e4sst. Informieren Sie sich hier \u00fcber unsere Leistungen, Angebote und Ihre Vorteile.\" \/>\n<meta property=\"og:url\" content=\"https:\/\/www.apothekeinrath.de\/start\/service\/\" \/>\n<meta property=\"og:site_name\" content=\"Apotheke in Rath\" \/>\n<meta property=\"article:modified_time\" content=\"2024-08-01T14:19:15+00:00\" \/>\n<meta property=\"og:image\" content=\"https:\/\/www.apothekeinrath.de\/wp-content\/uploads\/2024\/07\/01-01-pharmazeutische-betreuung.jpg\" \/>\n<meta name=\"twitter:card\" content=\"summary_large_image\" \/>\n<meta name=\"twitter:label1\" content=\"Gesch\u00e4tzte Lesezeit\" \/>\n\t<meta name=\"twitter:data1\" content=\"3\u00a0Minuten\" \/>\n<script type=\"application\/ld+json\" class=\"yoast-schema-graph\">{\"@context\":\"https:\/\/schema.org\",\"@graph\":[{\"@type\":\"WebPage\",\"@id\":\"https:\/\/www.apothekeinrath.de\/start\/service\/\",\"url\":\"https:\/\/www.apothekeinrath.de\/start\/service\/\",\"name\":\"Service - Apotheke in Rath\",\"isPartOf\":{\"@id\":\"https:\/\/www.apothekeinrath.de\/start\/#website\"},\"primaryImageOfPage\":{\"@id\":\"https:\/\/www.apothekeinrath.de\/start\/service\/#primaryimage\"},\"image\":{\"@id\":\"https:\/\/www.apothekeinrath.de\/start\/service\/#primaryimage\"},\"thumbnailUrl\":\"https:\/\/www.apothekeinrath.de\/wp-content\/uploads\/2024\/07\/01-01-pharmazeutische-betreuung.jpg\",\"datePublished\":\"2018-11-19T12:48:56+00:00\",\"dateModified\":\"2024-08-01T14:19:15+00:00\",\"breadcrumb\":{\"@id\":\"https:\/\/www.apothekeinrath.de\/start\/service\/#breadcrumb\"},\"inLanguage\":\"de\",\"potentialAction\":[{\"@type\":\"ReadAction\",\"target\":[\"https:\/\/www.apothekeinrath.de\/start\/service\/\"]}]},{\"@type\":\"ImageObject\",\"inLanguage\":\"de\",\"@id\":\"https:\/\/www.apothekeinrath.de\/start\/service\/#primaryimage\",\"url\":\"https:\/\/www.apothekeinrath.de\/wp-content\/uploads\/2024\/07\/01-01-pharmazeutische-betreuung.jpg\",\"contentUrl\":\"https:\/\/www.apothekeinrath.de\/wp-content\/uploads\/2024\/07\/01-01-pharmazeutische-betreuung.jpg\"},{\"@type\":\"BreadcrumbList\",\"@id\":\"https:\/\/www.apothekeinrath.de\/start\/service\/#breadcrumb\",\"itemListElement\":[{\"@type\":\"ListItem\",\"position\":1,\"name\":\"Startseite\",\"item\":\"https:\/\/www.apothekeinrath.de\/start\/\"},{\"@type\":\"ListItem\",\"position\":2,\"name\":\"Service\"}]},{\"@type\":\"WebSite\",\"@id\":\"https:\/\/www.apothekeinrath.de\/start\/#website\",\"url\":\"https:\/\/www.apothekeinrath.de\/start\/\",\"name\":\"Apotheke in Rath\",\"description\":\"\",\"publisher\":{\"@id\":\"https:\/\/www.apothekeinrath.de\/start\/#organization\"},\"potentialAction\":[{\"@type\":\"SearchAction\",\"target\":{\"@type\":\"EntryPoint\",\"urlTemplate\":\"https:\/\/www.apothekeinrath.de\/start\/?s={search_term_string}\"},\"query-input\":\"required name=search_term_string\"}],\"inLanguage\":\"de\"},{\"@type\":\"Organization\",\"@id\":\"https:\/\/www.apothekeinrath.de\/start\/#organization\",\"name\":\"Apotheke in Rath\",\"url\":\"https:\/\/www.apothekeinrath.de\/start\/\",\"logo\":{\"@type\":\"ImageObject\",\"inLanguage\":\"de\",\"@id\":\"https:\/\/www.apothekeinrath.de\/start\/#\/schema\/logo\/image\/\",\"url\":\"https:\/\/www.apothekeinrath.de\/wp-content\/uploads\/2020\/03\/Apotheke-in-Rath-LOGO.png\",\"contentUrl\":\"https:\/\/www.apothekeinrath.de\/wp-content\/uploads\/2020\/03\/Apotheke-in-Rath-LOGO.png\",\"width\":650,\"height\":231,\"caption\":\"Apotheke in Rath\"},\"image\":{\"@id\":\"https:\/\/www.apothekeinrath.de\/start\/#\/schema\/logo\/image\/\"}}]}<\/script>\n<!-- \/ Yoast SEO plugin. -->","yoast_head_json":{"title":"Service - Apotheke in Rath","robots":{"index":"index","follow":"follow","max-snippet":"max-snippet:-1","max-image-preview":"max-image-preview:large","max-video-preview":"max-video-preview:-1"},"canonical":"https:\/\/www.apothekeinrath.de\/start\/service\/","og_locale":"de_DE","og_type":"article","og_title":"Service - Apotheke in Rath","og_description":"Service Service und Qualit\u00e4t stehen bei uns an erster Stelle. So sind wir die einzige Apotheke in D\u00fcsseldorf-Rath, die sich diese Qualit\u00e4t auch regelm\u00e4\u00dfig von der Apothekerkammer Nordrhein zertifizieren l\u00e4sst. Informieren Sie sich hier \u00fcber unsere Leistungen, Angebote und Ihre Vorteile.","og_url":"https:\/\/www.apothekeinrath.de\/start\/service\/","og_site_name":"Apotheke in Rath","article_modified_time":"2024-08-01T14:19:15+00:00","og_image":[{"url":"https:\/\/www.apothekeinrath.de\/wp-content\/uploads\/2024\/07\/01-01-pharmazeutische-betreuung.jpg"}],"twitter_card":"summary_large_image","twitter_misc":{"Gesch\u00e4tzte Lesezeit":"3\u00a0Minuten"},"schema":{"@context":"https:\/\/schema.org","@graph":[{"@type":"WebPage","@id":"https:\/\/www.apothekeinrath.de\/start\/service\/","url":"https:\/\/www.apothekeinrath.de\/start\/service\/","name":"Service - Apotheke in Rath","isPartOf":{"@id":"https:\/\/www.apothekeinrath.de\/start\/#website"},"primaryImageOfPage":{"@id":"https:\/\/www.apothekeinrath.de\/start\/service\/#primaryimage"},"image":{"@id":"https:\/\/www.apothekeinrath.de\/start\/service\/#primaryimage"},"thumbnailUrl":"https:\/\/www.apothekeinrath.de\/wp-content\/uploads\/2024\/07\/01-01-pharmazeutische-betreuung.jpg","datePublished":"2018-11-19T12:48:56+00:00","dateModified":"2024-08-01T14:19:15+00:00","breadcrumb":{"@id":"https:\/\/www.apothekeinrath.de\/start\/service\/#breadcrumb"},"inLanguage":"de","potentialAction":[{"@type":"ReadAction","target":["https:\/\/www.apothekeinrath.de\/start\/service\/"]}]},{"@type":"ImageObject","inLanguage":"de","@id":"https:\/\/www.apothekeinrath.de\/start\/service\/#primaryimage","url":"https:\/\/www.apothekeinrath.de\/wp-content\/uploads\/2024\/07\/01-01-pharmazeutische-betreuung.jpg","contentUrl":"https:\/\/www.apothekeinrath.de\/wp-content\/uploads\/2024\/07\/01-01-pharmazeutische-betreuung.jpg"},{"@type":"BreadcrumbList","@id":"https:\/\/www.apothekeinrath.de\/start\/service\/#breadcrumb","itemListElement":[{"@type":"ListItem","position":1,"name":"Startseite","item":"https:\/\/www.apothekeinrath.de\/start\/"},{"@type":"ListItem","position":2,"name":"Service"}]},{"@type":"WebSite","@id":"https:\/\/www.apothekeinrath.de\/start\/#website","url":"https:\/\/www.apothekeinrath.de\/start\/","name":"Apotheke in Rath","description":"","publisher":{"@id":"https:\/\/www.apothekeinrath.de\/start\/#organization"},"potentialAction":[{"@type":"SearchAction","target":{"@type":"EntryPoint","urlTemplate":"https:\/\/www.apothekeinrath.de\/start\/?s={search_term_string}"},"query-input":"required name=search_term_string"}],"inLanguage":"de"},{"@type":"Organization","@id":"https:\/\/www.apothekeinrath.de\/start\/#organization","name":"Apotheke in Rath","url":"https:\/\/www.apothekeinrath.de\/start\/","logo":{"@type":"ImageObject","inLanguage":"de","@id":"https:\/\/www.apothekeinrath.de\/start\/#\/schema\/logo\/image\/","url":"https:\/\/www.apothekeinrath.de\/wp-content\/uploads\/2020\/03\/Apotheke-in-Rath-LOGO.png","contentUrl":"https:\/\/www.apothekeinrath.de\/wp-content\/uploads\/2020\/03\/Apotheke-in-Rath-LOGO.png","width":650,"height":231,"caption":"Apotheke in Rath"},"image":{"@id":"https:\/\/www.apothekeinrath.de\/start\/#\/schema\/logo\/image\/"}}]}},"_links":{"self":[{"href":"https:\/\/www.apothekeinrath.de\/start\/wp-json\/wp\/v2\/pages\/17"}],"collection":[{"href":"https:\/\/www.apothekeinrath.de\/start\/wp-json\/wp\/v2\/pages"}],"about":[{"href":"https:\/\/www.apothekeinrath.de\/start\/wp-json\/wp\/v2\/types\/page"}],"author":[{"embeddable":true,"href":"https:\/\/www.apothekeinrath.de\/start\/wp-json\/wp\/v2\/users\/2"}],"replies":[{"embeddable":true,"href":"https:\/\/www.apothekeinrath.de\/start\/wp-json\/wp\/v2\/comments?post=17"}],"version-history":[{"count":4,"href":"https:\/\/www.apothekeinrath.de\/start\/wp-json\/wp\/v2\/pages\/17\/revisions"}],"predecessor-version":[{"id":1311,"href":"https:\/\/www.apothekeinrath.de\/start\/wp-json\/wp\/v2\/pages\/17\/revisions\/1311"}],"wp:attachment":[{"href":"https:\/\/www.apothekeinrath.de\/start\/wp-json\/wp\/v2\/media?parent=17"}],"curies":[{"name":"wp","href":"https:\/\/api.w.org\/{rel}","templated":true}]}}