{"id":248,"date":"2019-10-03T16:57:25","date_gmt":"2019-10-03T14:57:25","guid":{"rendered":"http:\/\/www.wordpress.apothekeinrath.de\/?page_id=248"},"modified":"2024-08-01T16:27:40","modified_gmt":"2024-08-01T14:27:40","slug":"team","status":"publish","type":"page","link":"https:\/\/www.apothekeinrath.de\/start\/team\/","title":{"rendered":"Team"},"content":{"rendered":"\n<h2 class=\"wp-block-heading\">Team<\/h2>\n\n\n\n<p>Das Team Ihrer Apotheke in Rath ist vielf\u00e4ltig. Wir beraten Sie, h\u00f6ren bei den gro\u00dfen und kleinen Problemen des Alltags zu und sind gern f\u00fcr Sie bei allen gesundheitlichen Fragen da.<\/p>\n\n\n<div class=\"wp-block-image\">\n<figure class=\"aligncenter size-large is-resized\"><img loading=\"lazy\" decoding=\"async\" width=\"1024\" height=\"683\" src=\"https:\/\/www.apothekeinrath.de\/wp-content\/uploads\/2024\/07\/IMG_9566-R-1-1024x683.jpg\" alt=\"\" class=\"wp-image-1209\" style=\"width:522px;height:auto\" srcset=\"https:\/\/www.apothekeinrath.de\/wp-content\/uploads\/2024\/07\/IMG_9566-R-1-1024x683.jpg 1024w, https:\/\/www.apothekeinrath.de\/wp-content\/uploads\/2024\/07\/IMG_9566-R-1-300x200.jpg 300w, https:\/\/www.apothekeinrath.de\/wp-content\/uploads\/2024\/07\/IMG_9566-R-1-768x512.jpg 768w, https:\/\/www.apothekeinrath.de\/wp-content\/uploads\/2024\/07\/IMG_9566-R-1-1536x1024.jpg 1536w, https:\/\/www.apothekeinrath.de\/wp-content\/uploads\/2024\/07\/IMG_9566-R-1-2048x1365.jpg 2048w\" sizes=\"(max-width: 1024px) 100vw, 1024px\" \/><figcaption class=\"wp-element-caption\">Im Jahr 1999 hat Apotheker Carsten Schmitz die Apotheke \u00fcbernommen.<\/figcaption><\/figure><\/div>\n\n\n<h4 class=\"wp-block-heading\">Wir sprechen:<\/h4>\n\n\n\n<div class=\"wp-block-group\"><div class=\"wp-block-group__inner-container is-layout-flow wp-block-group-is-layout-flow\">\n<div class=\"wp-block-group\"><div class=\"wp-block-group__inner-container is-layout-flow wp-block-group-is-layout-flow\">\n<div class=\"wp-block-group\"><div class=\"wp-block-group__inner-container is-layout-flow wp-block-group-is-layout-flow\">\n<div class=\"wp-block-columns is-layout-flex wp-container-core-columns-is-layout-1 wp-block-columns-is-layout-flex\">\n<div class=\"wp-block-column is-layout-flow wp-block-column-is-layout-flow\">\n<figure class=\"wp-block-image size-full\"><img loading=\"lazy\" decoding=\"async\" width=\"290\" height=\"174\" src=\"https:\/\/www.apothekeinrath.de\/wp-content\/uploads\/2024\/07\/Deutsch.png\" alt=\"\" class=\"wp-image-1191\"\/><figcaption class=\"wp-element-caption\">Deutsch<\/figcaption><\/figure>\n\n\n\n<figure class=\"wp-block-image size-full\"><img loading=\"lazy\" decoding=\"async\" width=\"1024\" height=\"512\" src=\"https:\/\/www.apothekeinrath.de\/wp-content\/uploads\/2024\/07\/Kroatien.png\" alt=\"\" class=\"wp-image-1196\" srcset=\"https:\/\/www.apothekeinrath.de\/wp-content\/uploads\/2024\/07\/Kroatien.png 1024w, https:\/\/www.apothekeinrath.de\/wp-content\/uploads\/2024\/07\/Kroatien-300x150.png 300w, https:\/\/www.apothekeinrath.de\/wp-content\/uploads\/2024\/07\/Kroatien-768x384.png 768w\" sizes=\"(max-width: 1024px) 100vw, 1024px\" \/><figcaption class=\"wp-element-caption\">Kroatisch<\/figcaption><\/figure>\n\n\n\n<p><\/p>\n<\/div>\n\n\n\n<div class=\"wp-block-column is-layout-flow wp-block-column-is-layout-flow\">\n<figure class=\"wp-block-image size-large\"><img loading=\"lazy\" decoding=\"async\" width=\"1024\" height=\"614\" src=\"https:\/\/www.apothekeinrath.de\/wp-content\/uploads\/2024\/07\/Englisch-1024x614.png\" alt=\"\" class=\"wp-image-1192\" srcset=\"https:\/\/www.apothekeinrath.de\/wp-content\/uploads\/2024\/07\/Englisch-1024x614.png 1024w, https:\/\/www.apothekeinrath.de\/wp-content\/uploads\/2024\/07\/Englisch-300x180.png 300w, https:\/\/www.apothekeinrath.de\/wp-content\/uploads\/2024\/07\/Englisch-768x461.png 768w, https:\/\/www.apothekeinrath.de\/wp-content\/uploads\/2024\/07\/Englisch-1536x922.png 1536w, https:\/\/www.apothekeinrath.de\/wp-content\/uploads\/2024\/07\/Englisch-2048x1229.png 2048w\" sizes=\"(max-width: 1024px) 100vw, 1024px\" \/><figcaption class=\"wp-element-caption\">Englisch<\/figcaption><\/figure>\n\n\n\n<figure class=\"wp-block-image size-full\"><img loading=\"lazy\" decoding=\"async\" width=\"275\" height=\"183\" src=\"https:\/\/www.apothekeinrath.de\/wp-content\/uploads\/2024\/07\/turkey.png\" alt=\"\" class=\"wp-image-1197\"\/><figcaption class=\"wp-element-caption\">T\u00fcrkisch<\/figcaption><\/figure>\n<\/div>\n\n\n\n<div class=\"wp-block-column is-layout-flow wp-block-column-is-layout-flow\">\n<figure class=\"wp-block-image size-large is-resized\"><img loading=\"lazy\" decoding=\"async\" width=\"1024\" height=\"683\" src=\"https:\/\/www.apothekeinrath.de\/wp-content\/uploads\/2024\/07\/Flag_of_Russia.svg_-1024x683.png\" alt=\"\" class=\"wp-image-1193\" style=\"width:189px;height:auto\" srcset=\"https:\/\/www.apothekeinrath.de\/wp-content\/uploads\/2024\/07\/Flag_of_Russia.svg_-1024x683.png 1024w, https:\/\/www.apothekeinrath.de\/wp-content\/uploads\/2024\/07\/Flag_of_Russia.svg_-300x200.png 300w, https:\/\/www.apothekeinrath.de\/wp-content\/uploads\/2024\/07\/Flag_of_Russia.svg_-768x512.png 768w, https:\/\/www.apothekeinrath.de\/wp-content\/uploads\/2024\/07\/Flag_of_Russia.svg_.png 1200w\" sizes=\"(max-width: 1024px) 100vw, 1024px\" \/><figcaption class=\"wp-element-caption\">Russisch<\/figcaption><\/figure>\n\n\n\n<figure class=\"wp-block-image size-full is-style-default\"><img loading=\"lazy\" decoding=\"async\" width=\"275\" height=\"183\" src=\"https:\/\/www.apothekeinrath.de\/wp-content\/uploads\/2024\/07\/serbia.png\" alt=\"\" class=\"wp-image-1198\"\/><figcaption class=\"wp-element-caption\">Serbisch<\/figcaption><\/figure>\n<\/div>\n\n\n\n<div class=\"wp-block-column is-layout-flow wp-block-column-is-layout-flow\">\n<figure class=\"wp-block-image size-large is-resized\"><img loading=\"lazy\" decoding=\"async\" width=\"1024\" height=\"512\" src=\"https:\/\/www.apothekeinrath.de\/wp-content\/uploads\/2024\/07\/Flag_of_Bosnia_and_Herzegovina.svg_-1024x512.png\" alt=\"\" class=\"wp-image-1194\" style=\"width:205px;height:auto\" srcset=\"https:\/\/www.apothekeinrath.de\/wp-content\/uploads\/2024\/07\/Flag_of_Bosnia_and_Herzegovina.svg_-1024x512.png 1024w, https:\/\/www.apothekeinrath.de\/wp-content\/uploads\/2024\/07\/Flag_of_Bosnia_and_Herzegovina.svg_-300x150.png 300w, https:\/\/www.apothekeinrath.de\/wp-content\/uploads\/2024\/07\/Flag_of_Bosnia_and_Herzegovina.svg_-768x384.png 768w, https:\/\/www.apothekeinrath.de\/wp-content\/uploads\/2024\/07\/Flag_of_Bosnia_and_Herzegovina.svg_.png 1280w\" sizes=\"(max-width: 1024px) 100vw, 1024px\" \/><figcaption class=\"wp-element-caption\">Bosnisch<\/figcaption><\/figure>\n<\/div>\n<\/div>\n<\/div><\/div>\n<\/div><\/div>\n<\/div><\/div>\n\n\n\n<div class=\"wp-block-group\"><div class=\"wp-block-group__inner-container is-layout-flow wp-block-group-is-layout-flow\"><\/div><\/div>\n\n\n\n<div class=\"wp-block-columns is-layout-flex wp-container-core-columns-is-layout-2 wp-block-columns-is-layout-flex\">\n<div class=\"wp-block-column is-layout-flow wp-block-column-is-layout-flow\">\n<p><\/p>\n<\/div>\n\n\n\n<div class=\"wp-block-column is-layout-flow wp-block-column-is-layout-flow\"><\/div>\n\n\n\n<div class=\"wp-block-column is-layout-flow wp-block-column-is-layout-flow\"><\/div>\n<\/div>\n\n\n\n<script type=\"text\/javascript\" src=\"https:\/\/widget.meineapotheke.de\/mea-chat-widget.js\" defer><\/script>\n<chat-widget pharmacy-id=\"10703613-bc89-4384-a97f-c88fedafb208\" shop-url=\"https:\/\/www.meineapotheke.de\/shop\/apotheke-in-rath-duesseldorf-40472\" primary-color=\"#98bf0c\" header=\"\" sub-header=\"\" show-chat-window=\"false\"><\/chat-widget>\n\n\n\n<p><\/p>\n","protected":false},"excerpt":{"rendered":"<p>Team Das Team Ihrer Apotheke in Rath ist vielf\u00e4ltig. Wir beraten Sie, h\u00f6ren bei den gro\u00dfen und kleinen Problemen des Alltags zu und sind gern f\u00fcr Sie bei allen gesundheitlichen Fragen da. Wir sprechen:<\/p>\n","protected":false},"author":2,"featured_media":0,"parent":0,"menu_order":0,"comment_status":"closed","ping_status":"closed","template":"","meta":{"footnotes":""},"yoast_head":"<!-- This site is optimized with the Yoast SEO plugin v22.9 - https:\/\/yoast.com\/wordpress\/plugins\/seo\/ -->\n<title>Team - Apotheke in Rath<\/title>\n<meta name=\"robots\" content=\"index, follow, max-snippet:-1, max-image-preview:large, max-video-preview:-1\" \/>\n<link rel=\"canonical\" href=\"https:\/\/www.apothekeinrath.de\/start\/team\/\" \/>\n<meta property=\"og:locale\" content=\"de_DE\" \/>\n<meta property=\"og:type\" content=\"article\" \/>\n<meta property=\"og:title\" content=\"Team - Apotheke in Rath\" \/>\n<meta property=\"og:description\" content=\"Team Das Team Ihrer Apotheke in Rath ist vielf\u00e4ltig. Wir beraten Sie, h\u00f6ren bei den gro\u00dfen und kleinen Problemen des Alltags zu und sind gern f\u00fcr Sie bei allen gesundheitlichen Fragen da. Wir sprechen:\" \/>\n<meta property=\"og:url\" content=\"https:\/\/www.apothekeinrath.de\/start\/team\/\" \/>\n<meta property=\"og:site_name\" content=\"Apotheke in Rath\" \/>\n<meta property=\"article:modified_time\" content=\"2024-08-01T14:27:40+00:00\" \/>\n<meta property=\"og:image\" content=\"https:\/\/www.apothekeinrath.de\/wp-content\/uploads\/2024\/07\/IMG_9566-R-1-1024x683.jpg\" \/>\n<meta name=\"twitter:card\" content=\"summary_large_image\" \/>\n<meta name=\"twitter:label1\" content=\"Gesch\u00e4tzte Lesezeit\" \/>\n\t<meta name=\"twitter:data1\" content=\"2\u00a0Minuten\" \/>\n<script type=\"application\/ld+json\" class=\"yoast-schema-graph\">{\"@context\":\"https:\/\/schema.org\",\"@graph\":[{\"@type\":\"WebPage\",\"@id\":\"https:\/\/www.apothekeinrath.de\/start\/team\/\",\"url\":\"https:\/\/www.apothekeinrath.de\/start\/team\/\",\"name\":\"Team - Apotheke in Rath\",\"isPartOf\":{\"@id\":\"https:\/\/www.apothekeinrath.de\/start\/#website\"},\"primaryImageOfPage\":{\"@id\":\"https:\/\/www.apothekeinrath.de\/start\/team\/#primaryimage\"},\"image\":{\"@id\":\"https:\/\/www.apothekeinrath.de\/start\/team\/#primaryimage\"},\"thumbnailUrl\":\"https:\/\/www.apothekeinrath.de\/wp-content\/uploads\/2024\/07\/IMG_9566-R-1-1024x683.jpg\",\"datePublished\":\"2019-10-03T14:57:25+00:00\",\"dateModified\":\"2024-08-01T14:27:40+00:00\",\"breadcrumb\":{\"@id\":\"https:\/\/www.apothekeinrath.de\/start\/team\/#breadcrumb\"},\"inLanguage\":\"de\",\"potentialAction\":[{\"@type\":\"ReadAction\",\"target\":[\"https:\/\/www.apothekeinrath.de\/start\/team\/\"]}]},{\"@type\":\"ImageObject\",\"inLanguage\":\"de\",\"@id\":\"https:\/\/www.apothekeinrath.de\/start\/team\/#primaryimage\",\"url\":\"https:\/\/www.apothekeinrath.de\/wp-content\/uploads\/2024\/07\/IMG_9566-R-1-1024x683.jpg\",\"contentUrl\":\"https:\/\/www.apothekeinrath.de\/wp-content\/uploads\/2024\/07\/IMG_9566-R-1-1024x683.jpg\"},{\"@type\":\"BreadcrumbList\",\"@id\":\"https:\/\/www.apothekeinrath.de\/start\/team\/#breadcrumb\",\"itemListElement\":[{\"@type\":\"ListItem\",\"position\":1,\"name\":\"Startseite\",\"item\":\"https:\/\/www.apothekeinrath.de\/start\/\"},{\"@type\":\"ListItem\",\"position\":2,\"name\":\"Team\"}]},{\"@type\":\"WebSite\",\"@id\":\"https:\/\/www.apothekeinrath.de\/start\/#website\",\"url\":\"https:\/\/www.apothekeinrath.de\/start\/\",\"name\":\"Apotheke in Rath\",\"description\":\"\",\"publisher\":{\"@id\":\"https:\/\/www.apothekeinrath.de\/start\/#organization\"},\"potentialAction\":[{\"@type\":\"SearchAction\",\"target\":{\"@type\":\"EntryPoint\",\"urlTemplate\":\"https:\/\/www.apothekeinrath.de\/start\/?s={search_term_string}\"},\"query-input\":\"required name=search_term_string\"}],\"inLanguage\":\"de\"},{\"@type\":\"Organization\",\"@id\":\"https:\/\/www.apothekeinrath.de\/start\/#organization\",\"name\":\"Apotheke in Rath\",\"url\":\"https:\/\/www.apothekeinrath.de\/start\/\",\"logo\":{\"@type\":\"ImageObject\",\"inLanguage\":\"de\",\"@id\":\"https:\/\/www.apothekeinrath.de\/start\/#\/schema\/logo\/image\/\",\"url\":\"https:\/\/www.apothekeinrath.de\/wp-content\/uploads\/2020\/03\/Apotheke-in-Rath-LOGO.png\",\"contentUrl\":\"https:\/\/www.apothekeinrath.de\/wp-content\/uploads\/2020\/03\/Apotheke-in-Rath-LOGO.png\",\"width\":650,\"height\":231,\"caption\":\"Apotheke in Rath\"},\"image\":{\"@id\":\"https:\/\/www.apothekeinrath.de\/start\/#\/schema\/logo\/image\/\"}}]}<\/script>\n<!-- \/ Yoast SEO plugin. -->","yoast_head_json":{"title":"Team - Apotheke in Rath","robots":{"index":"index","follow":"follow","max-snippet":"max-snippet:-1","max-image-preview":"max-image-preview:large","max-video-preview":"max-video-preview:-1"},"canonical":"https:\/\/www.apothekeinrath.de\/start\/team\/","og_locale":"de_DE","og_type":"article","og_title":"Team - Apotheke in Rath","og_description":"Team Das Team Ihrer Apotheke in Rath ist vielf\u00e4ltig. Wir beraten Sie, h\u00f6ren bei den gro\u00dfen und kleinen Problemen des Alltags zu und sind gern f\u00fcr Sie bei allen gesundheitlichen Fragen da. Wir sprechen:","og_url":"https:\/\/www.apothekeinrath.de\/start\/team\/","og_site_name":"Apotheke in Rath","article_modified_time":"2024-08-01T14:27:40+00:00","og_image":[{"url":"https:\/\/www.apothekeinrath.de\/wp-content\/uploads\/2024\/07\/IMG_9566-R-1-1024x683.jpg"}],"twitter_card":"summary_large_image","twitter_misc":{"Gesch\u00e4tzte Lesezeit":"2\u00a0Minuten"},"schema":{"@context":"https:\/\/schema.org","@graph":[{"@type":"WebPage","@id":"https:\/\/www.apothekeinrath.de\/start\/team\/","url":"https:\/\/www.apothekeinrath.de\/start\/team\/","name":"Team - Apotheke in Rath","isPartOf":{"@id":"https:\/\/www.apothekeinrath.de\/start\/#website"},"primaryImageOfPage":{"@id":"https:\/\/www.apothekeinrath.de\/start\/team\/#primaryimage"},"image":{"@id":"https:\/\/www.apothekeinrath.de\/start\/team\/#primaryimage"},"thumbnailUrl":"https:\/\/www.apothekeinrath.de\/wp-content\/uploads\/2024\/07\/IMG_9566-R-1-1024x683.jpg","datePublished":"2019-10-03T14:57:25+00:00","dateModified":"2024-08-01T14:27:40+00:00","breadcrumb":{"@id":"https:\/\/www.apothekeinrath.de\/start\/team\/#breadcrumb"},"inLanguage":"de","potentialAction":[{"@type":"ReadAction","target":["https:\/\/www.apothekeinrath.de\/start\/team\/"]}]},{"@type":"ImageObject","inLanguage":"de","@id":"https:\/\/www.apothekeinrath.de\/start\/team\/#primaryimage","url":"https:\/\/www.apothekeinrath.de\/wp-content\/uploads\/2024\/07\/IMG_9566-R-1-1024x683.jpg","contentUrl":"https:\/\/www.apothekeinrath.de\/wp-content\/uploads\/2024\/07\/IMG_9566-R-1-1024x683.jpg"},{"@type":"BreadcrumbList","@id":"https:\/\/www.apothekeinrath.de\/start\/team\/#breadcrumb","itemListElement":[{"@type":"ListItem","position":1,"name":"Startseite","item":"https:\/\/www.apothekeinrath.de\/start\/"},{"@type":"ListItem","position":2,"name":"Team"}]},{"@type":"WebSite","@id":"https:\/\/www.apothekeinrath.de\/start\/#website","url":"https:\/\/www.apothekeinrath.de\/start\/","name":"Apotheke in Rath","description":"","publisher":{"@id":"https:\/\/www.apothekeinrath.de\/start\/#organization"},"potentialAction":[{"@type":"SearchAction","target":{"@type":"EntryPoint","urlTemplate":"https:\/\/www.apothekeinrath.de\/start\/?s={search_term_string}"},"query-input":"required name=search_term_string"}],"inLanguage":"de"},{"@type":"Organization","@id":"https:\/\/www.apothekeinrath.de\/start\/#organization","name":"Apotheke in Rath","url":"https:\/\/www.apothekeinrath.de\/start\/","logo":{"@type":"ImageObject","inLanguage":"de","@id":"https:\/\/www.apothekeinrath.de\/start\/#\/schema\/logo\/image\/","url":"https:\/\/www.apothekeinrath.de\/wp-content\/uploads\/2020\/03\/Apotheke-in-Rath-LOGO.png","contentUrl":"https:\/\/www.apothekeinrath.de\/wp-content\/uploads\/2020\/03\/Apotheke-in-Rath-LOGO.png","width":650,"height":231,"caption":"Apotheke in Rath"},"image":{"@id":"https:\/\/www.apothekeinrath.de\/start\/#\/schema\/logo\/image\/"}}]}},"_links":{"self":[{"href":"https:\/\/www.apothekeinrath.de\/start\/wp-json\/wp\/v2\/pages\/248"}],"collection":[{"href":"https:\/\/www.apothekeinrath.de\/start\/wp-json\/wp\/v2\/pages"}],"about":[{"href":"https:\/\/www.apothekeinrath.de\/start\/wp-json\/wp\/v2\/types\/page"}],"author":[{"embeddable":true,"href":"https:\/\/www.apothekeinrath.de\/start\/wp-json\/wp\/v2\/users\/2"}],"replies":[{"embeddable":true,"href":"https:\/\/www.apothekeinrath.de\/start\/wp-json\/wp\/v2\/comments?post=248"}],"version-history":[{"count":4,"href":"https:\/\/www.apothekeinrath.de\/start\/wp-json\/wp\/v2\/pages\/248\/revisions"}],"predecessor-version":[{"id":1318,"href":"https:\/\/www.apothekeinrath.de\/start\/wp-json\/wp\/v2\/pages\/248\/revisions\/1318"}],"wp:attachment":[{"href":"https:\/\/www.apothekeinrath.de\/start\/wp-json\/wp\/v2\/media?parent=248"}],"curies":[{"name":"wp","href":"https:\/\/api.w.org\/{rel}","templated":true}]}}