{"id":353,"date":"2019-12-03T13:26:30","date_gmt":"2019-12-03T12:26:30","guid":{"rendered":"http:\/\/www.wordpress.apothekeinrath.de\/?page_id=353"},"modified":"2024-12-08T19:41:24","modified_gmt":"2024-12-08T18:41:24","slug":"vorbestellung","status":"publish","type":"page","link":"https:\/\/www.apothekeinrath.de\/start\/vorbestellung\/","title":{"rendered":"Vorbestellung"},"content":{"rendered":"\n<h2 class=\"wp-block-heading\">Vorbestellung<\/h2>\n\n\n\n<p>Sie k\u00f6nnen entweder \u00fcber das untenstehende <strong>Formular<\/strong> oder \u00fcber die <strong>Ihre Apotheken-App<\/strong> Medikamente bei uns vorbestellen. Wir zeigen Ihnen wie es geht:<\/p>\n\n\n\n<div class=\"wp-block-columns is-layout-flex wp-container-core-columns-is-layout-2 wp-block-columns-is-layout-flex\">\n<div class=\"wp-block-column is-layout-flow wp-block-column-is-layout-flow\">\n<h4 class=\"wp-block-heading\">Formular<\/h4>\n\n\n\n<p>\u00dcber das untenstehende Formular k\u00f6nnen Sie ein Foto Ihres Rezeptes bei uns hochladen und wir bereiten alles f\u00fcr Ihre Abholung am n\u00e4chsten Werktag vor.<\/p>\n\n\n\n<p>Sollten Sie unseren <a href=\"https:\/\/www.apothekeinrath.de\/start\/unser-botendienst\/\">Botendienst <\/a>nutzen wollen oder das Medikament so schnell wie m\u00f6glich ben\u00f6tigen, geben Sie bitte Ihre Telefonnummer an. Unser kompetentes Team kann Sie so ausf\u00fchrlich beraten oder Ihnen ganz unkompliziert den n\u00e4chstm\u00f6glichen Abholtermin nennen.<\/p>\n\n\n\n<div class=\"wpcf7 no-js\" id=\"wpcf7-f356-o1\" lang=\"de-DE\" dir=\"ltr\">\n<div class=\"screen-reader-response\"><p role=\"status\" aria-live=\"polite\" aria-atomic=\"true\"><\/p> <ul><\/ul><\/div>\n<form action=\"\/start\/wp-json\/wp\/v2\/pages\/353#wpcf7-f356-o1\" method=\"post\" class=\"wpcf7-form init\" aria-label=\"Kontaktformular\" enctype=\"multipart\/form-data\" novalidate=\"novalidate\" data-status=\"init\">\n<div style=\"display: none;\">\n<input type=\"hidden\" name=\"_wpcf7\" value=\"356\" \/>\n<input type=\"hidden\" name=\"_wpcf7_version\" value=\"5.9.6\" \/>\n<input type=\"hidden\" name=\"_wpcf7_locale\" value=\"de_DE\" \/>\n<input type=\"hidden\" name=\"_wpcf7_unit_tag\" value=\"wpcf7-f356-o1\" \/>\n<input type=\"hidden\" name=\"_wpcf7_container_post\" value=\"0\" \/>\n<input type=\"hidden\" name=\"_wpcf7_posted_data_hash\" value=\"\" \/>\n<\/div>\n<label> Ihr Name (Pflichtfeld)\n    <span class=\"wpcf7-form-control-wrap\" data-name=\"your-name\"><input size=\"40\" maxlength=\"80\" class=\"wpcf7-form-control wpcf7-text wpcf7-validates-as-required\" aria-required=\"true\" aria-invalid=\"false\" value=\"\" type=\"text\" name=\"your-name\" \/><\/span> <\/label><br>\n\n<label> Ihre E-Mail-Adresse (Pflichtfeld)\n    <span class=\"wpcf7-form-control-wrap\" data-name=\"your-email\"><input size=\"40\" maxlength=\"80\" class=\"wpcf7-form-control wpcf7-email wpcf7-validates-as-required wpcf7-text wpcf7-validates-as-email\" aria-required=\"true\" aria-invalid=\"false\" value=\"\" type=\"email\" name=\"your-email\" \/><\/span> <\/label><br>\n\n<label> Ihre Telefonnummer (f\u00fcr R\u00fcckrufe)\n<span class=\"wpcf7-form-control-wrap\" data-name=\"IhreTelefonnummer\"><input size=\"40\" maxlength=\"80\" class=\"wpcf7-form-control wpcf7-tel wpcf7-text wpcf7-validates-as-tel\" aria-invalid=\"false\" value=\"\" type=\"tel\" name=\"IhreTelefonnummer\" \/><\/span> <\/label><br>\n\n<label> Betreff\n    <span class=\"wpcf7-form-control-wrap\" data-name=\"your-subject\"><input size=\"40\" maxlength=\"80\" class=\"wpcf7-form-control wpcf7-text\" aria-invalid=\"false\" value=\"\" type=\"text\" name=\"your-subject\" \/><\/span> <\/label><br>\n\n<label> Ihre Vorbestellung (optional)\n    <span class=\"wpcf7-form-control-wrap\" data-name=\"your-message\"><textarea cols=\"40\" rows=\"10\" maxlength=\"400\" class=\"wpcf7-form-control wpcf7-textarea\" aria-invalid=\"false\" name=\"your-message\"><\/textarea><\/span> <\/label><br>\n\n<label> Rezept hochladen\n<span class=\"wpcf7-form-control-wrap\" data-name=\"Rezeptupload\"><input size=\"40\" class=\"wpcf7-form-control wpcf7-file\" accept=\".jpg,.png,.pdf\" aria-invalid=\"false\" type=\"file\" name=\"Rezeptupload\" \/><\/span>\nErlaubte Dateiformate: jpg, png, pdf, max. 10 MB <\/label><br>\n\n<label> Die <a href=\"http:\/\/www.apothekeinrath.de\/datenschutzerklaerung\/\">Datenschutzerkl\u00e4rung<\/a> habe ich zur Kenntnis genommen \n <span class=\"wpcf7-form-control-wrap\" data-name=\"Datenschutz\"><span class=\"wpcf7-form-control wpcf7-acceptance\"><span class=\"wpcf7-list-item\"><input type=\"checkbox\" name=\"Datenschutz\" value=\"1\" aria-invalid=\"false\" \/><\/span><\/span><\/span> <\/label><br>\n\n<input class=\"wpcf7-form-control wpcf7-submit has-spinner\" type=\"submit\" value=\"Senden\" \/><p style=\"display: none !important;\" class=\"akismet-fields-container\" data-prefix=\"_wpcf7_ak_\"><label>&#916;<textarea name=\"_wpcf7_ak_hp_textarea\" cols=\"45\" rows=\"8\" maxlength=\"100\"><\/textarea><\/label><input type=\"hidden\" id=\"ak_js_1\" name=\"_wpcf7_ak_js\" value=\"96\"\/><script>document.getElementById( \"ak_js_1\" ).setAttribute( \"value\", ( new Date() ).getTime() );<\/script><\/p><input type='hidden' class='wpcf7-pum' value='{\"closepopup\":false,\"closedelay\":0,\"openpopup\":false,\"openpopup_id\":0}' \/><div class=\"wpcf7-response-output\" aria-hidden=\"true\"><\/div>\n<\/form>\n<\/div>\n\n<\/div>\n\n\n\n<div class=\"wp-block-column is-layout-flow wp-block-column-is-layout-flow\">\n<h4 class=\"wp-block-heading\">Ihre Apotheken-App<\/h4>\n\n\n\n<p>Laden Sie die <strong>Ihre Apotheken-App<\/strong> einfach \u00fcber <a href=\"https:\/\/ihreapotheken.de\/app-download\">diesen Link<\/a> oder mithilfe des QR-Codes herunter und geben Sie die Apotheke in Rath als Ihre Stammapotheke an. Schon k\u00f6nnen Sie die gew\u00fcnschten Medikamente bei uns vorbestellen oder Ihre Rezeptfotos hochladen. Es ist ebenfalls m\u00f6glich, mithilfe der App die <strong>E-Rezepte<\/strong> auf Ihrer Krankenkassenkarte auszulesen! Folgen Sie daf\u00fcr einfach den Hinweisen in der App.<\/p>\n\n\n\n<p><\/p>\n\n\n\n<div class=\"wp-block-columns is-layout-flex wp-container-core-columns-is-layout-1 wp-block-columns-is-layout-flex\">\n<div class=\"wp-block-column is-layout-flow wp-block-column-is-layout-flow\">\n<figure class=\"wp-block-image size-full is-resized\"><img loading=\"lazy\" decoding=\"async\" width=\"300\" height=\"300\" src=\"https:\/\/www.apothekeinrath.de\/wp-content\/uploads\/2024\/12\/QRCodeIA.png\" alt=\"\" class=\"wp-image-1359\" style=\"width:148px;height:auto\" srcset=\"https:\/\/www.apothekeinrath.de\/wp-content\/uploads\/2024\/12\/QRCodeIA.png 300w, https:\/\/www.apothekeinrath.de\/wp-content\/uploads\/2024\/12\/QRCodeIA-150x150.png 150w\" sizes=\"(max-width: 300px) 100vw, 300px\" \/><\/figure>\n<\/div>\n\n\n\n<div class=\"wp-block-column is-layout-flow wp-block-column-is-layout-flow\">\n<figure class=\"wp-block-image size-full is-resized\"><img loading=\"lazy\" decoding=\"async\" width=\"240\" height=\"240\" src=\"https:\/\/www.apothekeinrath.de\/wp-content\/uploads\/2024\/12\/IhreApothekenApp.png\" alt=\"\" class=\"wp-image-1356\" style=\"width:143px;height:auto\" srcset=\"https:\/\/www.apothekeinrath.de\/wp-content\/uploads\/2024\/12\/IhreApothekenApp.png 240w, https:\/\/www.apothekeinrath.de\/wp-content\/uploads\/2024\/12\/IhreApothekenApp-150x150.png 150w\" sizes=\"(max-width: 240px) 100vw, 240px\" \/><\/figure>\n<\/div>\n<\/div>\n<\/div>\n<\/div>\n\n\n\n<p><\/p>\n\n\n\n<p><\/p>\n","protected":false},"excerpt":{"rendered":"<p>Vorbestellung Sie k\u00f6nnen entweder \u00fcber das untenstehende Formular oder \u00fcber die Ihre Apotheken-App Medikamente bei uns vorbestellen. Wir zeigen Ihnen wie es geht: Formular \u00dcber das untenstehende Formular k\u00f6nnen Sie ein Foto Ihres Rezeptes bei uns hochladen und wir bereiten alles f\u00fcr Ihre Abholung am n\u00e4chsten Werktag vor. Sollten Sie unseren Botendienst nutzen wollen oder [&hellip;]<\/p>\n","protected":false},"author":2,"featured_media":0,"parent":0,"menu_order":0,"comment_status":"closed","ping_status":"closed","template":"","meta":{"footnotes":""},"yoast_head":"<!-- This site is optimized with the Yoast SEO plugin v22.9 - https:\/\/yoast.com\/wordpress\/plugins\/seo\/ -->\n<title>Vorbestellung - Apotheke in Rath<\/title>\n<meta name=\"robots\" content=\"index, follow, max-snippet:-1, max-image-preview:large, max-video-preview:-1\" \/>\n<link rel=\"canonical\" href=\"https:\/\/www.apothekeinrath.de\/start\/vorbestellung\/\" \/>\n<meta property=\"og:locale\" content=\"de_DE\" \/>\n<meta property=\"og:type\" content=\"article\" \/>\n<meta property=\"og:title\" content=\"Vorbestellung - Apotheke in Rath\" \/>\n<meta property=\"og:description\" content=\"Vorbestellung Sie k\u00f6nnen entweder \u00fcber das untenstehende Formular oder \u00fcber die Ihre Apotheken-App Medikamente bei uns vorbestellen. Wir zeigen Ihnen wie es geht: Formular \u00dcber das untenstehende Formular k\u00f6nnen Sie ein Foto Ihres Rezeptes bei uns hochladen und wir bereiten alles f\u00fcr Ihre Abholung am n\u00e4chsten Werktag vor. Sollten Sie unseren Botendienst nutzen wollen oder [&hellip;]\" \/>\n<meta property=\"og:url\" content=\"https:\/\/www.apothekeinrath.de\/start\/vorbestellung\/\" \/>\n<meta property=\"og:site_name\" content=\"Apotheke in Rath\" \/>\n<meta property=\"article:modified_time\" content=\"2024-12-08T18:41:24+00:00\" \/>\n<meta property=\"og:image\" content=\"https:\/\/www.apothekeinrath.de\/wp-content\/uploads\/2024\/12\/QRCodeIA.png\" \/>\n<meta name=\"twitter:card\" content=\"summary_large_image\" \/>\n<meta name=\"twitter:label1\" content=\"Gesch\u00e4tzte Lesezeit\" \/>\n\t<meta name=\"twitter:data1\" content=\"2\u00a0Minuten\" \/>\n<script type=\"application\/ld+json\" class=\"yoast-schema-graph\">{\"@context\":\"https:\/\/schema.org\",\"@graph\":[{\"@type\":\"WebPage\",\"@id\":\"https:\/\/www.apothekeinrath.de\/start\/vorbestellung\/\",\"url\":\"https:\/\/www.apothekeinrath.de\/start\/vorbestellung\/\",\"name\":\"Vorbestellung - Apotheke in Rath\",\"isPartOf\":{\"@id\":\"https:\/\/www.apothekeinrath.de\/start\/#website\"},\"primaryImageOfPage\":{\"@id\":\"https:\/\/www.apothekeinrath.de\/start\/vorbestellung\/#primaryimage\"},\"image\":{\"@id\":\"https:\/\/www.apothekeinrath.de\/start\/vorbestellung\/#primaryimage\"},\"thumbnailUrl\":\"https:\/\/www.apothekeinrath.de\/wp-content\/uploads\/2024\/12\/QRCodeIA.png\",\"datePublished\":\"2019-12-03T12:26:30+00:00\",\"dateModified\":\"2024-12-08T18:41:24+00:00\",\"breadcrumb\":{\"@id\":\"https:\/\/www.apothekeinrath.de\/start\/vorbestellung\/#breadcrumb\"},\"inLanguage\":\"de\",\"potentialAction\":[{\"@type\":\"ReadAction\",\"target\":[\"https:\/\/www.apothekeinrath.de\/start\/vorbestellung\/\"]}]},{\"@type\":\"ImageObject\",\"inLanguage\":\"de\",\"@id\":\"https:\/\/www.apothekeinrath.de\/start\/vorbestellung\/#primaryimage\",\"url\":\"https:\/\/www.apothekeinrath.de\/wp-content\/uploads\/2024\/12\/QRCodeIA.png\",\"contentUrl\":\"https:\/\/www.apothekeinrath.de\/wp-content\/uploads\/2024\/12\/QRCodeIA.png\"},{\"@type\":\"BreadcrumbList\",\"@id\":\"https:\/\/www.apothekeinrath.de\/start\/vorbestellung\/#breadcrumb\",\"itemListElement\":[{\"@type\":\"ListItem\",\"position\":1,\"name\":\"Startseite\",\"item\":\"https:\/\/www.apothekeinrath.de\/start\/\"},{\"@type\":\"ListItem\",\"position\":2,\"name\":\"Vorbestellung\"}]},{\"@type\":\"WebSite\",\"@id\":\"https:\/\/www.apothekeinrath.de\/start\/#website\",\"url\":\"https:\/\/www.apothekeinrath.de\/start\/\",\"name\":\"Apotheke in Rath\",\"description\":\"\",\"publisher\":{\"@id\":\"https:\/\/www.apothekeinrath.de\/start\/#organization\"},\"potentialAction\":[{\"@type\":\"SearchAction\",\"target\":{\"@type\":\"EntryPoint\",\"urlTemplate\":\"https:\/\/www.apothekeinrath.de\/start\/?s={search_term_string}\"},\"query-input\":\"required name=search_term_string\"}],\"inLanguage\":\"de\"},{\"@type\":\"Organization\",\"@id\":\"https:\/\/www.apothekeinrath.de\/start\/#organization\",\"name\":\"Apotheke in Rath\",\"url\":\"https:\/\/www.apothekeinrath.de\/start\/\",\"logo\":{\"@type\":\"ImageObject\",\"inLanguage\":\"de\",\"@id\":\"https:\/\/www.apothekeinrath.de\/start\/#\/schema\/logo\/image\/\",\"url\":\"https:\/\/www.apothekeinrath.de\/wp-content\/uploads\/2020\/03\/Apotheke-in-Rath-LOGO.png\",\"contentUrl\":\"https:\/\/www.apothekeinrath.de\/wp-content\/uploads\/2020\/03\/Apotheke-in-Rath-LOGO.png\",\"width\":650,\"height\":231,\"caption\":\"Apotheke in Rath\"},\"image\":{\"@id\":\"https:\/\/www.apothekeinrath.de\/start\/#\/schema\/logo\/image\/\"}}]}<\/script>\n<!-- \/ Yoast SEO plugin. -->","yoast_head_json":{"title":"Vorbestellung - Apotheke in Rath","robots":{"index":"index","follow":"follow","max-snippet":"max-snippet:-1","max-image-preview":"max-image-preview:large","max-video-preview":"max-video-preview:-1"},"canonical":"https:\/\/www.apothekeinrath.de\/start\/vorbestellung\/","og_locale":"de_DE","og_type":"article","og_title":"Vorbestellung - Apotheke in Rath","og_description":"Vorbestellung Sie k\u00f6nnen entweder \u00fcber das untenstehende Formular oder \u00fcber die Ihre Apotheken-App Medikamente bei uns vorbestellen. Wir zeigen Ihnen wie es geht: Formular \u00dcber das untenstehende Formular k\u00f6nnen Sie ein Foto Ihres Rezeptes bei uns hochladen und wir bereiten alles f\u00fcr Ihre Abholung am n\u00e4chsten Werktag vor. Sollten Sie unseren Botendienst nutzen wollen oder [&hellip;]","og_url":"https:\/\/www.apothekeinrath.de\/start\/vorbestellung\/","og_site_name":"Apotheke in Rath","article_modified_time":"2024-12-08T18:41:24+00:00","og_image":[{"url":"https:\/\/www.apothekeinrath.de\/wp-content\/uploads\/2024\/12\/QRCodeIA.png"}],"twitter_card":"summary_large_image","twitter_misc":{"Gesch\u00e4tzte Lesezeit":"2\u00a0Minuten"},"schema":{"@context":"https:\/\/schema.org","@graph":[{"@type":"WebPage","@id":"https:\/\/www.apothekeinrath.de\/start\/vorbestellung\/","url":"https:\/\/www.apothekeinrath.de\/start\/vorbestellung\/","name":"Vorbestellung - Apotheke in Rath","isPartOf":{"@id":"https:\/\/www.apothekeinrath.de\/start\/#website"},"primaryImageOfPage":{"@id":"https:\/\/www.apothekeinrath.de\/start\/vorbestellung\/#primaryimage"},"image":{"@id":"https:\/\/www.apothekeinrath.de\/start\/vorbestellung\/#primaryimage"},"thumbnailUrl":"https:\/\/www.apothekeinrath.de\/wp-content\/uploads\/2024\/12\/QRCodeIA.png","datePublished":"2019-12-03T12:26:30+00:00","dateModified":"2024-12-08T18:41:24+00:00","breadcrumb":{"@id":"https:\/\/www.apothekeinrath.de\/start\/vorbestellung\/#breadcrumb"},"inLanguage":"de","potentialAction":[{"@type":"ReadAction","target":["https:\/\/www.apothekeinrath.de\/start\/vorbestellung\/"]}]},{"@type":"ImageObject","inLanguage":"de","@id":"https:\/\/www.apothekeinrath.de\/start\/vorbestellung\/#primaryimage","url":"https:\/\/www.apothekeinrath.de\/wp-content\/uploads\/2024\/12\/QRCodeIA.png","contentUrl":"https:\/\/www.apothekeinrath.de\/wp-content\/uploads\/2024\/12\/QRCodeIA.png"},{"@type":"BreadcrumbList","@id":"https:\/\/www.apothekeinrath.de\/start\/vorbestellung\/#breadcrumb","itemListElement":[{"@type":"ListItem","position":1,"name":"Startseite","item":"https:\/\/www.apothekeinrath.de\/start\/"},{"@type":"ListItem","position":2,"name":"Vorbestellung"}]},{"@type":"WebSite","@id":"https:\/\/www.apothekeinrath.de\/start\/#website","url":"https:\/\/www.apothekeinrath.de\/start\/","name":"Apotheke in Rath","description":"","publisher":{"@id":"https:\/\/www.apothekeinrath.de\/start\/#organization"},"potentialAction":[{"@type":"SearchAction","target":{"@type":"EntryPoint","urlTemplate":"https:\/\/www.apothekeinrath.de\/start\/?s={search_term_string}"},"query-input":"required name=search_term_string"}],"inLanguage":"de"},{"@type":"Organization","@id":"https:\/\/www.apothekeinrath.de\/start\/#organization","name":"Apotheke in Rath","url":"https:\/\/www.apothekeinrath.de\/start\/","logo":{"@type":"ImageObject","inLanguage":"de","@id":"https:\/\/www.apothekeinrath.de\/start\/#\/schema\/logo\/image\/","url":"https:\/\/www.apothekeinrath.de\/wp-content\/uploads\/2020\/03\/Apotheke-in-Rath-LOGO.png","contentUrl":"https:\/\/www.apothekeinrath.de\/wp-content\/uploads\/2020\/03\/Apotheke-in-Rath-LOGO.png","width":650,"height":231,"caption":"Apotheke in Rath"},"image":{"@id":"https:\/\/www.apothekeinrath.de\/start\/#\/schema\/logo\/image\/"}}]}},"_links":{"self":[{"href":"https:\/\/www.apothekeinrath.de\/start\/wp-json\/wp\/v2\/pages\/353"}],"collection":[{"href":"https:\/\/www.apothekeinrath.de\/start\/wp-json\/wp\/v2\/pages"}],"about":[{"href":"https:\/\/www.apothekeinrath.de\/start\/wp-json\/wp\/v2\/types\/page"}],"author":[{"embeddable":true,"href":"https:\/\/www.apothekeinrath.de\/start\/wp-json\/wp\/v2\/users\/2"}],"replies":[{"embeddable":true,"href":"https:\/\/www.apothekeinrath.de\/start\/wp-json\/wp\/v2\/comments?post=353"}],"version-history":[{"count":11,"href":"https:\/\/www.apothekeinrath.de\/start\/wp-json\/wp\/v2\/pages\/353\/revisions"}],"predecessor-version":[{"id":1361,"href":"https:\/\/www.apothekeinrath.de\/start\/wp-json\/wp\/v2\/pages\/353\/revisions\/1361"}],"wp:attachment":[{"href":"https:\/\/www.apothekeinrath.de\/start\/wp-json\/wp\/v2\/media?parent=353"}],"curies":[{"name":"wp","href":"https:\/\/api.w.org\/{rel}","templated":true}]}}