{"id":37,"date":"2018-11-19T17:09:55","date_gmt":"2018-11-19T16:09:55","guid":{"rendered":"http:\/\/www.wordpress.apothekeinrath.de\/?page_id=37"},"modified":"2024-08-01T16:05:43","modified_gmt":"2024-08-01T14:05:43","slug":"kundenkarte","status":"publish","type":"page","link":"https:\/\/www.apothekeinrath.de\/start\/kundenkarte\/","title":{"rendered":"Gesundheits&shy;Card plus"},"content":{"rendered":"\n<h2 class=\"wp-block-heading\">GesundheitsCard plus<\/h2>\n\n\n\n<p>Mit uns haben Sie bessere Karten &#8211; denn mit unserer <strong>GesundheitsCard plus<\/strong> k\u00f6nnen Sie bei einer Vielzahl von Produkten und Leistungen deutlich sparen!<\/p>\n\n\n\n<div style=\"height:20px\" aria-hidden=\"true\" class=\"wp-block-spacer\"><\/div>\n\n\n\n<div class=\"wp-block-media-text alignwide has-media-on-the-right is-stacked-on-mobile is-vertically-aligned-center has-background has-very-light-gray-background-color\"><div class=\"wp-block-media-text__content\">\n<div style=\"height:20px\" aria-hidden=\"true\" class=\"wp-block-spacer\"><\/div>\n\n\n\n<h5 class=\"wp-block-heading\">Ihre Vorteile:<\/h5>\n\n\n\n<ul>\n<li>5 % Sofortrabatt auf alle freiverk\u00e4uflichen Produkte<\/li>\n\n\n\n<li>Kostenlose Jahresaufstellung Ihrer Zuzahlungen als Nachweis f\u00fcr die Krankenkasse und das Finanzamt<\/li>\n\n\n\n<li>Automatische \u00dcberpr\u00fcfung Ihrer Medikation auf Wechselwirkungen und Vertr\u00e4glichkeit<\/li>\n\n\n\n<li>Pflegehilfsmittel werden kostenlos zu Ihnen nach Hause geliefert<\/li>\n\n\n\n<li>Eine kleine \u00dcberraschung zum Geburtstag<\/li>\n\n\n\n<li>Zweimal pro Monat exklusiv die Apotheken-Umschau mit ausf\u00fchrlichem TV-Programm  <\/li>\n<\/ul>\n\n\n\n<div style=\"height:20px\" aria-hidden=\"true\" class=\"wp-block-spacer\"><\/div>\n<\/div><figure class=\"wp-block-media-text__media\"><img loading=\"lazy\" decoding=\"async\" width=\"1000\" height=\"650\" src=\"https:\/\/www.apothekeinrath.de\/wp-content\/uploads\/2024\/07\/02-02-kundenkarte.jpg\" alt=\"\" class=\"wp-image-1171 size-full\" srcset=\"https:\/\/www.apothekeinrath.de\/wp-content\/uploads\/2024\/07\/02-02-kundenkarte.jpg 1000w, https:\/\/www.apothekeinrath.de\/wp-content\/uploads\/2024\/07\/02-02-kundenkarte-300x195.jpg 300w, https:\/\/www.apothekeinrath.de\/wp-content\/uploads\/2024\/07\/02-02-kundenkarte-768x499.jpg 768w\" sizes=\"(max-width: 1000px) 100vw, 1000px\" \/><\/figure><\/div>\n\n\n\n<div style=\"height:20px\" aria-hidden=\"true\" class=\"wp-block-spacer\"><\/div>\n\n\n\n<div style=\"height:20px\" aria-hidden=\"true\" class=\"wp-block-spacer\"><\/div>\n\n\n\n<p>Kommen Sie f\u00fcr <strong>Ihre pers\u00f6nliche GesundheitsCard Plus<\/strong> zu uns in die Apotheke. Wir stellen Ihre pers\u00f6nliche Kundenkarte sofort aus &#8211; Sie k\u00f6nnen sie gleich einsetzen und mitnehmen. <\/p>\n","protected":false},"excerpt":{"rendered":"<p>GesundheitsCard plus Mit uns haben Sie bessere Karten &#8211; denn mit unserer GesundheitsCard plus k\u00f6nnen Sie bei einer Vielzahl von Produkten und Leistungen deutlich sparen! Kommen Sie f\u00fcr Ihre pers\u00f6nliche GesundheitsCard Plus zu uns in die Apotheke. Wir stellen Ihre pers\u00f6nliche Kundenkarte sofort aus &#8211; Sie k\u00f6nnen sie gleich einsetzen und mitnehmen.<\/p>\n","protected":false},"author":2,"featured_media":0,"parent":0,"menu_order":0,"comment_status":"closed","ping_status":"closed","template":"","meta":{"footnotes":""},"yoast_head":"<!-- This site is optimized with the Yoast SEO plugin v22.9 - https:\/\/yoast.com\/wordpress\/plugins\/seo\/ -->\n<title>Gesundheits&shy;Card plus - Apotheke in Rath<\/title>\n<meta name=\"robots\" content=\"index, follow, max-snippet:-1, max-image-preview:large, max-video-preview:-1\" \/>\n<link rel=\"canonical\" href=\"https:\/\/www.apothekeinrath.de\/start\/kundenkarte\/\" \/>\n<meta property=\"og:locale\" content=\"de_DE\" \/>\n<meta property=\"og:type\" content=\"article\" \/>\n<meta property=\"og:title\" content=\"Gesundheits&shy;Card plus - Apotheke in Rath\" \/>\n<meta property=\"og:description\" content=\"GesundheitsCard plus Mit uns haben Sie bessere Karten &#8211; denn mit unserer GesundheitsCard plus k\u00f6nnen Sie bei einer Vielzahl von Produkten und Leistungen deutlich sparen! Kommen Sie f\u00fcr Ihre pers\u00f6nliche GesundheitsCard Plus zu uns in die Apotheke. Wir stellen Ihre pers\u00f6nliche Kundenkarte sofort aus &#8211; Sie k\u00f6nnen sie gleich einsetzen und mitnehmen.\" \/>\n<meta property=\"og:url\" content=\"https:\/\/www.apothekeinrath.de\/start\/kundenkarte\/\" \/>\n<meta property=\"og:site_name\" content=\"Apotheke in Rath\" \/>\n<meta property=\"article:modified_time\" content=\"2024-08-01T14:05:43+00:00\" \/>\n<meta property=\"og:image\" content=\"https:\/\/www.apothekeinrath.de\/wp-content\/uploads\/2024\/07\/02-02-kundenkarte.jpg\" \/>\n<meta name=\"twitter:card\" content=\"summary_large_image\" \/>\n<meta name=\"twitter:label1\" content=\"Gesch\u00e4tzte Lesezeit\" \/>\n\t<meta name=\"twitter:data1\" content=\"1\u00a0Minute\" \/>\n<script type=\"application\/ld+json\" class=\"yoast-schema-graph\">{\"@context\":\"https:\/\/schema.org\",\"@graph\":[{\"@type\":\"WebPage\",\"@id\":\"https:\/\/www.apothekeinrath.de\/start\/kundenkarte\/\",\"url\":\"https:\/\/www.apothekeinrath.de\/start\/kundenkarte\/\",\"name\":\"Gesundheits&shy;Card plus - Apotheke in Rath\",\"isPartOf\":{\"@id\":\"https:\/\/www.apothekeinrath.de\/start\/#website\"},\"primaryImageOfPage\":{\"@id\":\"https:\/\/www.apothekeinrath.de\/start\/kundenkarte\/#primaryimage\"},\"image\":{\"@id\":\"https:\/\/www.apothekeinrath.de\/start\/kundenkarte\/#primaryimage\"},\"thumbnailUrl\":\"https:\/\/www.apothekeinrath.de\/wp-content\/uploads\/2024\/07\/02-02-kundenkarte.jpg\",\"datePublished\":\"2018-11-19T16:09:55+00:00\",\"dateModified\":\"2024-08-01T14:05:43+00:00\",\"breadcrumb\":{\"@id\":\"https:\/\/www.apothekeinrath.de\/start\/kundenkarte\/#breadcrumb\"},\"inLanguage\":\"de\",\"potentialAction\":[{\"@type\":\"ReadAction\",\"target\":[\"https:\/\/www.apothekeinrath.de\/start\/kundenkarte\/\"]}]},{\"@type\":\"ImageObject\",\"inLanguage\":\"de\",\"@id\":\"https:\/\/www.apothekeinrath.de\/start\/kundenkarte\/#primaryimage\",\"url\":\"https:\/\/www.apothekeinrath.de\/wp-content\/uploads\/2024\/07\/02-02-kundenkarte.jpg\",\"contentUrl\":\"https:\/\/www.apothekeinrath.de\/wp-content\/uploads\/2024\/07\/02-02-kundenkarte.jpg\"},{\"@type\":\"BreadcrumbList\",\"@id\":\"https:\/\/www.apothekeinrath.de\/start\/kundenkarte\/#breadcrumb\",\"itemListElement\":[{\"@type\":\"ListItem\",\"position\":1,\"name\":\"Startseite\",\"item\":\"https:\/\/www.apothekeinrath.de\/start\/\"},{\"@type\":\"ListItem\",\"position\":2,\"name\":\"Gesundheits&shy;Card plus\"}]},{\"@type\":\"WebSite\",\"@id\":\"https:\/\/www.apothekeinrath.de\/start\/#website\",\"url\":\"https:\/\/www.apothekeinrath.de\/start\/\",\"name\":\"Apotheke in Rath\",\"description\":\"\",\"publisher\":{\"@id\":\"https:\/\/www.apothekeinrath.de\/start\/#organization\"},\"potentialAction\":[{\"@type\":\"SearchAction\",\"target\":{\"@type\":\"EntryPoint\",\"urlTemplate\":\"https:\/\/www.apothekeinrath.de\/start\/?s={search_term_string}\"},\"query-input\":\"required name=search_term_string\"}],\"inLanguage\":\"de\"},{\"@type\":\"Organization\",\"@id\":\"https:\/\/www.apothekeinrath.de\/start\/#organization\",\"name\":\"Apotheke in Rath\",\"url\":\"https:\/\/www.apothekeinrath.de\/start\/\",\"logo\":{\"@type\":\"ImageObject\",\"inLanguage\":\"de\",\"@id\":\"https:\/\/www.apothekeinrath.de\/start\/#\/schema\/logo\/image\/\",\"url\":\"https:\/\/www.apothekeinrath.de\/wp-content\/uploads\/2020\/03\/Apotheke-in-Rath-LOGO.png\",\"contentUrl\":\"https:\/\/www.apothekeinrath.de\/wp-content\/uploads\/2020\/03\/Apotheke-in-Rath-LOGO.png\",\"width\":650,\"height\":231,\"caption\":\"Apotheke in Rath\"},\"image\":{\"@id\":\"https:\/\/www.apothekeinrath.de\/start\/#\/schema\/logo\/image\/\"}}]}<\/script>\n<!-- \/ Yoast SEO plugin. -->","yoast_head_json":{"title":"Gesundheits&shy;Card plus - Apotheke in Rath","robots":{"index":"index","follow":"follow","max-snippet":"max-snippet:-1","max-image-preview":"max-image-preview:large","max-video-preview":"max-video-preview:-1"},"canonical":"https:\/\/www.apothekeinrath.de\/start\/kundenkarte\/","og_locale":"de_DE","og_type":"article","og_title":"Gesundheits&shy;Card plus - Apotheke in Rath","og_description":"GesundheitsCard plus Mit uns haben Sie bessere Karten &#8211; denn mit unserer GesundheitsCard plus k\u00f6nnen Sie bei einer Vielzahl von Produkten und Leistungen deutlich sparen! Kommen Sie f\u00fcr Ihre pers\u00f6nliche GesundheitsCard Plus zu uns in die Apotheke. Wir stellen Ihre pers\u00f6nliche Kundenkarte sofort aus &#8211; Sie k\u00f6nnen sie gleich einsetzen und mitnehmen.","og_url":"https:\/\/www.apothekeinrath.de\/start\/kundenkarte\/","og_site_name":"Apotheke in Rath","article_modified_time":"2024-08-01T14:05:43+00:00","og_image":[{"url":"https:\/\/www.apothekeinrath.de\/wp-content\/uploads\/2024\/07\/02-02-kundenkarte.jpg"}],"twitter_card":"summary_large_image","twitter_misc":{"Gesch\u00e4tzte Lesezeit":"1\u00a0Minute"},"schema":{"@context":"https:\/\/schema.org","@graph":[{"@type":"WebPage","@id":"https:\/\/www.apothekeinrath.de\/start\/kundenkarte\/","url":"https:\/\/www.apothekeinrath.de\/start\/kundenkarte\/","name":"Gesundheits&shy;Card plus - Apotheke in Rath","isPartOf":{"@id":"https:\/\/www.apothekeinrath.de\/start\/#website"},"primaryImageOfPage":{"@id":"https:\/\/www.apothekeinrath.de\/start\/kundenkarte\/#primaryimage"},"image":{"@id":"https:\/\/www.apothekeinrath.de\/start\/kundenkarte\/#primaryimage"},"thumbnailUrl":"https:\/\/www.apothekeinrath.de\/wp-content\/uploads\/2024\/07\/02-02-kundenkarte.jpg","datePublished":"2018-11-19T16:09:55+00:00","dateModified":"2024-08-01T14:05:43+00:00","breadcrumb":{"@id":"https:\/\/www.apothekeinrath.de\/start\/kundenkarte\/#breadcrumb"},"inLanguage":"de","potentialAction":[{"@type":"ReadAction","target":["https:\/\/www.apothekeinrath.de\/start\/kundenkarte\/"]}]},{"@type":"ImageObject","inLanguage":"de","@id":"https:\/\/www.apothekeinrath.de\/start\/kundenkarte\/#primaryimage","url":"https:\/\/www.apothekeinrath.de\/wp-content\/uploads\/2024\/07\/02-02-kundenkarte.jpg","contentUrl":"https:\/\/www.apothekeinrath.de\/wp-content\/uploads\/2024\/07\/02-02-kundenkarte.jpg"},{"@type":"BreadcrumbList","@id":"https:\/\/www.apothekeinrath.de\/start\/kundenkarte\/#breadcrumb","itemListElement":[{"@type":"ListItem","position":1,"name":"Startseite","item":"https:\/\/www.apothekeinrath.de\/start\/"},{"@type":"ListItem","position":2,"name":"Gesundheits&shy;Card plus"}]},{"@type":"WebSite","@id":"https:\/\/www.apothekeinrath.de\/start\/#website","url":"https:\/\/www.apothekeinrath.de\/start\/","name":"Apotheke in Rath","description":"","publisher":{"@id":"https:\/\/www.apothekeinrath.de\/start\/#organization"},"potentialAction":[{"@type":"SearchAction","target":{"@type":"EntryPoint","urlTemplate":"https:\/\/www.apothekeinrath.de\/start\/?s={search_term_string}"},"query-input":"required name=search_term_string"}],"inLanguage":"de"},{"@type":"Organization","@id":"https:\/\/www.apothekeinrath.de\/start\/#organization","name":"Apotheke in Rath","url":"https:\/\/www.apothekeinrath.de\/start\/","logo":{"@type":"ImageObject","inLanguage":"de","@id":"https:\/\/www.apothekeinrath.de\/start\/#\/schema\/logo\/image\/","url":"https:\/\/www.apothekeinrath.de\/wp-content\/uploads\/2020\/03\/Apotheke-in-Rath-LOGO.png","contentUrl":"https:\/\/www.apothekeinrath.de\/wp-content\/uploads\/2020\/03\/Apotheke-in-Rath-LOGO.png","width":650,"height":231,"caption":"Apotheke in Rath"},"image":{"@id":"https:\/\/www.apothekeinrath.de\/start\/#\/schema\/logo\/image\/"}}]}},"_links":{"self":[{"href":"https:\/\/www.apothekeinrath.de\/start\/wp-json\/wp\/v2\/pages\/37"}],"collection":[{"href":"https:\/\/www.apothekeinrath.de\/start\/wp-json\/wp\/v2\/pages"}],"about":[{"href":"https:\/\/www.apothekeinrath.de\/start\/wp-json\/wp\/v2\/types\/page"}],"author":[{"embeddable":true,"href":"https:\/\/www.apothekeinrath.de\/start\/wp-json\/wp\/v2\/users\/2"}],"replies":[{"embeddable":true,"href":"https:\/\/www.apothekeinrath.de\/start\/wp-json\/wp\/v2\/comments?post=37"}],"version-history":[{"count":3,"href":"https:\/\/www.apothekeinrath.de\/start\/wp-json\/wp\/v2\/pages\/37\/revisions"}],"predecessor-version":[{"id":1300,"href":"https:\/\/www.apothekeinrath.de\/start\/wp-json\/wp\/v2\/pages\/37\/revisions\/1300"}],"wp:attachment":[{"href":"https:\/\/www.apothekeinrath.de\/start\/wp-json\/wp\/v2\/media?parent=37"}],"curies":[{"name":"wp","href":"https:\/\/api.w.org\/{rel}","templated":true}]}}