{"id":42,"date":"2018-11-19T17:15:26","date_gmt":"2018-11-19T16:15:26","guid":{"rendered":"http:\/\/www.wordpress.apothekeinrath.de\/?page_id=42"},"modified":"2024-08-01T16:08:56","modified_gmt":"2024-08-01T14:08:56","slug":"gesundheitschecks","status":"publish","type":"page","link":"https:\/\/www.apothekeinrath.de\/start\/gesundheitschecks\/","title":{"rendered":"Gesundheits&shy;checks vor Ort"},"content":{"rendered":"\n<h2 class=\"wp-block-heading\">Gesundheitschecks vor Ort<\/h2>\n\n\n\n<p>Verschiedene gesundheitsbezogene Daten k\u00f6nnen Sie ganz unkompliziert und jederzeit bei uns in der Apotheke bestimmen lassen. <\/p>\n\n\n\n<p>Hier eine \u00dcbersicht unserer Leistungen:<\/p>\n\n\n\n<table id=\"tablepress-2\" class=\"tablepress tablepress-id-2\">\n<thead>\n<tr class=\"row-1 odd\">\n\t<th class=\"column-1\">Leistung<\/th><th class=\"column-2\">Kosten<\/th>\n<\/tr>\n<\/thead>\n<tbody class=\"row-hover\">\n<tr class=\"row-2 even\">\n\t<td class=\"column-1\">Bestimmung des <strong> Bluckdrucks <strong> an Oberarm oder Handgelenk, sowie Dokumentation der ermittelten Werte, damit sie diese Ihrem behandelnden Arzt mit vorlegen k\u00f6nnen.<\/td><td class=\"column-2\">0,50 \u20ac<\/td>\n<\/tr>\n<tr class=\"row-3 odd\">\n\t<td class=\"column-1\">Bestimmung des <strong>Blutzuckers<\/strong>, sowie Dokumentation der ermittelten Werte, damit sie diese Ihrem behandelnden Arzt mit vorlegen k\u00f6nnen.<br \/>\nBereits ein Tropfen Blut aus dem Finger gen\u00fcgt und innerhalb weniger Sekunden haben Sie das Ergebnis.<\/td><td class=\"column-2\">3,00 \u20ac<\/td>\n<\/tr>\n<tr class=\"row-4 even\">\n\t<td class=\"column-1\">Bestimmung des <strong>K\u00f6rpergewichtes <\/strong>und des <strong>BMI <\/strong>(Body-Mass-Index)<\/td><td class=\"column-2\">kostenlos<\/td>\n<\/tr>\n<tr class=\"row-5 odd\">\n\t<td class=\"column-1\"><strong>Reiseapotheken<\/strong>-Check<\/td><td class=\"column-2\">kostenlos<\/td>\n<\/tr>\n<\/tbody>\n<\/table>\n<!-- #tablepress-2 from cache -->\n\n\n\n<p>Anschlie\u00dfend helfen wir nat\u00fcrlich auch gern bei der Interpretation des Ergebnisses.<\/p>\n\n\n\n<p>Au\u00dferdem k\u00f6nnen Sie jedes Jahr im Rahmen einer <strong>Aktionswoche <\/strong>einen Wert wie z.B. die Knochendichte oder den Vitamin-D-Spiegel bestimmen lassen.  <\/p>\n\n\n\n<div class=\"wp-block-button\"><a class=\"wp-block-button__link has-background wp-element-button\" href=\"http:\/\/www.apothekeinrath.de\/aktionen\/\" style=\"background-color:#b6cc41\">Zu unseren aktuellen Aktionen<\/a><\/div>\n","protected":false},"excerpt":{"rendered":"<p>Gesundheitschecks vor Ort Verschiedene gesundheitsbezogene Daten k\u00f6nnen Sie ganz unkompliziert und jederzeit bei uns in der Apotheke bestimmen lassen. Hier eine \u00dcbersicht unserer Leistungen: Anschlie\u00dfend helfen wir nat\u00fcrlich auch gern bei der Interpretation des Ergebnisses. Au\u00dferdem k\u00f6nnen Sie jedes Jahr im Rahmen einer Aktionswoche einen Wert wie z.B. die Knochendichte oder den Vitamin-D-Spiegel bestimmen lassen.<\/p>\n","protected":false},"author":2,"featured_media":0,"parent":0,"menu_order":0,"comment_status":"closed","ping_status":"closed","template":"","meta":{"footnotes":""},"yoast_head":"<!-- This site is optimized with the Yoast SEO plugin v22.9 - https:\/\/yoast.com\/wordpress\/plugins\/seo\/ -->\n<title>Gesundheits&shy;checks vor Ort - Apotheke in Rath<\/title>\n<meta name=\"robots\" content=\"index, follow, max-snippet:-1, max-image-preview:large, max-video-preview:-1\" \/>\n<link rel=\"canonical\" href=\"https:\/\/www.apothekeinrath.de\/start\/gesundheitschecks\/\" \/>\n<meta property=\"og:locale\" content=\"de_DE\" \/>\n<meta property=\"og:type\" content=\"article\" \/>\n<meta property=\"og:title\" content=\"Gesundheits&shy;checks vor Ort - Apotheke in Rath\" \/>\n<meta property=\"og:description\" content=\"Gesundheitschecks vor Ort Verschiedene gesundheitsbezogene Daten k\u00f6nnen Sie ganz unkompliziert und jederzeit bei uns in der Apotheke bestimmen lassen. Hier eine \u00dcbersicht unserer Leistungen: Anschlie\u00dfend helfen wir nat\u00fcrlich auch gern bei der Interpretation des Ergebnisses. Au\u00dferdem k\u00f6nnen Sie jedes Jahr im Rahmen einer Aktionswoche einen Wert wie z.B. die Knochendichte oder den Vitamin-D-Spiegel bestimmen lassen.\" \/>\n<meta property=\"og:url\" content=\"https:\/\/www.apothekeinrath.de\/start\/gesundheitschecks\/\" \/>\n<meta property=\"og:site_name\" content=\"Apotheke in Rath\" \/>\n<meta property=\"article:modified_time\" content=\"2024-08-01T14:08:56+00:00\" \/>\n<meta name=\"twitter:card\" content=\"summary_large_image\" \/>\n<meta name=\"twitter:label1\" content=\"Gesch\u00e4tzte Lesezeit\" \/>\n\t<meta name=\"twitter:data1\" content=\"1\u00a0Minute\" \/>\n<script type=\"application\/ld+json\" class=\"yoast-schema-graph\">{\"@context\":\"https:\/\/schema.org\",\"@graph\":[{\"@type\":\"WebPage\",\"@id\":\"https:\/\/www.apothekeinrath.de\/start\/gesundheitschecks\/\",\"url\":\"https:\/\/www.apothekeinrath.de\/start\/gesundheitschecks\/\",\"name\":\"Gesundheits&shy;checks vor Ort - Apotheke in Rath\",\"isPartOf\":{\"@id\":\"https:\/\/www.apothekeinrath.de\/start\/#website\"},\"datePublished\":\"2018-11-19T16:15:26+00:00\",\"dateModified\":\"2024-08-01T14:08:56+00:00\",\"breadcrumb\":{\"@id\":\"https:\/\/www.apothekeinrath.de\/start\/gesundheitschecks\/#breadcrumb\"},\"inLanguage\":\"de\",\"potentialAction\":[{\"@type\":\"ReadAction\",\"target\":[\"https:\/\/www.apothekeinrath.de\/start\/gesundheitschecks\/\"]}]},{\"@type\":\"BreadcrumbList\",\"@id\":\"https:\/\/www.apothekeinrath.de\/start\/gesundheitschecks\/#breadcrumb\",\"itemListElement\":[{\"@type\":\"ListItem\",\"position\":1,\"name\":\"Startseite\",\"item\":\"https:\/\/www.apothekeinrath.de\/start\/\"},{\"@type\":\"ListItem\",\"position\":2,\"name\":\"Gesundheits&shy;checks vor Ort\"}]},{\"@type\":\"WebSite\",\"@id\":\"https:\/\/www.apothekeinrath.de\/start\/#website\",\"url\":\"https:\/\/www.apothekeinrath.de\/start\/\",\"name\":\"Apotheke in Rath\",\"description\":\"\",\"publisher\":{\"@id\":\"https:\/\/www.apothekeinrath.de\/start\/#organization\"},\"potentialAction\":[{\"@type\":\"SearchAction\",\"target\":{\"@type\":\"EntryPoint\",\"urlTemplate\":\"https:\/\/www.apothekeinrath.de\/start\/?s={search_term_string}\"},\"query-input\":\"required name=search_term_string\"}],\"inLanguage\":\"de\"},{\"@type\":\"Organization\",\"@id\":\"https:\/\/www.apothekeinrath.de\/start\/#organization\",\"name\":\"Apotheke in Rath\",\"url\":\"https:\/\/www.apothekeinrath.de\/start\/\",\"logo\":{\"@type\":\"ImageObject\",\"inLanguage\":\"de\",\"@id\":\"https:\/\/www.apothekeinrath.de\/start\/#\/schema\/logo\/image\/\",\"url\":\"https:\/\/www.apothekeinrath.de\/wp-content\/uploads\/2020\/03\/Apotheke-in-Rath-LOGO.png\",\"contentUrl\":\"https:\/\/www.apothekeinrath.de\/wp-content\/uploads\/2020\/03\/Apotheke-in-Rath-LOGO.png\",\"width\":650,\"height\":231,\"caption\":\"Apotheke in Rath\"},\"image\":{\"@id\":\"https:\/\/www.apothekeinrath.de\/start\/#\/schema\/logo\/image\/\"}}]}<\/script>\n<!-- \/ Yoast SEO plugin. -->","yoast_head_json":{"title":"Gesundheits&shy;checks vor Ort - Apotheke in Rath","robots":{"index":"index","follow":"follow","max-snippet":"max-snippet:-1","max-image-preview":"max-image-preview:large","max-video-preview":"max-video-preview:-1"},"canonical":"https:\/\/www.apothekeinrath.de\/start\/gesundheitschecks\/","og_locale":"de_DE","og_type":"article","og_title":"Gesundheits&shy;checks vor Ort - Apotheke in Rath","og_description":"Gesundheitschecks vor Ort Verschiedene gesundheitsbezogene Daten k\u00f6nnen Sie ganz unkompliziert und jederzeit bei uns in der Apotheke bestimmen lassen. Hier eine \u00dcbersicht unserer Leistungen: Anschlie\u00dfend helfen wir nat\u00fcrlich auch gern bei der Interpretation des Ergebnisses. Au\u00dferdem k\u00f6nnen Sie jedes Jahr im Rahmen einer Aktionswoche einen Wert wie z.B. die Knochendichte oder den Vitamin-D-Spiegel bestimmen lassen.","og_url":"https:\/\/www.apothekeinrath.de\/start\/gesundheitschecks\/","og_site_name":"Apotheke in Rath","article_modified_time":"2024-08-01T14:08:56+00:00","twitter_card":"summary_large_image","twitter_misc":{"Gesch\u00e4tzte Lesezeit":"1\u00a0Minute"},"schema":{"@context":"https:\/\/schema.org","@graph":[{"@type":"WebPage","@id":"https:\/\/www.apothekeinrath.de\/start\/gesundheitschecks\/","url":"https:\/\/www.apothekeinrath.de\/start\/gesundheitschecks\/","name":"Gesundheits&shy;checks vor Ort - Apotheke in Rath","isPartOf":{"@id":"https:\/\/www.apothekeinrath.de\/start\/#website"},"datePublished":"2018-11-19T16:15:26+00:00","dateModified":"2024-08-01T14:08:56+00:00","breadcrumb":{"@id":"https:\/\/www.apothekeinrath.de\/start\/gesundheitschecks\/#breadcrumb"},"inLanguage":"de","potentialAction":[{"@type":"ReadAction","target":["https:\/\/www.apothekeinrath.de\/start\/gesundheitschecks\/"]}]},{"@type":"BreadcrumbList","@id":"https:\/\/www.apothekeinrath.de\/start\/gesundheitschecks\/#breadcrumb","itemListElement":[{"@type":"ListItem","position":1,"name":"Startseite","item":"https:\/\/www.apothekeinrath.de\/start\/"},{"@type":"ListItem","position":2,"name":"Gesundheits&shy;checks vor Ort"}]},{"@type":"WebSite","@id":"https:\/\/www.apothekeinrath.de\/start\/#website","url":"https:\/\/www.apothekeinrath.de\/start\/","name":"Apotheke in Rath","description":"","publisher":{"@id":"https:\/\/www.apothekeinrath.de\/start\/#organization"},"potentialAction":[{"@type":"SearchAction","target":{"@type":"EntryPoint","urlTemplate":"https:\/\/www.apothekeinrath.de\/start\/?s={search_term_string}"},"query-input":"required name=search_term_string"}],"inLanguage":"de"},{"@type":"Organization","@id":"https:\/\/www.apothekeinrath.de\/start\/#organization","name":"Apotheke in Rath","url":"https:\/\/www.apothekeinrath.de\/start\/","logo":{"@type":"ImageObject","inLanguage":"de","@id":"https:\/\/www.apothekeinrath.de\/start\/#\/schema\/logo\/image\/","url":"https:\/\/www.apothekeinrath.de\/wp-content\/uploads\/2020\/03\/Apotheke-in-Rath-LOGO.png","contentUrl":"https:\/\/www.apothekeinrath.de\/wp-content\/uploads\/2020\/03\/Apotheke-in-Rath-LOGO.png","width":650,"height":231,"caption":"Apotheke in Rath"},"image":{"@id":"https:\/\/www.apothekeinrath.de\/start\/#\/schema\/logo\/image\/"}}]}},"_links":{"self":[{"href":"https:\/\/www.apothekeinrath.de\/start\/wp-json\/wp\/v2\/pages\/42"}],"collection":[{"href":"https:\/\/www.apothekeinrath.de\/start\/wp-json\/wp\/v2\/pages"}],"about":[{"href":"https:\/\/www.apothekeinrath.de\/start\/wp-json\/wp\/v2\/types\/page"}],"author":[{"embeddable":true,"href":"https:\/\/www.apothekeinrath.de\/start\/wp-json\/wp\/v2\/users\/2"}],"replies":[{"embeddable":true,"href":"https:\/\/www.apothekeinrath.de\/start\/wp-json\/wp\/v2\/comments?post=42"}],"version-history":[{"count":3,"href":"https:\/\/www.apothekeinrath.de\/start\/wp-json\/wp\/v2\/pages\/42\/revisions"}],"predecessor-version":[{"id":1302,"href":"https:\/\/www.apothekeinrath.de\/start\/wp-json\/wp\/v2\/pages\/42\/revisions\/1302"}],"wp:attachment":[{"href":"https:\/\/www.apothekeinrath.de\/start\/wp-json\/wp\/v2\/media?parent=42"}],"curies":[{"name":"wp","href":"https:\/\/api.w.org\/{rel}","templated":true}]}}