{"id":55,"date":"2018-11-19T17:32:19","date_gmt":"2018-11-19T16:32:19","guid":{"rendered":"http:\/\/www.wordpress.apothekeinrath.de\/?page_id=55"},"modified":"2024-08-01T16:24:15","modified_gmt":"2024-08-01T14:24:15","slug":"so-finden-sie-uns","status":"publish","type":"page","link":"https:\/\/www.apothekeinrath.de\/start\/so-finden-sie-uns\/","title":{"rendered":"So finden Sie uns"},"content":{"rendered":"\n<h2 class=\"wp-block-heading\">So finden Sie uns<\/h2>\n\n\n\n<h5 class=\"wp-block-heading\"><b>Mit der S-Bahn:<\/b><\/h5>\n\n\n\n<p>Aus Richtung Ratingen oder D\u00fcsseldorf: S 6 bis D\u00fcsseldorf Rath, dann zur Westfalenstra\u00dfe noch ca. 300 m zu Fu\u00df.<\/p>\n\n\n\n<h5 class=\"wp-block-heading\"><b>Mit der Rheinbahn:<\/b><\/h5>\n\n\n\n<p>Aus Richtung Innenstadt: Stra\u00dfenbahn Linie 701 bis zur Haltestelle Rotdornstra\u00dfe.<\/p>\n\n\n\n<h5 class=\"wp-block-heading\"><b>Mit dem Auto:<\/b><\/h5>\n\n\n\n<p><strong>Navigationsadresse<\/strong>:<br>Rotdornstr. 1<br><span class=\"desktop-title-subcontent\">40472 D\u00fcsseldorf<\/span><\/p>\n\n\n\n<p>Parkpl\u00e4tze f\u00fcr das Auto und nat\u00fcrlich auch f\u00fcr das Fahrrad finden Sie hinter dem Haus.<\/p>\n\n\n\n<iframe src=\"https:\/\/www.google.com\/maps\/embed?pb=!1m18!1m12!1m3!1d2496.6246975969243!2d6.813197976111926!3d51.26281912854204!2m3!1f0!2f0!3f0!3m2!1i1024!2i768!4f13.1!3m3!1m2!1s0x47b8c9085fb7c25d%3A0xa02f41282723a745!2sApotheke%20in%20Rath!5e0!3m2!1sde!2sde!4v1722522186296!5m2!1sde!2sde\" width=\"600\" height=\"450\" style=\"border:0;\" allowfullscreen=\"\" loading=\"lazy\" referrerpolicy=\"no-referrer-when-downgrade\"><\/iframe>\n","protected":false},"excerpt":{"rendered":"<p>So finden Sie uns Mit der S-Bahn: Aus Richtung Ratingen oder D\u00fcsseldorf: S 6 bis D\u00fcsseldorf Rath, dann zur Westfalenstra\u00dfe noch ca. 300 m zu Fu\u00df. Mit der Rheinbahn: Aus Richtung Innenstadt: Stra\u00dfenbahn Linie 701 bis zur Haltestelle Rotdornstra\u00dfe. Mit dem Auto: Navigationsadresse:Rotdornstr. 140472 D\u00fcsseldorf Parkpl\u00e4tze f\u00fcr das Auto und nat\u00fcrlich auch f\u00fcr das Fahrrad [&hellip;]<\/p>\n","protected":false},"author":2,"featured_media":0,"parent":0,"menu_order":0,"comment_status":"closed","ping_status":"closed","template":"","meta":{"footnotes":""},"yoast_head":"<!-- This site is optimized with the Yoast SEO plugin v22.9 - https:\/\/yoast.com\/wordpress\/plugins\/seo\/ -->\n<title>So finden Sie uns - Apotheke in Rath<\/title>\n<meta name=\"robots\" content=\"index, follow, max-snippet:-1, max-image-preview:large, max-video-preview:-1\" \/>\n<link rel=\"canonical\" href=\"https:\/\/www.apothekeinrath.de\/start\/so-finden-sie-uns\/\" \/>\n<meta property=\"og:locale\" content=\"de_DE\" \/>\n<meta property=\"og:type\" content=\"article\" \/>\n<meta property=\"og:title\" content=\"So finden Sie uns - Apotheke in Rath\" \/>\n<meta property=\"og:description\" content=\"So finden Sie uns Mit der S-Bahn: Aus Richtung Ratingen oder D\u00fcsseldorf: S 6 bis D\u00fcsseldorf Rath, dann zur Westfalenstra\u00dfe noch ca. 300 m zu Fu\u00df. Mit der Rheinbahn: Aus Richtung Innenstadt: Stra\u00dfenbahn Linie 701 bis zur Haltestelle Rotdornstra\u00dfe. Mit dem Auto: Navigationsadresse:Rotdornstr. 140472 D\u00fcsseldorf Parkpl\u00e4tze f\u00fcr das Auto und nat\u00fcrlich auch f\u00fcr das Fahrrad [&hellip;]\" \/>\n<meta property=\"og:url\" content=\"https:\/\/www.apothekeinrath.de\/start\/so-finden-sie-uns\/\" \/>\n<meta property=\"og:site_name\" content=\"Apotheke in Rath\" \/>\n<meta property=\"article:modified_time\" content=\"2024-08-01T14:24:15+00:00\" \/>\n<meta name=\"twitter:card\" content=\"summary_large_image\" \/>\n<meta name=\"twitter:label1\" content=\"Gesch\u00e4tzte Lesezeit\" \/>\n\t<meta name=\"twitter:data1\" content=\"1\u00a0Minute\" \/>\n<script type=\"application\/ld+json\" class=\"yoast-schema-graph\">{\"@context\":\"https:\/\/schema.org\",\"@graph\":[{\"@type\":\"WebPage\",\"@id\":\"https:\/\/www.apothekeinrath.de\/start\/so-finden-sie-uns\/\",\"url\":\"https:\/\/www.apothekeinrath.de\/start\/so-finden-sie-uns\/\",\"name\":\"So finden Sie uns - Apotheke in Rath\",\"isPartOf\":{\"@id\":\"https:\/\/www.apothekeinrath.de\/start\/#website\"},\"datePublished\":\"2018-11-19T16:32:19+00:00\",\"dateModified\":\"2024-08-01T14:24:15+00:00\",\"breadcrumb\":{\"@id\":\"https:\/\/www.apothekeinrath.de\/start\/so-finden-sie-uns\/#breadcrumb\"},\"inLanguage\":\"de\",\"potentialAction\":[{\"@type\":\"ReadAction\",\"target\":[\"https:\/\/www.apothekeinrath.de\/start\/so-finden-sie-uns\/\"]}]},{\"@type\":\"BreadcrumbList\",\"@id\":\"https:\/\/www.apothekeinrath.de\/start\/so-finden-sie-uns\/#breadcrumb\",\"itemListElement\":[{\"@type\":\"ListItem\",\"position\":1,\"name\":\"Startseite\",\"item\":\"https:\/\/www.apothekeinrath.de\/start\/\"},{\"@type\":\"ListItem\",\"position\":2,\"name\":\"So finden Sie uns\"}]},{\"@type\":\"WebSite\",\"@id\":\"https:\/\/www.apothekeinrath.de\/start\/#website\",\"url\":\"https:\/\/www.apothekeinrath.de\/start\/\",\"name\":\"Apotheke in Rath\",\"description\":\"\",\"publisher\":{\"@id\":\"https:\/\/www.apothekeinrath.de\/start\/#organization\"},\"potentialAction\":[{\"@type\":\"SearchAction\",\"target\":{\"@type\":\"EntryPoint\",\"urlTemplate\":\"https:\/\/www.apothekeinrath.de\/start\/?s={search_term_string}\"},\"query-input\":\"required name=search_term_string\"}],\"inLanguage\":\"de\"},{\"@type\":\"Organization\",\"@id\":\"https:\/\/www.apothekeinrath.de\/start\/#organization\",\"name\":\"Apotheke in Rath\",\"url\":\"https:\/\/www.apothekeinrath.de\/start\/\",\"logo\":{\"@type\":\"ImageObject\",\"inLanguage\":\"de\",\"@id\":\"https:\/\/www.apothekeinrath.de\/start\/#\/schema\/logo\/image\/\",\"url\":\"https:\/\/www.apothekeinrath.de\/wp-content\/uploads\/2020\/03\/Apotheke-in-Rath-LOGO.png\",\"contentUrl\":\"https:\/\/www.apothekeinrath.de\/wp-content\/uploads\/2020\/03\/Apotheke-in-Rath-LOGO.png\",\"width\":650,\"height\":231,\"caption\":\"Apotheke in Rath\"},\"image\":{\"@id\":\"https:\/\/www.apothekeinrath.de\/start\/#\/schema\/logo\/image\/\"}}]}<\/script>\n<!-- \/ Yoast SEO plugin. -->","yoast_head_json":{"title":"So finden Sie uns - Apotheke in Rath","robots":{"index":"index","follow":"follow","max-snippet":"max-snippet:-1","max-image-preview":"max-image-preview:large","max-video-preview":"max-video-preview:-1"},"canonical":"https:\/\/www.apothekeinrath.de\/start\/so-finden-sie-uns\/","og_locale":"de_DE","og_type":"article","og_title":"So finden Sie uns - Apotheke in Rath","og_description":"So finden Sie uns Mit der S-Bahn: Aus Richtung Ratingen oder D\u00fcsseldorf: S 6 bis D\u00fcsseldorf Rath, dann zur Westfalenstra\u00dfe noch ca. 300 m zu Fu\u00df. Mit der Rheinbahn: Aus Richtung Innenstadt: Stra\u00dfenbahn Linie 701 bis zur Haltestelle Rotdornstra\u00dfe. Mit dem Auto: Navigationsadresse:Rotdornstr. 140472 D\u00fcsseldorf Parkpl\u00e4tze f\u00fcr das Auto und nat\u00fcrlich auch f\u00fcr das Fahrrad [&hellip;]","og_url":"https:\/\/www.apothekeinrath.de\/start\/so-finden-sie-uns\/","og_site_name":"Apotheke in Rath","article_modified_time":"2024-08-01T14:24:15+00:00","twitter_card":"summary_large_image","twitter_misc":{"Gesch\u00e4tzte Lesezeit":"1\u00a0Minute"},"schema":{"@context":"https:\/\/schema.org","@graph":[{"@type":"WebPage","@id":"https:\/\/www.apothekeinrath.de\/start\/so-finden-sie-uns\/","url":"https:\/\/www.apothekeinrath.de\/start\/so-finden-sie-uns\/","name":"So finden Sie uns - Apotheke in Rath","isPartOf":{"@id":"https:\/\/www.apothekeinrath.de\/start\/#website"},"datePublished":"2018-11-19T16:32:19+00:00","dateModified":"2024-08-01T14:24:15+00:00","breadcrumb":{"@id":"https:\/\/www.apothekeinrath.de\/start\/so-finden-sie-uns\/#breadcrumb"},"inLanguage":"de","potentialAction":[{"@type":"ReadAction","target":["https:\/\/www.apothekeinrath.de\/start\/so-finden-sie-uns\/"]}]},{"@type":"BreadcrumbList","@id":"https:\/\/www.apothekeinrath.de\/start\/so-finden-sie-uns\/#breadcrumb","itemListElement":[{"@type":"ListItem","position":1,"name":"Startseite","item":"https:\/\/www.apothekeinrath.de\/start\/"},{"@type":"ListItem","position":2,"name":"So finden Sie uns"}]},{"@type":"WebSite","@id":"https:\/\/www.apothekeinrath.de\/start\/#website","url":"https:\/\/www.apothekeinrath.de\/start\/","name":"Apotheke in Rath","description":"","publisher":{"@id":"https:\/\/www.apothekeinrath.de\/start\/#organization"},"potentialAction":[{"@type":"SearchAction","target":{"@type":"EntryPoint","urlTemplate":"https:\/\/www.apothekeinrath.de\/start\/?s={search_term_string}"},"query-input":"required name=search_term_string"}],"inLanguage":"de"},{"@type":"Organization","@id":"https:\/\/www.apothekeinrath.de\/start\/#organization","name":"Apotheke in Rath","url":"https:\/\/www.apothekeinrath.de\/start\/","logo":{"@type":"ImageObject","inLanguage":"de","@id":"https:\/\/www.apothekeinrath.de\/start\/#\/schema\/logo\/image\/","url":"https:\/\/www.apothekeinrath.de\/wp-content\/uploads\/2020\/03\/Apotheke-in-Rath-LOGO.png","contentUrl":"https:\/\/www.apothekeinrath.de\/wp-content\/uploads\/2020\/03\/Apotheke-in-Rath-LOGO.png","width":650,"height":231,"caption":"Apotheke in Rath"},"image":{"@id":"https:\/\/www.apothekeinrath.de\/start\/#\/schema\/logo\/image\/"}}]}},"_links":{"self":[{"href":"https:\/\/www.apothekeinrath.de\/start\/wp-json\/wp\/v2\/pages\/55"}],"collection":[{"href":"https:\/\/www.apothekeinrath.de\/start\/wp-json\/wp\/v2\/pages"}],"about":[{"href":"https:\/\/www.apothekeinrath.de\/start\/wp-json\/wp\/v2\/types\/page"}],"author":[{"embeddable":true,"href":"https:\/\/www.apothekeinrath.de\/start\/wp-json\/wp\/v2\/users\/2"}],"replies":[{"embeddable":true,"href":"https:\/\/www.apothekeinrath.de\/start\/wp-json\/wp\/v2\/comments?post=55"}],"version-history":[{"count":4,"href":"https:\/\/www.apothekeinrath.de\/start\/wp-json\/wp\/v2\/pages\/55\/revisions"}],"predecessor-version":[{"id":1315,"href":"https:\/\/www.apothekeinrath.de\/start\/wp-json\/wp\/v2\/pages\/55\/revisions\/1315"}],"wp:attachment":[{"href":"https:\/\/www.apothekeinrath.de\/start\/wp-json\/wp\/v2\/media?parent=55"}],"curies":[{"name":"wp","href":"https:\/\/api.w.org\/{rel}","templated":true}]}}