{"id":557,"date":"2020-01-10T19:36:30","date_gmt":"2020-01-10T18:36:30","guid":{"rendered":"http:\/\/www.wordpress.apothekeinrath.de\/?page_id=557"},"modified":"2024-08-01T16:12:03","modified_gmt":"2024-08-01T14:12:03","slug":"pflegebetreuung","status":"publish","type":"page","link":"https:\/\/www.apothekeinrath.de\/start\/pflegebetreuung\/","title":{"rendered":"Pflege&shy;betreuung"},"content":{"rendered":"\n<h2 class=\"wp-block-heading\">Pflegebetreuung<\/h2>\n\n\n\n<p>Als erfahrener Partner in Sachen Pflegeversorgung betreuen wir Sie oder Ihre Angeh\u00f6rigen gern. Dabei sichern wir die Versorgung im Rahmen der Pflegepauschale von 40 Euro mit Pflegehilfsmitteln wie z.B. H\u00e4nde- oder Fl\u00e4chendesinfektionsmittel ab und geben hilfreiche Tipps.<\/p>\n\n\n\n<p> Wir stehen in engem Kontakt mit verschiedenen D\u00fcsseldorfer  Pflegediensten, sowie einem Alten- und Pflegeheim und k\u00f6nnen Sie somit  kompetent beraten oder das f\u00fcr Sie pers\u00f6nlich passende Hilfsangebot  zukommen lassen. <\/p>\n\n\n\n<p><\/p>\n","protected":false},"excerpt":{"rendered":"<p>Pflegebetreuung Als erfahrener Partner in Sachen Pflegeversorgung betreuen wir Sie oder Ihre Angeh\u00f6rigen gern. Dabei sichern wir die Versorgung im Rahmen der Pflegepauschale von 40 Euro mit Pflegehilfsmitteln wie z.B. H\u00e4nde- oder Fl\u00e4chendesinfektionsmittel ab und geben hilfreiche Tipps. Wir stehen in engem Kontakt mit verschiedenen D\u00fcsseldorfer Pflegediensten, sowie einem Alten- und Pflegeheim und k\u00f6nnen Sie [&hellip;]<\/p>\n","protected":false},"author":2,"featured_media":0,"parent":0,"menu_order":0,"comment_status":"closed","ping_status":"closed","template":"","meta":{"footnotes":""},"yoast_head":"<!-- This site is optimized with the Yoast SEO plugin v22.9 - https:\/\/yoast.com\/wordpress\/plugins\/seo\/ -->\n<title>Pflege&shy;betreuung - Apotheke in Rath<\/title>\n<meta name=\"robots\" content=\"index, follow, max-snippet:-1, max-image-preview:large, max-video-preview:-1\" \/>\n<link rel=\"canonical\" href=\"https:\/\/www.apothekeinrath.de\/start\/pflegebetreuung\/\" \/>\n<meta property=\"og:locale\" content=\"de_DE\" \/>\n<meta property=\"og:type\" content=\"article\" \/>\n<meta property=\"og:title\" content=\"Pflege&shy;betreuung - Apotheke in Rath\" \/>\n<meta property=\"og:description\" content=\"Pflegebetreuung Als erfahrener Partner in Sachen Pflegeversorgung betreuen wir Sie oder Ihre Angeh\u00f6rigen gern. Dabei sichern wir die Versorgung im Rahmen der Pflegepauschale von 40 Euro mit Pflegehilfsmitteln wie z.B. H\u00e4nde- oder Fl\u00e4chendesinfektionsmittel ab und geben hilfreiche Tipps. Wir stehen in engem Kontakt mit verschiedenen D\u00fcsseldorfer Pflegediensten, sowie einem Alten- und Pflegeheim und k\u00f6nnen Sie [&hellip;]\" \/>\n<meta property=\"og:url\" content=\"https:\/\/www.apothekeinrath.de\/start\/pflegebetreuung\/\" \/>\n<meta property=\"og:site_name\" content=\"Apotheke in Rath\" \/>\n<meta property=\"article:modified_time\" content=\"2024-08-01T14:12:03+00:00\" \/>\n<meta name=\"twitter:card\" content=\"summary_large_image\" \/>\n<meta name=\"twitter:label1\" content=\"Gesch\u00e4tzte Lesezeit\" \/>\n\t<meta name=\"twitter:data1\" content=\"1\u00a0Minute\" \/>\n<script type=\"application\/ld+json\" class=\"yoast-schema-graph\">{\"@context\":\"https:\/\/schema.org\",\"@graph\":[{\"@type\":\"WebPage\",\"@id\":\"https:\/\/www.apothekeinrath.de\/start\/pflegebetreuung\/\",\"url\":\"https:\/\/www.apothekeinrath.de\/start\/pflegebetreuung\/\",\"name\":\"Pflege&shy;betreuung - Apotheke in Rath\",\"isPartOf\":{\"@id\":\"https:\/\/www.apothekeinrath.de\/start\/#website\"},\"datePublished\":\"2020-01-10T18:36:30+00:00\",\"dateModified\":\"2024-08-01T14:12:03+00:00\",\"breadcrumb\":{\"@id\":\"https:\/\/www.apothekeinrath.de\/start\/pflegebetreuung\/#breadcrumb\"},\"inLanguage\":\"de\",\"potentialAction\":[{\"@type\":\"ReadAction\",\"target\":[\"https:\/\/www.apothekeinrath.de\/start\/pflegebetreuung\/\"]}]},{\"@type\":\"BreadcrumbList\",\"@id\":\"https:\/\/www.apothekeinrath.de\/start\/pflegebetreuung\/#breadcrumb\",\"itemListElement\":[{\"@type\":\"ListItem\",\"position\":1,\"name\":\"Startseite\",\"item\":\"https:\/\/www.apothekeinrath.de\/start\/\"},{\"@type\":\"ListItem\",\"position\":2,\"name\":\"Pflege&shy;betreuung\"}]},{\"@type\":\"WebSite\",\"@id\":\"https:\/\/www.apothekeinrath.de\/start\/#website\",\"url\":\"https:\/\/www.apothekeinrath.de\/start\/\",\"name\":\"Apotheke in Rath\",\"description\":\"\",\"publisher\":{\"@id\":\"https:\/\/www.apothekeinrath.de\/start\/#organization\"},\"potentialAction\":[{\"@type\":\"SearchAction\",\"target\":{\"@type\":\"EntryPoint\",\"urlTemplate\":\"https:\/\/www.apothekeinrath.de\/start\/?s={search_term_string}\"},\"query-input\":\"required name=search_term_string\"}],\"inLanguage\":\"de\"},{\"@type\":\"Organization\",\"@id\":\"https:\/\/www.apothekeinrath.de\/start\/#organization\",\"name\":\"Apotheke in Rath\",\"url\":\"https:\/\/www.apothekeinrath.de\/start\/\",\"logo\":{\"@type\":\"ImageObject\",\"inLanguage\":\"de\",\"@id\":\"https:\/\/www.apothekeinrath.de\/start\/#\/schema\/logo\/image\/\",\"url\":\"https:\/\/www.apothekeinrath.de\/wp-content\/uploads\/2020\/03\/Apotheke-in-Rath-LOGO.png\",\"contentUrl\":\"https:\/\/www.apothekeinrath.de\/wp-content\/uploads\/2020\/03\/Apotheke-in-Rath-LOGO.png\",\"width\":650,\"height\":231,\"caption\":\"Apotheke in Rath\"},\"image\":{\"@id\":\"https:\/\/www.apothekeinrath.de\/start\/#\/schema\/logo\/image\/\"}}]}<\/script>\n<!-- \/ Yoast SEO plugin. -->","yoast_head_json":{"title":"Pflege&shy;betreuung - Apotheke in Rath","robots":{"index":"index","follow":"follow","max-snippet":"max-snippet:-1","max-image-preview":"max-image-preview:large","max-video-preview":"max-video-preview:-1"},"canonical":"https:\/\/www.apothekeinrath.de\/start\/pflegebetreuung\/","og_locale":"de_DE","og_type":"article","og_title":"Pflege&shy;betreuung - Apotheke in Rath","og_description":"Pflegebetreuung Als erfahrener Partner in Sachen Pflegeversorgung betreuen wir Sie oder Ihre Angeh\u00f6rigen gern. Dabei sichern wir die Versorgung im Rahmen der Pflegepauschale von 40 Euro mit Pflegehilfsmitteln wie z.B. H\u00e4nde- oder Fl\u00e4chendesinfektionsmittel ab und geben hilfreiche Tipps. Wir stehen in engem Kontakt mit verschiedenen D\u00fcsseldorfer Pflegediensten, sowie einem Alten- und Pflegeheim und k\u00f6nnen Sie [&hellip;]","og_url":"https:\/\/www.apothekeinrath.de\/start\/pflegebetreuung\/","og_site_name":"Apotheke in Rath","article_modified_time":"2024-08-01T14:12:03+00:00","twitter_card":"summary_large_image","twitter_misc":{"Gesch\u00e4tzte Lesezeit":"1\u00a0Minute"},"schema":{"@context":"https:\/\/schema.org","@graph":[{"@type":"WebPage","@id":"https:\/\/www.apothekeinrath.de\/start\/pflegebetreuung\/","url":"https:\/\/www.apothekeinrath.de\/start\/pflegebetreuung\/","name":"Pflege&shy;betreuung - Apotheke in Rath","isPartOf":{"@id":"https:\/\/www.apothekeinrath.de\/start\/#website"},"datePublished":"2020-01-10T18:36:30+00:00","dateModified":"2024-08-01T14:12:03+00:00","breadcrumb":{"@id":"https:\/\/www.apothekeinrath.de\/start\/pflegebetreuung\/#breadcrumb"},"inLanguage":"de","potentialAction":[{"@type":"ReadAction","target":["https:\/\/www.apothekeinrath.de\/start\/pflegebetreuung\/"]}]},{"@type":"BreadcrumbList","@id":"https:\/\/www.apothekeinrath.de\/start\/pflegebetreuung\/#breadcrumb","itemListElement":[{"@type":"ListItem","position":1,"name":"Startseite","item":"https:\/\/www.apothekeinrath.de\/start\/"},{"@type":"ListItem","position":2,"name":"Pflege&shy;betreuung"}]},{"@type":"WebSite","@id":"https:\/\/www.apothekeinrath.de\/start\/#website","url":"https:\/\/www.apothekeinrath.de\/start\/","name":"Apotheke in Rath","description":"","publisher":{"@id":"https:\/\/www.apothekeinrath.de\/start\/#organization"},"potentialAction":[{"@type":"SearchAction","target":{"@type":"EntryPoint","urlTemplate":"https:\/\/www.apothekeinrath.de\/start\/?s={search_term_string}"},"query-input":"required name=search_term_string"}],"inLanguage":"de"},{"@type":"Organization","@id":"https:\/\/www.apothekeinrath.de\/start\/#organization","name":"Apotheke in Rath","url":"https:\/\/www.apothekeinrath.de\/start\/","logo":{"@type":"ImageObject","inLanguage":"de","@id":"https:\/\/www.apothekeinrath.de\/start\/#\/schema\/logo\/image\/","url":"https:\/\/www.apothekeinrath.de\/wp-content\/uploads\/2020\/03\/Apotheke-in-Rath-LOGO.png","contentUrl":"https:\/\/www.apothekeinrath.de\/wp-content\/uploads\/2020\/03\/Apotheke-in-Rath-LOGO.png","width":650,"height":231,"caption":"Apotheke in Rath"},"image":{"@id":"https:\/\/www.apothekeinrath.de\/start\/#\/schema\/logo\/image\/"}}]}},"_links":{"self":[{"href":"https:\/\/www.apothekeinrath.de\/start\/wp-json\/wp\/v2\/pages\/557"}],"collection":[{"href":"https:\/\/www.apothekeinrath.de\/start\/wp-json\/wp\/v2\/pages"}],"about":[{"href":"https:\/\/www.apothekeinrath.de\/start\/wp-json\/wp\/v2\/types\/page"}],"author":[{"embeddable":true,"href":"https:\/\/www.apothekeinrath.de\/start\/wp-json\/wp\/v2\/users\/2"}],"replies":[{"embeddable":true,"href":"https:\/\/www.apothekeinrath.de\/start\/wp-json\/wp\/v2\/comments?post=557"}],"version-history":[{"count":3,"href":"https:\/\/www.apothekeinrath.de\/start\/wp-json\/wp\/v2\/pages\/557\/revisions"}],"predecessor-version":[{"id":1307,"href":"https:\/\/www.apothekeinrath.de\/start\/wp-json\/wp\/v2\/pages\/557\/revisions\/1307"}],"wp:attachment":[{"href":"https:\/\/www.apothekeinrath.de\/start\/wp-json\/wp\/v2\/media?parent=557"}],"curies":[{"name":"wp","href":"https:\/\/api.w.org\/{rel}","templated":true}]}}