{"id":563,"date":"2020-01-10T19:41:46","date_gmt":"2020-01-10T18:41:46","guid":{"rendered":"http:\/\/www.wordpress.apothekeinrath.de\/?page_id=563"},"modified":"2024-08-01T16:04:17","modified_gmt":"2024-08-01T14:04:17","slug":"geraeteverleih","status":"publish","type":"page","link":"https:\/\/www.apothekeinrath.de\/start\/geraeteverleih\/","title":{"rendered":"Ger\u00e4teverleih"},"content":{"rendered":"\n<h2 class=\"wp-block-heading\">Ger\u00e4teverleih<\/h2>\n\n\n\n<p>Verschiedene Ger\u00e4te wie elektrische Milchpumpen oder elektrische Babywaagen werden nur f\u00fcr einen relativ kurzen Zeitraum ben\u00f6tigt. Darum ist es durchaus lohnenswert diese nicht zu kaufen, sondern in der Apotheke auszuleihen.<\/p>\n\n\n\n<div style=\"height:20px\" aria-hidden=\"true\" class=\"wp-block-spacer\"><\/div>\n\n\n\n<p>Hier sehen Sie eine \u00dcbersicht der in der Apotheke in Rath vorr\u00e4tigen Leihger\u00e4te:<\/p>\n\n\n\n<table id=\"tablepress-3\" class=\"tablepress tablepress-id-3\">\n<thead>\n<tr class=\"row-1 odd\">\n\t<th class=\"column-1\">Leihger\u00e4t<\/th><th class=\"column-2\">Kosten<\/th>\n<\/tr>\n<\/thead>\n<tbody class=\"row-hover\">\n<tr class=\"row-2 even\">\n\t<td class=\"column-1\">Elektische Milchpumpe <strong>auf \u00e4rztliche Verordnung<\/strong><\/td><td class=\"column-2\">Kostenlose Miete + 50 \u20ac Kaution<\/td>\n<\/tr>\n<tr class=\"row-3 odd\">\n\t<td class=\"column-1\">Elektische Milchpumpe <strong>ohne \u00e4rztliche Verordnung <\/strong><\/td><td class=\"column-2\">1,50 \u20ac pro Tag + 50 \u20ac Kaution<\/td>\n<\/tr>\n<tr class=\"row-4 even\">\n\t<td class=\"column-1\">Elektrische Babywaage<\/td><td class=\"column-2\">15,00 \u20ac pro angefangener Monat + 50 \u20ac Kaution<\/td>\n<\/tr>\n<\/tbody>\n<\/table>\n<!-- #tablepress-3 from cache -->\n\n\n\n<p class=\"has-text-color has-background\" style=\"color:#ffffff;background-color:#b6cc41\"><strong>Unser Tipp:<\/strong> Achten Sie auch auf die Verordnung des Zubeh\u00f6rsets (Transportschl\u00e4uche und Milchflasche) f\u00fcr die elektrische Milchpumpe.<\/p>\n","protected":false},"excerpt":{"rendered":"<p>Ger\u00e4teverleih Verschiedene Ger\u00e4te wie elektrische Milchpumpen oder elektrische Babywaagen werden nur f\u00fcr einen relativ kurzen Zeitraum ben\u00f6tigt. Darum ist es durchaus lohnenswert diese nicht zu kaufen, sondern in der Apotheke auszuleihen. Hier sehen Sie eine \u00dcbersicht der in der Apotheke in Rath vorr\u00e4tigen Leihger\u00e4te: Unser Tipp: Achten Sie auch auf die Verordnung des Zubeh\u00f6rsets (Transportschl\u00e4uche [&hellip;]<\/p>\n","protected":false},"author":2,"featured_media":0,"parent":0,"menu_order":0,"comment_status":"closed","ping_status":"closed","template":"","meta":{"footnotes":""},"yoast_head":"<!-- This site is optimized with the Yoast SEO plugin v22.9 - https:\/\/yoast.com\/wordpress\/plugins\/seo\/ -->\n<title>Ger\u00e4teverleih - Apotheke in Rath<\/title>\n<meta name=\"robots\" content=\"index, follow, max-snippet:-1, max-image-preview:large, max-video-preview:-1\" \/>\n<link rel=\"canonical\" href=\"https:\/\/www.apothekeinrath.de\/start\/geraeteverleih\/\" \/>\n<meta property=\"og:locale\" content=\"de_DE\" \/>\n<meta property=\"og:type\" content=\"article\" \/>\n<meta property=\"og:title\" content=\"Ger\u00e4teverleih - Apotheke in Rath\" \/>\n<meta property=\"og:description\" content=\"Ger\u00e4teverleih Verschiedene Ger\u00e4te wie elektrische Milchpumpen oder elektrische Babywaagen werden nur f\u00fcr einen relativ kurzen Zeitraum ben\u00f6tigt. Darum ist es durchaus lohnenswert diese nicht zu kaufen, sondern in der Apotheke auszuleihen. Hier sehen Sie eine \u00dcbersicht der in der Apotheke in Rath vorr\u00e4tigen Leihger\u00e4te: Unser Tipp: Achten Sie auch auf die Verordnung des Zubeh\u00f6rsets (Transportschl\u00e4uche [&hellip;]\" \/>\n<meta property=\"og:url\" content=\"https:\/\/www.apothekeinrath.de\/start\/geraeteverleih\/\" \/>\n<meta property=\"og:site_name\" content=\"Apotheke in Rath\" \/>\n<meta property=\"article:modified_time\" content=\"2024-08-01T14:04:17+00:00\" \/>\n<meta name=\"twitter:card\" content=\"summary_large_image\" \/>\n<meta name=\"twitter:label1\" content=\"Gesch\u00e4tzte Lesezeit\" \/>\n\t<meta name=\"twitter:data1\" content=\"1\u00a0Minute\" \/>\n<script type=\"application\/ld+json\" class=\"yoast-schema-graph\">{\"@context\":\"https:\/\/schema.org\",\"@graph\":[{\"@type\":\"WebPage\",\"@id\":\"https:\/\/www.apothekeinrath.de\/start\/geraeteverleih\/\",\"url\":\"https:\/\/www.apothekeinrath.de\/start\/geraeteverleih\/\",\"name\":\"Ger\u00e4teverleih - Apotheke in Rath\",\"isPartOf\":{\"@id\":\"https:\/\/www.apothekeinrath.de\/start\/#website\"},\"datePublished\":\"2020-01-10T18:41:46+00:00\",\"dateModified\":\"2024-08-01T14:04:17+00:00\",\"breadcrumb\":{\"@id\":\"https:\/\/www.apothekeinrath.de\/start\/geraeteverleih\/#breadcrumb\"},\"inLanguage\":\"de\",\"potentialAction\":[{\"@type\":\"ReadAction\",\"target\":[\"https:\/\/www.apothekeinrath.de\/start\/geraeteverleih\/\"]}]},{\"@type\":\"BreadcrumbList\",\"@id\":\"https:\/\/www.apothekeinrath.de\/start\/geraeteverleih\/#breadcrumb\",\"itemListElement\":[{\"@type\":\"ListItem\",\"position\":1,\"name\":\"Startseite\",\"item\":\"https:\/\/www.apothekeinrath.de\/start\/\"},{\"@type\":\"ListItem\",\"position\":2,\"name\":\"Ger\u00e4teverleih\"}]},{\"@type\":\"WebSite\",\"@id\":\"https:\/\/www.apothekeinrath.de\/start\/#website\",\"url\":\"https:\/\/www.apothekeinrath.de\/start\/\",\"name\":\"Apotheke in Rath\",\"description\":\"\",\"publisher\":{\"@id\":\"https:\/\/www.apothekeinrath.de\/start\/#organization\"},\"potentialAction\":[{\"@type\":\"SearchAction\",\"target\":{\"@type\":\"EntryPoint\",\"urlTemplate\":\"https:\/\/www.apothekeinrath.de\/start\/?s={search_term_string}\"},\"query-input\":\"required name=search_term_string\"}],\"inLanguage\":\"de\"},{\"@type\":\"Organization\",\"@id\":\"https:\/\/www.apothekeinrath.de\/start\/#organization\",\"name\":\"Apotheke in Rath\",\"url\":\"https:\/\/www.apothekeinrath.de\/start\/\",\"logo\":{\"@type\":\"ImageObject\",\"inLanguage\":\"de\",\"@id\":\"https:\/\/www.apothekeinrath.de\/start\/#\/schema\/logo\/image\/\",\"url\":\"https:\/\/www.apothekeinrath.de\/wp-content\/uploads\/2020\/03\/Apotheke-in-Rath-LOGO.png\",\"contentUrl\":\"https:\/\/www.apothekeinrath.de\/wp-content\/uploads\/2020\/03\/Apotheke-in-Rath-LOGO.png\",\"width\":650,\"height\":231,\"caption\":\"Apotheke in Rath\"},\"image\":{\"@id\":\"https:\/\/www.apothekeinrath.de\/start\/#\/schema\/logo\/image\/\"}}]}<\/script>\n<!-- \/ Yoast SEO plugin. -->","yoast_head_json":{"title":"Ger\u00e4teverleih - Apotheke in Rath","robots":{"index":"index","follow":"follow","max-snippet":"max-snippet:-1","max-image-preview":"max-image-preview:large","max-video-preview":"max-video-preview:-1"},"canonical":"https:\/\/www.apothekeinrath.de\/start\/geraeteverleih\/","og_locale":"de_DE","og_type":"article","og_title":"Ger\u00e4teverleih - Apotheke in Rath","og_description":"Ger\u00e4teverleih Verschiedene Ger\u00e4te wie elektrische Milchpumpen oder elektrische Babywaagen werden nur f\u00fcr einen relativ kurzen Zeitraum ben\u00f6tigt. Darum ist es durchaus lohnenswert diese nicht zu kaufen, sondern in der Apotheke auszuleihen. Hier sehen Sie eine \u00dcbersicht der in der Apotheke in Rath vorr\u00e4tigen Leihger\u00e4te: Unser Tipp: Achten Sie auch auf die Verordnung des Zubeh\u00f6rsets (Transportschl\u00e4uche [&hellip;]","og_url":"https:\/\/www.apothekeinrath.de\/start\/geraeteverleih\/","og_site_name":"Apotheke in Rath","article_modified_time":"2024-08-01T14:04:17+00:00","twitter_card":"summary_large_image","twitter_misc":{"Gesch\u00e4tzte Lesezeit":"1\u00a0Minute"},"schema":{"@context":"https:\/\/schema.org","@graph":[{"@type":"WebPage","@id":"https:\/\/www.apothekeinrath.de\/start\/geraeteverleih\/","url":"https:\/\/www.apothekeinrath.de\/start\/geraeteverleih\/","name":"Ger\u00e4teverleih - Apotheke in Rath","isPartOf":{"@id":"https:\/\/www.apothekeinrath.de\/start\/#website"},"datePublished":"2020-01-10T18:41:46+00:00","dateModified":"2024-08-01T14:04:17+00:00","breadcrumb":{"@id":"https:\/\/www.apothekeinrath.de\/start\/geraeteverleih\/#breadcrumb"},"inLanguage":"de","potentialAction":[{"@type":"ReadAction","target":["https:\/\/www.apothekeinrath.de\/start\/geraeteverleih\/"]}]},{"@type":"BreadcrumbList","@id":"https:\/\/www.apothekeinrath.de\/start\/geraeteverleih\/#breadcrumb","itemListElement":[{"@type":"ListItem","position":1,"name":"Startseite","item":"https:\/\/www.apothekeinrath.de\/start\/"},{"@type":"ListItem","position":2,"name":"Ger\u00e4teverleih"}]},{"@type":"WebSite","@id":"https:\/\/www.apothekeinrath.de\/start\/#website","url":"https:\/\/www.apothekeinrath.de\/start\/","name":"Apotheke in Rath","description":"","publisher":{"@id":"https:\/\/www.apothekeinrath.de\/start\/#organization"},"potentialAction":[{"@type":"SearchAction","target":{"@type":"EntryPoint","urlTemplate":"https:\/\/www.apothekeinrath.de\/start\/?s={search_term_string}"},"query-input":"required name=search_term_string"}],"inLanguage":"de"},{"@type":"Organization","@id":"https:\/\/www.apothekeinrath.de\/start\/#organization","name":"Apotheke in Rath","url":"https:\/\/www.apothekeinrath.de\/start\/","logo":{"@type":"ImageObject","inLanguage":"de","@id":"https:\/\/www.apothekeinrath.de\/start\/#\/schema\/logo\/image\/","url":"https:\/\/www.apothekeinrath.de\/wp-content\/uploads\/2020\/03\/Apotheke-in-Rath-LOGO.png","contentUrl":"https:\/\/www.apothekeinrath.de\/wp-content\/uploads\/2020\/03\/Apotheke-in-Rath-LOGO.png","width":650,"height":231,"caption":"Apotheke in Rath"},"image":{"@id":"https:\/\/www.apothekeinrath.de\/start\/#\/schema\/logo\/image\/"}}]}},"_links":{"self":[{"href":"https:\/\/www.apothekeinrath.de\/start\/wp-json\/wp\/v2\/pages\/563"}],"collection":[{"href":"https:\/\/www.apothekeinrath.de\/start\/wp-json\/wp\/v2\/pages"}],"about":[{"href":"https:\/\/www.apothekeinrath.de\/start\/wp-json\/wp\/v2\/types\/page"}],"author":[{"embeddable":true,"href":"https:\/\/www.apothekeinrath.de\/start\/wp-json\/wp\/v2\/users\/2"}],"replies":[{"embeddable":true,"href":"https:\/\/www.apothekeinrath.de\/start\/wp-json\/wp\/v2\/comments?post=563"}],"version-history":[{"count":3,"href":"https:\/\/www.apothekeinrath.de\/start\/wp-json\/wp\/v2\/pages\/563\/revisions"}],"predecessor-version":[{"id":1298,"href":"https:\/\/www.apothekeinrath.de\/start\/wp-json\/wp\/v2\/pages\/563\/revisions\/1298"}],"wp:attachment":[{"href":"https:\/\/www.apothekeinrath.de\/start\/wp-json\/wp\/v2\/media?parent=563"}],"curies":[{"name":"wp","href":"https:\/\/api.w.org\/{rel}","templated":true}]}}