{"id":57,"date":"2018-11-19T17:33:03","date_gmt":"2018-11-19T16:33:03","guid":{"rendered":"http:\/\/www.wordpress.apothekeinrath.de\/?page_id=57"},"modified":"2024-08-01T16:28:45","modified_gmt":"2024-08-01T14:28:45","slug":"impressum","status":"publish","type":"page","link":"https:\/\/www.apothekeinrath.de\/start\/impressum\/","title":{"rendered":"Impressum"},"content":{"rendered":"\n<h2 class=\"wp-block-heading\">Impressum<\/h2>\n\n\n\n<p>Carsten Schmitz<br>Apotheke in Rath<br>Westfalenstr. 49<br>40472 D\u00fcsseldorf<br><br>Tel: 0211 654316<br>Fax: 0211 652979<br>E-Mail: <a href=\"mailto:beratung@apothekeinrath.de\">beratung@apothekeinrath.de<\/a><\/p>\n\n\n\n<div style=\"height:20px\" aria-hidden=\"true\" class=\"wp-block-spacer\"><\/div>\n\n\n\n<h5 class=\"wp-block-heading\">Zust\u00e4ndige Aufsichtsbeh\u00f6rde:<\/h5>\n\n\n\n<p>Gesundheitsamt der Stadt D\u00fcsseldorf<br>K\u00f6lner Str. 180<br>Amtsapotheker Tel. 8992614<\/p>\n\n\n\n<div style=\"height:20px\" aria-hidden=\"true\" class=\"wp-block-spacer\"><\/div>\n\n\n\n<h5 class=\"wp-block-heading\">Handelsregistereintrag:<\/h5>\n\n\n\n<p>HRA 3946 Amtsgericht D\u00fcsseldorf<br>Carsten Schmitz e.K.<\/p>\n\n\n\n<div style=\"height:20px\" aria-hidden=\"true\" class=\"wp-block-spacer\"><\/div>\n\n\n\n<h5 class=\"wp-block-heading\">Apothekerkammer Nordrhein<\/h5>\n\n\n\n<p>Poststr.4<br>40213 D\u00fcsseldorf<br><a rel=\"noreferrer noopener\" href=\"http:\/\/www.aknr.de\/\" target=\"_blank\">Zur Website<\/a><\/p>\n\n\n\n<div style=\"height:20px\" aria-hidden=\"true\" class=\"wp-block-spacer\"><\/div>\n\n\n\n<h5 class=\"wp-block-heading\">Umsatzsteuer Apotheke in Rath<\/h5>\n\n\n\n<p>Identifikationsnummer DE 199555024<\/p>\n\n\n\n<div style=\"height:20px\" aria-hidden=\"true\" class=\"wp-block-spacer\"><\/div>\n\n\n\n<h5 class=\"wp-block-heading\">Gesetzliche Berufsbezeichnung:<\/h5>\n\n\n\n<p>Apotheker (Titel verliehen in Deutschland)<\/p>\n\n\n\n<div style=\"height:20px\" aria-hidden=\"true\" class=\"wp-block-spacer\"><\/div>\n\n\n\n<h4 class=\"wp-block-heading\">Disclaimer<\/h4>\n\n\n\n<p>C. Schmitz Inhaltsanbieter ist nach \u00a7 6 Abs.1 Mediendienste-Staatsvertrag f\u00fcr die &#8222;eigenen Inhalte&#8220;, die er zur Nutzung bereith\u00e4lt, nach den allgemeinen Gesetzen verantwortlich. Von diesen eigenen Inhalten sind Querverweise (&#8222;Links&#8220;) auf die von anderen Anbietern bereitgehaltenen Inhalte zu unterscheiden. Durch den Querverweis h\u00e4lt C. Schmitz insofern &#8222;fremde Inhalte&#8220; zur Nutzung bereit, die in dieser Weise gekennzeichnet sind:<\/p>\n\n\n\n<p><br>Bei &#8222;Links&#8220; handelt es sich stets um &#8222;lebende&#8220; (dynamische) Verweisungen. C. Schmitz hat bei der erstmaligen Verkn\u00fcpfung zwar den fremden Inhalt daraufhin \u00fcberpr\u00fcft, ob durch ihn eine m\u00f6gliche zivilrechtliche oder strafrechtliche Verantwortlichkeit ausgel\u00f6st wird. Er \u00fcberpr\u00fcft aber die Inhalte, auf die er in seinem Angebot verweist, nicht st\u00e4ndig auf Ver\u00e4nderungen, die eine Verantwortlichkeit neu begr\u00fcnden k\u00f6nnten. Wenn er feststellt oder von anderen darauf hingewiesen wird, dass ein konkretes Angebot, zu dem er einen Link bereitgestellt hat, eine zivil- oder strafrechtliche Verantwortlichkeit ausl\u00f6st, wird er den Verweis auf dieses Angebot aufheben.<\/p>\n\n\n\n<p><br>Die f\u00fcr die Apotheke zust\u00e4ndige Verbraucherschlichtungsstelle ist die Allgemeine Verbraucherschlichtungsstelle des Zentrums f\u00fcr Schlichtung e.V., Stra\u00dfburger Stra\u00dfe 8, 77694 Kehl am Rhein, Tel. 07851\/7957940, Fax 07851\/7957941, E-Mail: mail@verbraucher-schlichter.de, Webseite: www.verbraucher-schlichter.de. Bitte beachten Sie: Diese Apotheke beteiligt sich nicht an Verbraucherschlichtungsverfahren nach dem Verbraucherstreitbeilegungsgesetz.<br> <\/p>\n","protected":false},"excerpt":{"rendered":"<p>Impressum Carsten SchmitzApotheke in RathWestfalenstr. 4940472 D\u00fcsseldorf Tel: 0211 654316Fax: 0211 652979E-Mail: beratung@apothekeinrath.de Zust\u00e4ndige Aufsichtsbeh\u00f6rde: Gesundheitsamt der Stadt D\u00fcsseldorfK\u00f6lner Str. 180Amtsapotheker Tel. 8992614 Handelsregistereintrag: HRA 3946 Amtsgericht D\u00fcsseldorfCarsten Schmitz e.K. Apothekerkammer Nordrhein Poststr.440213 D\u00fcsseldorfZur Website Umsatzsteuer Apotheke in Rath Identifikationsnummer DE 199555024 Gesetzliche Berufsbezeichnung: Apotheker (Titel verliehen in Deutschland) Disclaimer C. Schmitz Inhaltsanbieter ist nach [&hellip;]<\/p>\n","protected":false},"author":2,"featured_media":0,"parent":0,"menu_order":0,"comment_status":"closed","ping_status":"closed","template":"","meta":{"footnotes":""},"yoast_head":"<!-- This site is optimized with the Yoast SEO plugin v22.9 - https:\/\/yoast.com\/wordpress\/plugins\/seo\/ -->\n<title>Impressum - Apotheke in Rath<\/title>\n<meta name=\"robots\" content=\"noindex, follow\" \/>\n<meta property=\"og:locale\" content=\"de_DE\" \/>\n<meta property=\"og:type\" content=\"article\" \/>\n<meta property=\"og:title\" content=\"Impressum - Apotheke in Rath\" \/>\n<meta property=\"og:description\" content=\"Impressum Carsten SchmitzApotheke in RathWestfalenstr. 4940472 D\u00fcsseldorf Tel: 0211 654316Fax: 0211 652979E-Mail: beratung@apothekeinrath.de Zust\u00e4ndige Aufsichtsbeh\u00f6rde: Gesundheitsamt der Stadt D\u00fcsseldorfK\u00f6lner Str. 180Amtsapotheker Tel. 8992614 Handelsregistereintrag: HRA 3946 Amtsgericht D\u00fcsseldorfCarsten Schmitz e.K. Apothekerkammer Nordrhein Poststr.440213 D\u00fcsseldorfZur Website Umsatzsteuer Apotheke in Rath Identifikationsnummer DE 199555024 Gesetzliche Berufsbezeichnung: Apotheker (Titel verliehen in Deutschland) Disclaimer C. Schmitz Inhaltsanbieter ist nach [&hellip;]\" \/>\n<meta property=\"og:url\" content=\"https:\/\/www.apothekeinrath.de\/start\/impressum\/\" \/>\n<meta property=\"og:site_name\" content=\"Apotheke in Rath\" \/>\n<meta property=\"article:modified_time\" content=\"2024-08-01T14:28:45+00:00\" \/>\n<meta name=\"twitter:card\" content=\"summary_large_image\" \/>\n<meta name=\"twitter:label1\" content=\"Gesch\u00e4tzte Lesezeit\" \/>\n\t<meta name=\"twitter:data1\" content=\"2\u00a0Minuten\" \/>\n<script type=\"application\/ld+json\" class=\"yoast-schema-graph\">{\"@context\":\"https:\/\/schema.org\",\"@graph\":[{\"@type\":\"WebPage\",\"@id\":\"https:\/\/www.apothekeinrath.de\/start\/impressum\/\",\"url\":\"https:\/\/www.apothekeinrath.de\/start\/impressum\/\",\"name\":\"Impressum - Apotheke in Rath\",\"isPartOf\":{\"@id\":\"https:\/\/www.apothekeinrath.de\/start\/#website\"},\"datePublished\":\"2018-11-19T16:33:03+00:00\",\"dateModified\":\"2024-08-01T14:28:45+00:00\",\"breadcrumb\":{\"@id\":\"https:\/\/www.apothekeinrath.de\/start\/impressum\/#breadcrumb\"},\"inLanguage\":\"de\",\"potentialAction\":[{\"@type\":\"ReadAction\",\"target\":[\"https:\/\/www.apothekeinrath.de\/start\/impressum\/\"]}]},{\"@type\":\"BreadcrumbList\",\"@id\":\"https:\/\/www.apothekeinrath.de\/start\/impressum\/#breadcrumb\",\"itemListElement\":[{\"@type\":\"ListItem\",\"position\":1,\"name\":\"Startseite\",\"item\":\"https:\/\/www.apothekeinrath.de\/start\/\"},{\"@type\":\"ListItem\",\"position\":2,\"name\":\"Impressum\"}]},{\"@type\":\"WebSite\",\"@id\":\"https:\/\/www.apothekeinrath.de\/start\/#website\",\"url\":\"https:\/\/www.apothekeinrath.de\/start\/\",\"name\":\"Apotheke in Rath\",\"description\":\"\",\"publisher\":{\"@id\":\"https:\/\/www.apothekeinrath.de\/start\/#organization\"},\"potentialAction\":[{\"@type\":\"SearchAction\",\"target\":{\"@type\":\"EntryPoint\",\"urlTemplate\":\"https:\/\/www.apothekeinrath.de\/start\/?s={search_term_string}\"},\"query-input\":\"required name=search_term_string\"}],\"inLanguage\":\"de\"},{\"@type\":\"Organization\",\"@id\":\"https:\/\/www.apothekeinrath.de\/start\/#organization\",\"name\":\"Apotheke in Rath\",\"url\":\"https:\/\/www.apothekeinrath.de\/start\/\",\"logo\":{\"@type\":\"ImageObject\",\"inLanguage\":\"de\",\"@id\":\"https:\/\/www.apothekeinrath.de\/start\/#\/schema\/logo\/image\/\",\"url\":\"https:\/\/www.apothekeinrath.de\/wp-content\/uploads\/2020\/03\/Apotheke-in-Rath-LOGO.png\",\"contentUrl\":\"https:\/\/www.apothekeinrath.de\/wp-content\/uploads\/2020\/03\/Apotheke-in-Rath-LOGO.png\",\"width\":650,\"height\":231,\"caption\":\"Apotheke in Rath\"},\"image\":{\"@id\":\"https:\/\/www.apothekeinrath.de\/start\/#\/schema\/logo\/image\/\"}}]}<\/script>\n<!-- \/ Yoast SEO plugin. -->","yoast_head_json":{"title":"Impressum - Apotheke in Rath","robots":{"index":"noindex","follow":"follow"},"og_locale":"de_DE","og_type":"article","og_title":"Impressum - Apotheke in Rath","og_description":"Impressum Carsten SchmitzApotheke in RathWestfalenstr. 4940472 D\u00fcsseldorf Tel: 0211 654316Fax: 0211 652979E-Mail: beratung@apothekeinrath.de Zust\u00e4ndige Aufsichtsbeh\u00f6rde: Gesundheitsamt der Stadt D\u00fcsseldorfK\u00f6lner Str. 180Amtsapotheker Tel. 8992614 Handelsregistereintrag: HRA 3946 Amtsgericht D\u00fcsseldorfCarsten Schmitz e.K. Apothekerkammer Nordrhein Poststr.440213 D\u00fcsseldorfZur Website Umsatzsteuer Apotheke in Rath Identifikationsnummer DE 199555024 Gesetzliche Berufsbezeichnung: Apotheker (Titel verliehen in Deutschland) Disclaimer C. Schmitz Inhaltsanbieter ist nach [&hellip;]","og_url":"https:\/\/www.apothekeinrath.de\/start\/impressum\/","og_site_name":"Apotheke in Rath","article_modified_time":"2024-08-01T14:28:45+00:00","twitter_card":"summary_large_image","twitter_misc":{"Gesch\u00e4tzte Lesezeit":"2\u00a0Minuten"},"schema":{"@context":"https:\/\/schema.org","@graph":[{"@type":"WebPage","@id":"https:\/\/www.apothekeinrath.de\/start\/impressum\/","url":"https:\/\/www.apothekeinrath.de\/start\/impressum\/","name":"Impressum - Apotheke in Rath","isPartOf":{"@id":"https:\/\/www.apothekeinrath.de\/start\/#website"},"datePublished":"2018-11-19T16:33:03+00:00","dateModified":"2024-08-01T14:28:45+00:00","breadcrumb":{"@id":"https:\/\/www.apothekeinrath.de\/start\/impressum\/#breadcrumb"},"inLanguage":"de","potentialAction":[{"@type":"ReadAction","target":["https:\/\/www.apothekeinrath.de\/start\/impressum\/"]}]},{"@type":"BreadcrumbList","@id":"https:\/\/www.apothekeinrath.de\/start\/impressum\/#breadcrumb","itemListElement":[{"@type":"ListItem","position":1,"name":"Startseite","item":"https:\/\/www.apothekeinrath.de\/start\/"},{"@type":"ListItem","position":2,"name":"Impressum"}]},{"@type":"WebSite","@id":"https:\/\/www.apothekeinrath.de\/start\/#website","url":"https:\/\/www.apothekeinrath.de\/start\/","name":"Apotheke in Rath","description":"","publisher":{"@id":"https:\/\/www.apothekeinrath.de\/start\/#organization"},"potentialAction":[{"@type":"SearchAction","target":{"@type":"EntryPoint","urlTemplate":"https:\/\/www.apothekeinrath.de\/start\/?s={search_term_string}"},"query-input":"required name=search_term_string"}],"inLanguage":"de"},{"@type":"Organization","@id":"https:\/\/www.apothekeinrath.de\/start\/#organization","name":"Apotheke in Rath","url":"https:\/\/www.apothekeinrath.de\/start\/","logo":{"@type":"ImageObject","inLanguage":"de","@id":"https:\/\/www.apothekeinrath.de\/start\/#\/schema\/logo\/image\/","url":"https:\/\/www.apothekeinrath.de\/wp-content\/uploads\/2020\/03\/Apotheke-in-Rath-LOGO.png","contentUrl":"https:\/\/www.apothekeinrath.de\/wp-content\/uploads\/2020\/03\/Apotheke-in-Rath-LOGO.png","width":650,"height":231,"caption":"Apotheke in Rath"},"image":{"@id":"https:\/\/www.apothekeinrath.de\/start\/#\/schema\/logo\/image\/"}}]}},"_links":{"self":[{"href":"https:\/\/www.apothekeinrath.de\/start\/wp-json\/wp\/v2\/pages\/57"}],"collection":[{"href":"https:\/\/www.apothekeinrath.de\/start\/wp-json\/wp\/v2\/pages"}],"about":[{"href":"https:\/\/www.apothekeinrath.de\/start\/wp-json\/wp\/v2\/types\/page"}],"author":[{"embeddable":true,"href":"https:\/\/www.apothekeinrath.de\/start\/wp-json\/wp\/v2\/users\/2"}],"replies":[{"embeddable":true,"href":"https:\/\/www.apothekeinrath.de\/start\/wp-json\/wp\/v2\/comments?post=57"}],"version-history":[{"count":2,"href":"https:\/\/www.apothekeinrath.de\/start\/wp-json\/wp\/v2\/pages\/57\/revisions"}],"predecessor-version":[{"id":1320,"href":"https:\/\/www.apothekeinrath.de\/start\/wp-json\/wp\/v2\/pages\/57\/revisions\/1320"}],"wp:attachment":[{"href":"https:\/\/www.apothekeinrath.de\/start\/wp-json\/wp\/v2\/media?parent=57"}],"curies":[{"name":"wp","href":"https:\/\/api.w.org\/{rel}","templated":true}]}}