{"id":570,"date":"2020-01-10T19:43:41","date_gmt":"2020-01-10T18:43:41","guid":{"rendered":"http:\/\/www.wordpress.apothekeinrath.de\/?page_id=570"},"modified":"2024-08-01T16:10:52","modified_gmt":"2024-08-01T14:10:52","slug":"kompressionsstruempfe","status":"publish","type":"page","link":"https:\/\/www.apothekeinrath.de\/start\/kompressionsstruempfe\/","title":{"rendered":"Kompressions&shy;str\u00fcmpfe"},"content":{"rendered":"\n<h2 class=\"wp-block-heading\">Kompressionsstr\u00fcmpfe<\/h2>\n\n\n\n<p>Egal ob in der Reisezeit von Ihnen gew\u00fcnscht oder aus medizinischen\nGr\u00fcnden vom Arzt verordnet: Kompressionsstr\u00fcmpfe m\u00fcssen, um optimal wirken zu\nk\u00f6nnen, auch ma\u00dfgeschneidert passen. Um dies zu garantieren, k\u00f6nnen Sie in der\nApotheke in Rath Kompressionsstr\u00fcmpfe jeder Art von unserem geschulten Personal\nanmessen lassen.<\/p>\n\n\n\n<div style=\"height:20px\" aria-hidden=\"true\" class=\"wp-block-spacer\"><\/div>\n\n\n\n<p>Wir arbeiten mit verschiedenen namenhaften Strumpfherstellern zusammen und finden auch f\u00fcr Sie das passende Modell.<\/p>\n\n\n\n<div class=\"wp-block-columns is-layout-flex wp-container-core-columns-is-layout-1 wp-block-columns-is-layout-flex\">\n<div class=\"wp-block-column is-layout-flow wp-block-column-is-layout-flow\" style=\"flex-basis:22.5%\"><\/div>\n\n\n\n<div class=\"wp-block-column is-layout-flow wp-block-column-is-layout-flow\" style=\"flex-basis:62.5%\">\n<p class=\"has-text-align-center has-text-color has-background\" style=\"color:#ffffff;background-color:#b6cc41\"> Kommen Sie einfach vorbei und wir beraten Sie gern. <\/p>\n<\/div>\n\n\n\n<div class=\"wp-block-column is-layout-flow wp-block-column-is-layout-flow\" style=\"flex-basis:15%\"><\/div>\n<\/div>\n","protected":false},"excerpt":{"rendered":"<p>Kompressionsstr\u00fcmpfe Egal ob in der Reisezeit von Ihnen gew\u00fcnscht oder aus medizinischen Gr\u00fcnden vom Arzt verordnet: Kompressionsstr\u00fcmpfe m\u00fcssen, um optimal wirken zu k\u00f6nnen, auch ma\u00dfgeschneidert passen. Um dies zu garantieren, k\u00f6nnen Sie in der Apotheke in Rath Kompressionsstr\u00fcmpfe jeder Art von unserem geschulten Personal anmessen lassen. Wir arbeiten mit verschiedenen namenhaften Strumpfherstellern zusammen und finden [&hellip;]<\/p>\n","protected":false},"author":2,"featured_media":0,"parent":0,"menu_order":0,"comment_status":"closed","ping_status":"closed","template":"","meta":{"footnotes":""},"yoast_head":"<!-- This site is optimized with the Yoast SEO plugin v22.9 - https:\/\/yoast.com\/wordpress\/plugins\/seo\/ -->\n<title>Kompressions&shy;str\u00fcmpfe - Apotheke in Rath<\/title>\n<meta name=\"robots\" content=\"index, follow, max-snippet:-1, max-image-preview:large, max-video-preview:-1\" \/>\n<link rel=\"canonical\" href=\"https:\/\/www.apothekeinrath.de\/start\/kompressionsstruempfe\/\" \/>\n<meta property=\"og:locale\" content=\"de_DE\" \/>\n<meta property=\"og:type\" content=\"article\" \/>\n<meta property=\"og:title\" content=\"Kompressions&shy;str\u00fcmpfe - Apotheke in Rath\" \/>\n<meta property=\"og:description\" content=\"Kompressionsstr\u00fcmpfe Egal ob in der Reisezeit von Ihnen gew\u00fcnscht oder aus medizinischen Gr\u00fcnden vom Arzt verordnet: Kompressionsstr\u00fcmpfe m\u00fcssen, um optimal wirken zu k\u00f6nnen, auch ma\u00dfgeschneidert passen. Um dies zu garantieren, k\u00f6nnen Sie in der Apotheke in Rath Kompressionsstr\u00fcmpfe jeder Art von unserem geschulten Personal anmessen lassen. Wir arbeiten mit verschiedenen namenhaften Strumpfherstellern zusammen und finden [&hellip;]\" \/>\n<meta property=\"og:url\" content=\"https:\/\/www.apothekeinrath.de\/start\/kompressionsstruempfe\/\" \/>\n<meta property=\"og:site_name\" content=\"Apotheke in Rath\" \/>\n<meta property=\"article:modified_time\" content=\"2024-08-01T14:10:52+00:00\" \/>\n<meta name=\"twitter:card\" content=\"summary_large_image\" \/>\n<meta name=\"twitter:label1\" content=\"Gesch\u00e4tzte Lesezeit\" \/>\n\t<meta name=\"twitter:data1\" content=\"1\u00a0Minute\" \/>\n<script type=\"application\/ld+json\" class=\"yoast-schema-graph\">{\"@context\":\"https:\/\/schema.org\",\"@graph\":[{\"@type\":\"WebPage\",\"@id\":\"https:\/\/www.apothekeinrath.de\/start\/kompressionsstruempfe\/\",\"url\":\"https:\/\/www.apothekeinrath.de\/start\/kompressionsstruempfe\/\",\"name\":\"Kompressions&shy;str\u00fcmpfe - Apotheke in Rath\",\"isPartOf\":{\"@id\":\"https:\/\/www.apothekeinrath.de\/start\/#website\"},\"datePublished\":\"2020-01-10T18:43:41+00:00\",\"dateModified\":\"2024-08-01T14:10:52+00:00\",\"breadcrumb\":{\"@id\":\"https:\/\/www.apothekeinrath.de\/start\/kompressionsstruempfe\/#breadcrumb\"},\"inLanguage\":\"de\",\"potentialAction\":[{\"@type\":\"ReadAction\",\"target\":[\"https:\/\/www.apothekeinrath.de\/start\/kompressionsstruempfe\/\"]}]},{\"@type\":\"BreadcrumbList\",\"@id\":\"https:\/\/www.apothekeinrath.de\/start\/kompressionsstruempfe\/#breadcrumb\",\"itemListElement\":[{\"@type\":\"ListItem\",\"position\":1,\"name\":\"Startseite\",\"item\":\"https:\/\/www.apothekeinrath.de\/start\/\"},{\"@type\":\"ListItem\",\"position\":2,\"name\":\"Kompressions&shy;str\u00fcmpfe\"}]},{\"@type\":\"WebSite\",\"@id\":\"https:\/\/www.apothekeinrath.de\/start\/#website\",\"url\":\"https:\/\/www.apothekeinrath.de\/start\/\",\"name\":\"Apotheke in Rath\",\"description\":\"\",\"publisher\":{\"@id\":\"https:\/\/www.apothekeinrath.de\/start\/#organization\"},\"potentialAction\":[{\"@type\":\"SearchAction\",\"target\":{\"@type\":\"EntryPoint\",\"urlTemplate\":\"https:\/\/www.apothekeinrath.de\/start\/?s={search_term_string}\"},\"query-input\":\"required name=search_term_string\"}],\"inLanguage\":\"de\"},{\"@type\":\"Organization\",\"@id\":\"https:\/\/www.apothekeinrath.de\/start\/#organization\",\"name\":\"Apotheke in Rath\",\"url\":\"https:\/\/www.apothekeinrath.de\/start\/\",\"logo\":{\"@type\":\"ImageObject\",\"inLanguage\":\"de\",\"@id\":\"https:\/\/www.apothekeinrath.de\/start\/#\/schema\/logo\/image\/\",\"url\":\"https:\/\/www.apothekeinrath.de\/wp-content\/uploads\/2020\/03\/Apotheke-in-Rath-LOGO.png\",\"contentUrl\":\"https:\/\/www.apothekeinrath.de\/wp-content\/uploads\/2020\/03\/Apotheke-in-Rath-LOGO.png\",\"width\":650,\"height\":231,\"caption\":\"Apotheke in Rath\"},\"image\":{\"@id\":\"https:\/\/www.apothekeinrath.de\/start\/#\/schema\/logo\/image\/\"}}]}<\/script>\n<!-- \/ Yoast SEO plugin. -->","yoast_head_json":{"title":"Kompressions&shy;str\u00fcmpfe - Apotheke in Rath","robots":{"index":"index","follow":"follow","max-snippet":"max-snippet:-1","max-image-preview":"max-image-preview:large","max-video-preview":"max-video-preview:-1"},"canonical":"https:\/\/www.apothekeinrath.de\/start\/kompressionsstruempfe\/","og_locale":"de_DE","og_type":"article","og_title":"Kompressions&shy;str\u00fcmpfe - Apotheke in Rath","og_description":"Kompressionsstr\u00fcmpfe Egal ob in der Reisezeit von Ihnen gew\u00fcnscht oder aus medizinischen Gr\u00fcnden vom Arzt verordnet: Kompressionsstr\u00fcmpfe m\u00fcssen, um optimal wirken zu k\u00f6nnen, auch ma\u00dfgeschneidert passen. Um dies zu garantieren, k\u00f6nnen Sie in der Apotheke in Rath Kompressionsstr\u00fcmpfe jeder Art von unserem geschulten Personal anmessen lassen. Wir arbeiten mit verschiedenen namenhaften Strumpfherstellern zusammen und finden [&hellip;]","og_url":"https:\/\/www.apothekeinrath.de\/start\/kompressionsstruempfe\/","og_site_name":"Apotheke in Rath","article_modified_time":"2024-08-01T14:10:52+00:00","twitter_card":"summary_large_image","twitter_misc":{"Gesch\u00e4tzte Lesezeit":"1\u00a0Minute"},"schema":{"@context":"https:\/\/schema.org","@graph":[{"@type":"WebPage","@id":"https:\/\/www.apothekeinrath.de\/start\/kompressionsstruempfe\/","url":"https:\/\/www.apothekeinrath.de\/start\/kompressionsstruempfe\/","name":"Kompressions&shy;str\u00fcmpfe - Apotheke in Rath","isPartOf":{"@id":"https:\/\/www.apothekeinrath.de\/start\/#website"},"datePublished":"2020-01-10T18:43:41+00:00","dateModified":"2024-08-01T14:10:52+00:00","breadcrumb":{"@id":"https:\/\/www.apothekeinrath.de\/start\/kompressionsstruempfe\/#breadcrumb"},"inLanguage":"de","potentialAction":[{"@type":"ReadAction","target":["https:\/\/www.apothekeinrath.de\/start\/kompressionsstruempfe\/"]}]},{"@type":"BreadcrumbList","@id":"https:\/\/www.apothekeinrath.de\/start\/kompressionsstruempfe\/#breadcrumb","itemListElement":[{"@type":"ListItem","position":1,"name":"Startseite","item":"https:\/\/www.apothekeinrath.de\/start\/"},{"@type":"ListItem","position":2,"name":"Kompressions&shy;str\u00fcmpfe"}]},{"@type":"WebSite","@id":"https:\/\/www.apothekeinrath.de\/start\/#website","url":"https:\/\/www.apothekeinrath.de\/start\/","name":"Apotheke in Rath","description":"","publisher":{"@id":"https:\/\/www.apothekeinrath.de\/start\/#organization"},"potentialAction":[{"@type":"SearchAction","target":{"@type":"EntryPoint","urlTemplate":"https:\/\/www.apothekeinrath.de\/start\/?s={search_term_string}"},"query-input":"required name=search_term_string"}],"inLanguage":"de"},{"@type":"Organization","@id":"https:\/\/www.apothekeinrath.de\/start\/#organization","name":"Apotheke in Rath","url":"https:\/\/www.apothekeinrath.de\/start\/","logo":{"@type":"ImageObject","inLanguage":"de","@id":"https:\/\/www.apothekeinrath.de\/start\/#\/schema\/logo\/image\/","url":"https:\/\/www.apothekeinrath.de\/wp-content\/uploads\/2020\/03\/Apotheke-in-Rath-LOGO.png","contentUrl":"https:\/\/www.apothekeinrath.de\/wp-content\/uploads\/2020\/03\/Apotheke-in-Rath-LOGO.png","width":650,"height":231,"caption":"Apotheke in Rath"},"image":{"@id":"https:\/\/www.apothekeinrath.de\/start\/#\/schema\/logo\/image\/"}}]}},"_links":{"self":[{"href":"https:\/\/www.apothekeinrath.de\/start\/wp-json\/wp\/v2\/pages\/570"}],"collection":[{"href":"https:\/\/www.apothekeinrath.de\/start\/wp-json\/wp\/v2\/pages"}],"about":[{"href":"https:\/\/www.apothekeinrath.de\/start\/wp-json\/wp\/v2\/types\/page"}],"author":[{"embeddable":true,"href":"https:\/\/www.apothekeinrath.de\/start\/wp-json\/wp\/v2\/users\/2"}],"replies":[{"embeddable":true,"href":"https:\/\/www.apothekeinrath.de\/start\/wp-json\/wp\/v2\/comments?post=570"}],"version-history":[{"count":4,"href":"https:\/\/www.apothekeinrath.de\/start\/wp-json\/wp\/v2\/pages\/570\/revisions"}],"predecessor-version":[{"id":1305,"href":"https:\/\/www.apothekeinrath.de\/start\/wp-json\/wp\/v2\/pages\/570\/revisions\/1305"}],"wp:attachment":[{"href":"https:\/\/www.apothekeinrath.de\/start\/wp-json\/wp\/v2\/media?parent=570"}],"curies":[{"name":"wp","href":"https:\/\/api.w.org\/{rel}","templated":true}]}}