{"id":583,"date":"2020-01-10T19:58:29","date_gmt":"2020-01-10T18:58:29","guid":{"rendered":"http:\/\/www.wordpress.apothekeinrath.de\/?page_id=583"},"modified":"2024-08-01T16:11:16","modified_gmt":"2024-08-01T14:11:16","slug":"medizinische-pflege-und-kosmetik","status":"publish","type":"page","link":"https:\/\/www.apothekeinrath.de\/start\/medizinische-pflege-und-kosmetik\/","title":{"rendered":"Medizinische Pflege und Kosmetik"},"content":{"rendered":"\n<h2 class=\"wp-block-heading\">Medizinische Pflege und Kosmetik<\/h2>\n\n\n\n<div class=\"wp-block-media-text is-stacked-on-mobile\" style=\"grid-template-columns:44% auto\"><figure class=\"wp-block-media-text__media\"><img loading=\"lazy\" decoding=\"async\" width=\"803\" height=\"1024\" src=\"https:\/\/www.apothekeinrath.de\/wp-content\/uploads\/2024\/07\/Kosmetik-803x1024.jpg\" alt=\"\" class=\"wp-image-1229 size-full\" srcset=\"https:\/\/www.apothekeinrath.de\/wp-content\/uploads\/2024\/07\/Kosmetik-803x1024.jpg 803w, https:\/\/www.apothekeinrath.de\/wp-content\/uploads\/2024\/07\/Kosmetik-235x300.jpg 235w, https:\/\/www.apothekeinrath.de\/wp-content\/uploads\/2024\/07\/Kosmetik-768x979.jpg 768w, https:\/\/www.apothekeinrath.de\/wp-content\/uploads\/2024\/07\/Kosmetik-1205x1536.jpg 1205w, https:\/\/www.apothekeinrath.de\/wp-content\/uploads\/2024\/07\/Kosmetik-1607x2048.jpg 1607w, https:\/\/www.apothekeinrath.de\/wp-content\/uploads\/2024\/07\/Kosmetik-scaled.jpg 2009w\" sizes=\"(max-width: 803px) 100vw, 803px\" \/><\/figure><div class=\"wp-block-media-text__content\">\n<p>Unsere Haut ist unser gr\u00f6\u00dftes Organ. Aber auch eines, welches sehr individueller Pflege bedarf. Darum haben wir f\u00fcr Sie eine Auswahl verschiedener hochwertiger Pflegeserien vorr\u00e4tig.<\/p>\n\n\n\n<p>Dazu\nz\u00e4hlen:<\/p>\n\n\n\n<div class=\"wp-block-columns is-layout-flex wp-container-core-columns-is-layout-1 wp-block-columns-is-layout-flex\">\n<div class=\"wp-block-column is-layout-flow wp-block-column-is-layout-flow\" style=\"flex-basis:10%\"><\/div>\n\n\n\n<div class=\"wp-block-column is-layout-flow wp-block-column-is-layout-flow\" style=\"flex-basis:90%\">\n<ul>\n<li><strong>Eucerin            <\/strong><\/li>\n\n\n\n<li><strong>Roche-Posay<\/strong><\/li>\n\n\n\n<li><strong>Dermasence<\/strong><\/li>\n\n\n\n<li><strong>Medipharma Cosmetics<\/strong><\/li>\n\n\n\n<li><strong>Cetaphil<\/strong><\/li>\n\n\n\n<li><strong>Excipial<\/strong><\/li>\n\n\n\n<li><strong>Gehwol<\/strong><\/li>\n<\/ul>\n<\/div>\n<\/div>\n<\/div><\/div>\n\n\n\n<div style=\"height:20px\" aria-hidden=\"true\" class=\"wp-block-spacer\"><\/div>\n\n\n\n<div class=\"wp-block-columns is-layout-flex wp-container-core-columns-is-layout-2 wp-block-columns-is-layout-flex\">\n<div class=\"wp-block-column is-layout-flow wp-block-column-is-layout-flow\" style=\"flex-basis:10%\"><\/div>\n\n\n\n<div class=\"wp-block-column is-layout-flow wp-block-column-is-layout-flow\" style=\"flex-basis:78.7%\">\n<p class=\"has-text-align-center has-text-color has-background\" style=\"color:#ffffff;background-color:#b6cc41\">Unsere ausgebildete Kosmetikerin ber\u00e4t Sie gern n\u00e4her und verr\u00e4t Ihnen den einen oder anderen Trick.<\/p>\n<\/div>\n\n\n\n<div class=\"wp-block-column is-layout-flow wp-block-column-is-layout-flow\" style=\"flex-basis:11.3%\"><\/div>\n<\/div>\n","protected":false},"excerpt":{"rendered":"<p>Medizinische Pflege und Kosmetik Unsere ausgebildete Kosmetikerin ber\u00e4t Sie gern n\u00e4her und verr\u00e4t Ihnen den einen oder anderen Trick.<\/p>\n","protected":false},"author":2,"featured_media":0,"parent":0,"menu_order":0,"comment_status":"closed","ping_status":"closed","template":"","meta":{"footnotes":""},"yoast_head":"<!-- This site is optimized with the Yoast SEO plugin v22.9 - https:\/\/yoast.com\/wordpress\/plugins\/seo\/ -->\n<title>Medizinische Pflege und Kosmetik - Apotheke in Rath<\/title>\n<meta name=\"robots\" content=\"index, follow, max-snippet:-1, max-image-preview:large, max-video-preview:-1\" \/>\n<link rel=\"canonical\" href=\"https:\/\/www.apothekeinrath.de\/start\/medizinische-pflege-und-kosmetik\/\" \/>\n<meta property=\"og:locale\" content=\"de_DE\" \/>\n<meta property=\"og:type\" content=\"article\" \/>\n<meta property=\"og:title\" content=\"Medizinische Pflege und Kosmetik - Apotheke in Rath\" \/>\n<meta property=\"og:description\" content=\"Medizinische Pflege und Kosmetik Unsere ausgebildete Kosmetikerin ber\u00e4t Sie gern n\u00e4her und verr\u00e4t Ihnen den einen oder anderen Trick.\" \/>\n<meta property=\"og:url\" content=\"https:\/\/www.apothekeinrath.de\/start\/medizinische-pflege-und-kosmetik\/\" \/>\n<meta property=\"og:site_name\" content=\"Apotheke in Rath\" \/>\n<meta property=\"article:modified_time\" content=\"2024-08-01T14:11:16+00:00\" \/>\n<meta property=\"og:image\" content=\"https:\/\/www.apothekeinrath.de\/wp-content\/uploads\/2024\/07\/Kosmetik-803x1024.jpg\" \/>\n<meta name=\"twitter:card\" content=\"summary_large_image\" \/>\n<meta name=\"twitter:label1\" content=\"Gesch\u00e4tzte Lesezeit\" \/>\n\t<meta name=\"twitter:data1\" content=\"1\u00a0Minute\" \/>\n<script type=\"application\/ld+json\" class=\"yoast-schema-graph\">{\"@context\":\"https:\/\/schema.org\",\"@graph\":[{\"@type\":\"WebPage\",\"@id\":\"https:\/\/www.apothekeinrath.de\/start\/medizinische-pflege-und-kosmetik\/\",\"url\":\"https:\/\/www.apothekeinrath.de\/start\/medizinische-pflege-und-kosmetik\/\",\"name\":\"Medizinische Pflege und Kosmetik - Apotheke in Rath\",\"isPartOf\":{\"@id\":\"https:\/\/www.apothekeinrath.de\/start\/#website\"},\"primaryImageOfPage\":{\"@id\":\"https:\/\/www.apothekeinrath.de\/start\/medizinische-pflege-und-kosmetik\/#primaryimage\"},\"image\":{\"@id\":\"https:\/\/www.apothekeinrath.de\/start\/medizinische-pflege-und-kosmetik\/#primaryimage\"},\"thumbnailUrl\":\"https:\/\/www.apothekeinrath.de\/wp-content\/uploads\/2024\/07\/Kosmetik-803x1024.jpg\",\"datePublished\":\"2020-01-10T18:58:29+00:00\",\"dateModified\":\"2024-08-01T14:11:16+00:00\",\"breadcrumb\":{\"@id\":\"https:\/\/www.apothekeinrath.de\/start\/medizinische-pflege-und-kosmetik\/#breadcrumb\"},\"inLanguage\":\"de\",\"potentialAction\":[{\"@type\":\"ReadAction\",\"target\":[\"https:\/\/www.apothekeinrath.de\/start\/medizinische-pflege-und-kosmetik\/\"]}]},{\"@type\":\"ImageObject\",\"inLanguage\":\"de\",\"@id\":\"https:\/\/www.apothekeinrath.de\/start\/medizinische-pflege-und-kosmetik\/#primaryimage\",\"url\":\"https:\/\/www.apothekeinrath.de\/wp-content\/uploads\/2024\/07\/Kosmetik-803x1024.jpg\",\"contentUrl\":\"https:\/\/www.apothekeinrath.de\/wp-content\/uploads\/2024\/07\/Kosmetik-803x1024.jpg\"},{\"@type\":\"BreadcrumbList\",\"@id\":\"https:\/\/www.apothekeinrath.de\/start\/medizinische-pflege-und-kosmetik\/#breadcrumb\",\"itemListElement\":[{\"@type\":\"ListItem\",\"position\":1,\"name\":\"Startseite\",\"item\":\"https:\/\/www.apothekeinrath.de\/start\/\"},{\"@type\":\"ListItem\",\"position\":2,\"name\":\"Medizinische Pflege und Kosmetik\"}]},{\"@type\":\"WebSite\",\"@id\":\"https:\/\/www.apothekeinrath.de\/start\/#website\",\"url\":\"https:\/\/www.apothekeinrath.de\/start\/\",\"name\":\"Apotheke in Rath\",\"description\":\"\",\"publisher\":{\"@id\":\"https:\/\/www.apothekeinrath.de\/start\/#organization\"},\"potentialAction\":[{\"@type\":\"SearchAction\",\"target\":{\"@type\":\"EntryPoint\",\"urlTemplate\":\"https:\/\/www.apothekeinrath.de\/start\/?s={search_term_string}\"},\"query-input\":\"required name=search_term_string\"}],\"inLanguage\":\"de\"},{\"@type\":\"Organization\",\"@id\":\"https:\/\/www.apothekeinrath.de\/start\/#organization\",\"name\":\"Apotheke in Rath\",\"url\":\"https:\/\/www.apothekeinrath.de\/start\/\",\"logo\":{\"@type\":\"ImageObject\",\"inLanguage\":\"de\",\"@id\":\"https:\/\/www.apothekeinrath.de\/start\/#\/schema\/logo\/image\/\",\"url\":\"https:\/\/www.apothekeinrath.de\/wp-content\/uploads\/2020\/03\/Apotheke-in-Rath-LOGO.png\",\"contentUrl\":\"https:\/\/www.apothekeinrath.de\/wp-content\/uploads\/2020\/03\/Apotheke-in-Rath-LOGO.png\",\"width\":650,\"height\":231,\"caption\":\"Apotheke in Rath\"},\"image\":{\"@id\":\"https:\/\/www.apothekeinrath.de\/start\/#\/schema\/logo\/image\/\"}}]}<\/script>\n<!-- \/ Yoast SEO plugin. -->","yoast_head_json":{"title":"Medizinische Pflege und Kosmetik - Apotheke in Rath","robots":{"index":"index","follow":"follow","max-snippet":"max-snippet:-1","max-image-preview":"max-image-preview:large","max-video-preview":"max-video-preview:-1"},"canonical":"https:\/\/www.apothekeinrath.de\/start\/medizinische-pflege-und-kosmetik\/","og_locale":"de_DE","og_type":"article","og_title":"Medizinische Pflege und Kosmetik - Apotheke in Rath","og_description":"Medizinische Pflege und Kosmetik Unsere ausgebildete Kosmetikerin ber\u00e4t Sie gern n\u00e4her und verr\u00e4t Ihnen den einen oder anderen Trick.","og_url":"https:\/\/www.apothekeinrath.de\/start\/medizinische-pflege-und-kosmetik\/","og_site_name":"Apotheke in Rath","article_modified_time":"2024-08-01T14:11:16+00:00","og_image":[{"url":"https:\/\/www.apothekeinrath.de\/wp-content\/uploads\/2024\/07\/Kosmetik-803x1024.jpg"}],"twitter_card":"summary_large_image","twitter_misc":{"Gesch\u00e4tzte Lesezeit":"1\u00a0Minute"},"schema":{"@context":"https:\/\/schema.org","@graph":[{"@type":"WebPage","@id":"https:\/\/www.apothekeinrath.de\/start\/medizinische-pflege-und-kosmetik\/","url":"https:\/\/www.apothekeinrath.de\/start\/medizinische-pflege-und-kosmetik\/","name":"Medizinische Pflege und Kosmetik - Apotheke in Rath","isPartOf":{"@id":"https:\/\/www.apothekeinrath.de\/start\/#website"},"primaryImageOfPage":{"@id":"https:\/\/www.apothekeinrath.de\/start\/medizinische-pflege-und-kosmetik\/#primaryimage"},"image":{"@id":"https:\/\/www.apothekeinrath.de\/start\/medizinische-pflege-und-kosmetik\/#primaryimage"},"thumbnailUrl":"https:\/\/www.apothekeinrath.de\/wp-content\/uploads\/2024\/07\/Kosmetik-803x1024.jpg","datePublished":"2020-01-10T18:58:29+00:00","dateModified":"2024-08-01T14:11:16+00:00","breadcrumb":{"@id":"https:\/\/www.apothekeinrath.de\/start\/medizinische-pflege-und-kosmetik\/#breadcrumb"},"inLanguage":"de","potentialAction":[{"@type":"ReadAction","target":["https:\/\/www.apothekeinrath.de\/start\/medizinische-pflege-und-kosmetik\/"]}]},{"@type":"ImageObject","inLanguage":"de","@id":"https:\/\/www.apothekeinrath.de\/start\/medizinische-pflege-und-kosmetik\/#primaryimage","url":"https:\/\/www.apothekeinrath.de\/wp-content\/uploads\/2024\/07\/Kosmetik-803x1024.jpg","contentUrl":"https:\/\/www.apothekeinrath.de\/wp-content\/uploads\/2024\/07\/Kosmetik-803x1024.jpg"},{"@type":"BreadcrumbList","@id":"https:\/\/www.apothekeinrath.de\/start\/medizinische-pflege-und-kosmetik\/#breadcrumb","itemListElement":[{"@type":"ListItem","position":1,"name":"Startseite","item":"https:\/\/www.apothekeinrath.de\/start\/"},{"@type":"ListItem","position":2,"name":"Medizinische Pflege und Kosmetik"}]},{"@type":"WebSite","@id":"https:\/\/www.apothekeinrath.de\/start\/#website","url":"https:\/\/www.apothekeinrath.de\/start\/","name":"Apotheke in Rath","description":"","publisher":{"@id":"https:\/\/www.apothekeinrath.de\/start\/#organization"},"potentialAction":[{"@type":"SearchAction","target":{"@type":"EntryPoint","urlTemplate":"https:\/\/www.apothekeinrath.de\/start\/?s={search_term_string}"},"query-input":"required name=search_term_string"}],"inLanguage":"de"},{"@type":"Organization","@id":"https:\/\/www.apothekeinrath.de\/start\/#organization","name":"Apotheke in Rath","url":"https:\/\/www.apothekeinrath.de\/start\/","logo":{"@type":"ImageObject","inLanguage":"de","@id":"https:\/\/www.apothekeinrath.de\/start\/#\/schema\/logo\/image\/","url":"https:\/\/www.apothekeinrath.de\/wp-content\/uploads\/2020\/03\/Apotheke-in-Rath-LOGO.png","contentUrl":"https:\/\/www.apothekeinrath.de\/wp-content\/uploads\/2020\/03\/Apotheke-in-Rath-LOGO.png","width":650,"height":231,"caption":"Apotheke in Rath"},"image":{"@id":"https:\/\/www.apothekeinrath.de\/start\/#\/schema\/logo\/image\/"}}]}},"_links":{"self":[{"href":"https:\/\/www.apothekeinrath.de\/start\/wp-json\/wp\/v2\/pages\/583"}],"collection":[{"href":"https:\/\/www.apothekeinrath.de\/start\/wp-json\/wp\/v2\/pages"}],"about":[{"href":"https:\/\/www.apothekeinrath.de\/start\/wp-json\/wp\/v2\/types\/page"}],"author":[{"embeddable":true,"href":"https:\/\/www.apothekeinrath.de\/start\/wp-json\/wp\/v2\/users\/2"}],"replies":[{"embeddable":true,"href":"https:\/\/www.apothekeinrath.de\/start\/wp-json\/wp\/v2\/comments?post=583"}],"version-history":[{"count":5,"href":"https:\/\/www.apothekeinrath.de\/start\/wp-json\/wp\/v2\/pages\/583\/revisions"}],"predecessor-version":[{"id":1306,"href":"https:\/\/www.apothekeinrath.de\/start\/wp-json\/wp\/v2\/pages\/583\/revisions\/1306"}],"wp:attachment":[{"href":"https:\/\/www.apothekeinrath.de\/start\/wp-json\/wp\/v2\/media?parent=583"}],"curies":[{"name":"wp","href":"https:\/\/api.w.org\/{rel}","templated":true}]}}