{"id":592,"date":"2020-01-10T20:08:53","date_gmt":"2020-01-10T19:08:53","guid":{"rendered":"http:\/\/www.wordpress.apothekeinrath.de\/?page_id=592"},"modified":"2024-08-01T16:18:01","modified_gmt":"2024-08-01T14:18:01","slug":"reiseapotheken-check","status":"publish","type":"page","link":"https:\/\/www.apothekeinrath.de\/start\/reiseapotheken-check\/","title":{"rendered":"Reiseapotheken-Check"},"content":{"rendered":"\n<h2 class=\"wp-block-heading\">Reiseapotheken-Check<\/h2>\n\n\n\n<p>Ganz egal wohin es f\u00fcr Sie w\u00e4hrend des Urlaubs geht, fehlen sollte Sie nie: die <strong>Reiseapotheke<\/strong>. <\/p>\n\n\n\n<p>Doch was geh\u00f6rt alles dazu? Wie viel ist empfohlen oder eventuell gar nur\nerlaubt? Was ist bei der Reise mit kleinen Kindern zu beachten? Oder bei\nherzschwachen Mitreisenden? Und was, wenn der Koffer verloren geht?<\/p>\n\n\n\n<p>Viele Fragen, wir haben die Antworten. Kommen Sie rechtzeitig vor Ihrem\nUrlaubsstart in der Apotheke vorbei und lassen Sie Ihre Reiseapotheke auf Herz\nund Nieren pr\u00fcfen. Denn dann k\u00f6nnen Sie gleich entspannter in die Ferien\nstarten.<\/p>\n\n\n\n<p class=\"has-text-color has-background\" style=\"color:#ffffff;background-color:#b6cc41\"><strong>Unser Tipp:<\/strong> Denken Sie bei Langstreckenfl\u00fcgen auch an Ihre Beine. Vielleicht kann ein Kompressionsstrumpf dazu beitragen, dass Sie nach der Ankunft noch beschwingt zum Strand oder in ein Lokal auf ein abendliches Glas Wein k\u00f6nnen.<\/p>\n","protected":false},"excerpt":{"rendered":"<p>Reiseapotheken-Check Ganz egal wohin es f\u00fcr Sie w\u00e4hrend des Urlaubs geht, fehlen sollte Sie nie: die Reiseapotheke. Doch was geh\u00f6rt alles dazu? Wie viel ist empfohlen oder eventuell gar nur erlaubt? Was ist bei der Reise mit kleinen Kindern zu beachten? Oder bei herzschwachen Mitreisenden? Und was, wenn der Koffer verloren geht? Viele Fragen, wir [&hellip;]<\/p>\n","protected":false},"author":2,"featured_media":0,"parent":0,"menu_order":0,"comment_status":"closed","ping_status":"closed","template":"","meta":{"footnotes":""},"yoast_head":"<!-- This site is optimized with the Yoast SEO plugin v22.9 - https:\/\/yoast.com\/wordpress\/plugins\/seo\/ -->\n<title>Reiseapotheken-Check - Apotheke in Rath<\/title>\n<meta name=\"robots\" content=\"index, follow, max-snippet:-1, max-image-preview:large, max-video-preview:-1\" \/>\n<link rel=\"canonical\" href=\"https:\/\/www.apothekeinrath.de\/start\/reiseapotheken-check\/\" \/>\n<meta property=\"og:locale\" content=\"de_DE\" \/>\n<meta property=\"og:type\" content=\"article\" \/>\n<meta property=\"og:title\" content=\"Reiseapotheken-Check - Apotheke in Rath\" \/>\n<meta property=\"og:description\" content=\"Reiseapotheken-Check Ganz egal wohin es f\u00fcr Sie w\u00e4hrend des Urlaubs geht, fehlen sollte Sie nie: die Reiseapotheke. Doch was geh\u00f6rt alles dazu? Wie viel ist empfohlen oder eventuell gar nur erlaubt? Was ist bei der Reise mit kleinen Kindern zu beachten? Oder bei herzschwachen Mitreisenden? Und was, wenn der Koffer verloren geht? Viele Fragen, wir [&hellip;]\" \/>\n<meta property=\"og:url\" content=\"https:\/\/www.apothekeinrath.de\/start\/reiseapotheken-check\/\" \/>\n<meta property=\"og:site_name\" content=\"Apotheke in Rath\" \/>\n<meta property=\"article:modified_time\" content=\"2024-08-01T14:18:01+00:00\" \/>\n<meta name=\"twitter:card\" content=\"summary_large_image\" \/>\n<meta name=\"twitter:label1\" content=\"Gesch\u00e4tzte Lesezeit\" \/>\n\t<meta name=\"twitter:data1\" content=\"1\u00a0Minute\" \/>\n<script type=\"application\/ld+json\" class=\"yoast-schema-graph\">{\"@context\":\"https:\/\/schema.org\",\"@graph\":[{\"@type\":\"WebPage\",\"@id\":\"https:\/\/www.apothekeinrath.de\/start\/reiseapotheken-check\/\",\"url\":\"https:\/\/www.apothekeinrath.de\/start\/reiseapotheken-check\/\",\"name\":\"Reiseapotheken-Check - Apotheke in Rath\",\"isPartOf\":{\"@id\":\"https:\/\/www.apothekeinrath.de\/start\/#website\"},\"datePublished\":\"2020-01-10T19:08:53+00:00\",\"dateModified\":\"2024-08-01T14:18:01+00:00\",\"breadcrumb\":{\"@id\":\"https:\/\/www.apothekeinrath.de\/start\/reiseapotheken-check\/#breadcrumb\"},\"inLanguage\":\"de\",\"potentialAction\":[{\"@type\":\"ReadAction\",\"target\":[\"https:\/\/www.apothekeinrath.de\/start\/reiseapotheken-check\/\"]}]},{\"@type\":\"BreadcrumbList\",\"@id\":\"https:\/\/www.apothekeinrath.de\/start\/reiseapotheken-check\/#breadcrumb\",\"itemListElement\":[{\"@type\":\"ListItem\",\"position\":1,\"name\":\"Startseite\",\"item\":\"https:\/\/www.apothekeinrath.de\/start\/\"},{\"@type\":\"ListItem\",\"position\":2,\"name\":\"Reiseapotheken-Check\"}]},{\"@type\":\"WebSite\",\"@id\":\"https:\/\/www.apothekeinrath.de\/start\/#website\",\"url\":\"https:\/\/www.apothekeinrath.de\/start\/\",\"name\":\"Apotheke in Rath\",\"description\":\"\",\"publisher\":{\"@id\":\"https:\/\/www.apothekeinrath.de\/start\/#organization\"},\"potentialAction\":[{\"@type\":\"SearchAction\",\"target\":{\"@type\":\"EntryPoint\",\"urlTemplate\":\"https:\/\/www.apothekeinrath.de\/start\/?s={search_term_string}\"},\"query-input\":\"required name=search_term_string\"}],\"inLanguage\":\"de\"},{\"@type\":\"Organization\",\"@id\":\"https:\/\/www.apothekeinrath.de\/start\/#organization\",\"name\":\"Apotheke in Rath\",\"url\":\"https:\/\/www.apothekeinrath.de\/start\/\",\"logo\":{\"@type\":\"ImageObject\",\"inLanguage\":\"de\",\"@id\":\"https:\/\/www.apothekeinrath.de\/start\/#\/schema\/logo\/image\/\",\"url\":\"https:\/\/www.apothekeinrath.de\/wp-content\/uploads\/2020\/03\/Apotheke-in-Rath-LOGO.png\",\"contentUrl\":\"https:\/\/www.apothekeinrath.de\/wp-content\/uploads\/2020\/03\/Apotheke-in-Rath-LOGO.png\",\"width\":650,\"height\":231,\"caption\":\"Apotheke in Rath\"},\"image\":{\"@id\":\"https:\/\/www.apothekeinrath.de\/start\/#\/schema\/logo\/image\/\"}}]}<\/script>\n<!-- \/ Yoast SEO plugin. -->","yoast_head_json":{"title":"Reiseapotheken-Check - Apotheke in Rath","robots":{"index":"index","follow":"follow","max-snippet":"max-snippet:-1","max-image-preview":"max-image-preview:large","max-video-preview":"max-video-preview:-1"},"canonical":"https:\/\/www.apothekeinrath.de\/start\/reiseapotheken-check\/","og_locale":"de_DE","og_type":"article","og_title":"Reiseapotheken-Check - Apotheke in Rath","og_description":"Reiseapotheken-Check Ganz egal wohin es f\u00fcr Sie w\u00e4hrend des Urlaubs geht, fehlen sollte Sie nie: die Reiseapotheke. Doch was geh\u00f6rt alles dazu? Wie viel ist empfohlen oder eventuell gar nur erlaubt? Was ist bei der Reise mit kleinen Kindern zu beachten? Oder bei herzschwachen Mitreisenden? Und was, wenn der Koffer verloren geht? Viele Fragen, wir [&hellip;]","og_url":"https:\/\/www.apothekeinrath.de\/start\/reiseapotheken-check\/","og_site_name":"Apotheke in Rath","article_modified_time":"2024-08-01T14:18:01+00:00","twitter_card":"summary_large_image","twitter_misc":{"Gesch\u00e4tzte Lesezeit":"1\u00a0Minute"},"schema":{"@context":"https:\/\/schema.org","@graph":[{"@type":"WebPage","@id":"https:\/\/www.apothekeinrath.de\/start\/reiseapotheken-check\/","url":"https:\/\/www.apothekeinrath.de\/start\/reiseapotheken-check\/","name":"Reiseapotheken-Check - Apotheke in Rath","isPartOf":{"@id":"https:\/\/www.apothekeinrath.de\/start\/#website"},"datePublished":"2020-01-10T19:08:53+00:00","dateModified":"2024-08-01T14:18:01+00:00","breadcrumb":{"@id":"https:\/\/www.apothekeinrath.de\/start\/reiseapotheken-check\/#breadcrumb"},"inLanguage":"de","potentialAction":[{"@type":"ReadAction","target":["https:\/\/www.apothekeinrath.de\/start\/reiseapotheken-check\/"]}]},{"@type":"BreadcrumbList","@id":"https:\/\/www.apothekeinrath.de\/start\/reiseapotheken-check\/#breadcrumb","itemListElement":[{"@type":"ListItem","position":1,"name":"Startseite","item":"https:\/\/www.apothekeinrath.de\/start\/"},{"@type":"ListItem","position":2,"name":"Reiseapotheken-Check"}]},{"@type":"WebSite","@id":"https:\/\/www.apothekeinrath.de\/start\/#website","url":"https:\/\/www.apothekeinrath.de\/start\/","name":"Apotheke in Rath","description":"","publisher":{"@id":"https:\/\/www.apothekeinrath.de\/start\/#organization"},"potentialAction":[{"@type":"SearchAction","target":{"@type":"EntryPoint","urlTemplate":"https:\/\/www.apothekeinrath.de\/start\/?s={search_term_string}"},"query-input":"required name=search_term_string"}],"inLanguage":"de"},{"@type":"Organization","@id":"https:\/\/www.apothekeinrath.de\/start\/#organization","name":"Apotheke in Rath","url":"https:\/\/www.apothekeinrath.de\/start\/","logo":{"@type":"ImageObject","inLanguage":"de","@id":"https:\/\/www.apothekeinrath.de\/start\/#\/schema\/logo\/image\/","url":"https:\/\/www.apothekeinrath.de\/wp-content\/uploads\/2020\/03\/Apotheke-in-Rath-LOGO.png","contentUrl":"https:\/\/www.apothekeinrath.de\/wp-content\/uploads\/2020\/03\/Apotheke-in-Rath-LOGO.png","width":650,"height":231,"caption":"Apotheke in Rath"},"image":{"@id":"https:\/\/www.apothekeinrath.de\/start\/#\/schema\/logo\/image\/"}}]}},"_links":{"self":[{"href":"https:\/\/www.apothekeinrath.de\/start\/wp-json\/wp\/v2\/pages\/592"}],"collection":[{"href":"https:\/\/www.apothekeinrath.de\/start\/wp-json\/wp\/v2\/pages"}],"about":[{"href":"https:\/\/www.apothekeinrath.de\/start\/wp-json\/wp\/v2\/types\/page"}],"author":[{"embeddable":true,"href":"https:\/\/www.apothekeinrath.de\/start\/wp-json\/wp\/v2\/users\/2"}],"replies":[{"embeddable":true,"href":"https:\/\/www.apothekeinrath.de\/start\/wp-json\/wp\/v2\/comments?post=592"}],"version-history":[{"count":3,"href":"https:\/\/www.apothekeinrath.de\/start\/wp-json\/wp\/v2\/pages\/592\/revisions"}],"predecessor-version":[{"id":1310,"href":"https:\/\/www.apothekeinrath.de\/start\/wp-json\/wp\/v2\/pages\/592\/revisions\/1310"}],"wp:attachment":[{"href":"https:\/\/www.apothekeinrath.de\/start\/wp-json\/wp\/v2\/media?parent=592"}],"curies":[{"name":"wp","href":"https:\/\/api.w.org\/{rel}","templated":true}]}}