{"id":69,"date":"2018-11-19T18:12:47","date_gmt":"2018-11-19T17:12:47","guid":{"rendered":"http:\/\/www.wordpress.apothekeinrath.de\/?page_id=69"},"modified":"2024-08-01T12:40:23","modified_gmt":"2024-08-01T10:40:23","slug":"historie","status":"publish","type":"page","link":"https:\/\/www.apothekeinrath.de\/start\/historie\/","title":{"rendered":"Historie"},"content":{"rendered":"\n<h2 class=\"wp-block-heading\">Historie<\/h2>\n\n\n<p>Man kennt sie, die Apotheke in Rath. Seit \u00fcber 70 Jahren werden in dem schmucken Eckhaus in der Westfalenstra\u00dfe Medikamente verkauft, seit 1999 unter der Leitung von Herrn Apotheker Carsten Schmitz. Die Geschichte der Apotheke in Rath haben wir hier f\u00fcr Sie anschaulich dargestellt.<\/p>\n\n\n<p><\/p>\n\n\n\n<div class=\"wp-block-qi-blocks-timeline qodef-block-container qodef-block-a42f4f75\"><div class=\"qi-block-timeline qodef-block qodef-m qodef-timeline--vertical qodef-timeline-layout--vertical-separated qodef--has-appear qodef-line--outside qodef-point--standard qodef-reverse-padding\" data-options=\"{&quot;colNum&quot;:3}\"><div class=\"qodef-timeline-inner\"><div class=\"qodef-e qodef-e-item qodef-obverse\"><div class=\"qodef-e-line-holder\"><span class=\"qodef-e-line\"><\/span><\/div><div class=\"qodef-e-item-inner\"><div class=\"qodef-e-point-holder\"><div class=\"qodef-e-point\"><\/div><\/div><div class=\"qodef-e-side-holder\"><div class=\"qodef-e-image\"><img decoding=\"async\" src=\"https:\/\/www.apothekeinrath.de\/wp-content\/uploads\/2024\/08\/1903-min.png\" alt=\"\"\/><\/div><\/div><div class=\"qodef-e-content-holder\"><h4 class=\"qodef-e-title\">1903<\/h4><p class=\"qodef-e-text\">Gr\u00fcndung der Apotheke, die damals Rather-Rosen-Apotheke hie\u00df. Gr\u00fcnder war Herr Apotheker Schwar.<\/p><\/div><\/div><\/div><div class=\"qodef-e qodef-e-item qodef-reverse\"><div class=\"qodef-e-line-holder\"><span class=\"qodef-e-line\"><\/span><\/div><div class=\"qodef-e-item-inner\"><div class=\"qodef-e-point-holder\"><div class=\"qodef-e-point\"><\/div><\/div><div class=\"qodef-e-side-holder\"><div class=\"qodef-e-image\"><img decoding=\"async\" src=\"https:\/\/www.apothekeinrath.de\/wp-content\/uploads\/2024\/08\/1948-min.png\" alt=\"\"\/><\/div><\/div><div class=\"qodef-e-content-holder\"><h4 class=\"qodef-e-title\">1948<\/h4><p class=\"qodef-e-text\">Im zweiten Weltkrieg wurde die Apotheke zerst\u00f6rt. Die Wiederer\u00f6ffnung folgte 1948 im heutigen Geb\u00e4ude an der Westfalenstra\u00dfe 49 von Herrn Apotheker Pascher. Damals war das Geb\u00e4ude noch einst\u00f6ckig.<\/p><\/div><\/div><\/div><div class=\"qodef-e qodef-e-item qodef-obverse\"><div class=\"qodef-e-line-holder\"><span class=\"qodef-e-line\"><\/span><\/div><div class=\"qodef-e-item-inner\"><div class=\"qodef-e-point-holder\"><div class=\"qodef-e-point\"><\/div><\/div><div class=\"qodef-e-side-holder\"><div class=\"qodef-e-image\"><img decoding=\"async\" src=\"https:\/\/www.apothekeinrath.de\/wp-content\/uploads\/2024\/08\/1955-min.png\" alt=\"\"\/><\/div><\/div><div class=\"qodef-e-content-holder\"><h4 class=\"qodef-e-title\">1955<\/h4><p class=\"qodef-e-text\">Die Aufstockung des Geb\u00e4udes wurde vollendet.<\/p><\/div><\/div><\/div><div class=\"qodef-e qodef-e-item qodef-reverse\"><div class=\"qodef-e-line-holder\"><span class=\"qodef-e-line\"><\/span><\/div><div class=\"qodef-e-item-inner\"><div class=\"qodef-e-point-holder\"><div class=\"qodef-e-point\"><\/div><\/div><div class=\"qodef-e-side-holder\"><div class=\"qodef-e-image\"><img decoding=\"async\" src=\"https:\/\/www.apothekeinrath.de\/wp-content\/uploads\/2024\/08\/1976-min.png\" alt=\"\"\/><\/div><\/div><div class=\"qodef-e-content-holder\"><h4 class=\"qodef-e-title\">1976<\/h4><p class=\"qodef-e-text\">Die Apotheke wird komplett umgebaut und die Inneneinrichtung modernisiert.<\/p><\/div><\/div><\/div><div class=\"qodef-e qodef-e-item qodef-obverse\"><div class=\"qodef-e-line-holder\"><span class=\"qodef-e-line\"><\/span><\/div><div class=\"qodef-e-item-inner\"><div class=\"qodef-e-point-holder\"><div class=\"qodef-e-point\"><\/div><\/div><div class=\"qodef-e-side-holder\"><div class=\"qodef-e-image\"><img decoding=\"async\" src=\"https:\/\/www.apothekeinrath.de\/wp-content\/uploads\/2024\/08\/1980-min.png\" alt=\"\"\/><\/div><\/div><div class=\"qodef-e-content-holder\"><h4 class=\"qodef-e-title\">1980<\/h4><p class=\"qodef-e-text\">Frau Apothekerin Wihan \u00fcbernimmt die Leitung.<\/p><\/div><\/div><\/div><div class=\"qodef-e qodef-e-item qodef-reverse\"><div class=\"qodef-e-line-holder\"><span class=\"qodef-e-line\"><\/span><\/div><div class=\"qodef-e-item-inner\"><div class=\"qodef-e-point-holder\"><div class=\"qodef-e-point\"><\/div><\/div><div class=\"qodef-e-side-holder\"><div class=\"qodef-e-image\"><img decoding=\"async\" src=\"https:\/\/www.apothekeinrath.de\/wp-content\/uploads\/2024\/08\/1989-scaled.jpg\" alt=\"\"\/><\/div><\/div><div class=\"qodef-e-content-holder\"><h4 class=\"qodef-e-title\">1989<\/h4><p class=\"qodef-e-text\">Frau Apothekerin Rex pachtet die Apotheke.<\/p><\/div><\/div><\/div><div class=\"qodef-e qodef-e-item qodef-obverse\"><div class=\"qodef-e-line-holder\"><span class=\"qodef-e-line\"><\/span><\/div><div class=\"qodef-e-item-inner\"><div class=\"qodef-e-point-holder\"><div class=\"qodef-e-point\"><\/div><\/div><div class=\"qodef-e-side-holder\"><div class=\"qodef-e-image\"><img decoding=\"async\" src=\"https:\/\/www.apothekeinrath.de\/wp-content\/uploads\/2024\/08\/1999-min.png\" alt=\"\"\/><\/div><\/div><div class=\"qodef-e-content-holder\"><h4 class=\"qodef-e-title\">1999<\/h4><p class=\"qodef-e-text\">Herr Apotheker Carsten Schmitz \u00fcbernimmt die Apotheke.<\/p><\/div><\/div><\/div><div class=\"qodef-e qodef-e-item qodef-reverse\"><div class=\"qodef-e-line-holder\"><span class=\"qodef-e-line\"><\/span><\/div><div class=\"qodef-e-item-inner\"><div class=\"qodef-e-point-holder\"><div class=\"qodef-e-point\"><\/div><\/div><div class=\"qodef-e-side-holder\"><div class=\"qodef-e-image\"><img decoding=\"async\" src=\"https:\/\/www.apothekeinrath.de\/wp-content\/uploads\/2024\/08\/1150977-min-scaled.jpg\" alt=\"\"\/><\/div><\/div><div class=\"qodef-e-content-holder\"><h4 class=\"qodef-e-title\">2006<\/h4><p class=\"qodef-e-text\">Die Apotheke wird erneut umfangreich saniert und umgebaut. Die W\u00e4nde leuchten seitdem in freundlichem Gr\u00fcn und sind mit Werken der Krefelder K\u00fcnstlerin Mauga Houba-Hausherr geschm\u00fcckt.<\/p><\/div><\/div><\/div><\/div><\/div><\/div>\n","protected":false},"excerpt":{"rendered":"<p>Historie Man kennt sie, die Apotheke in Rath. Seit \u00fcber 70 Jahren werden in dem schmucken Eckhaus in der Westfalenstra\u00dfe Medikamente verkauft, seit 1999 unter der Leitung von Herrn Apotheker Carsten Schmitz. Die Geschichte der Apotheke in Rath haben wir hier f\u00fcr Sie anschaulich dargestellt.<\/p>\n","protected":false},"author":2,"featured_media":0,"parent":0,"menu_order":0,"comment_status":"closed","ping_status":"closed","template":"","meta":{"footnotes":""},"yoast_head":"<!-- This site is optimized with the Yoast SEO plugin v22.9 - https:\/\/yoast.com\/wordpress\/plugins\/seo\/ -->\n<title>Historie - Apotheke in Rath<\/title>\n<meta name=\"robots\" content=\"index, follow, max-snippet:-1, max-image-preview:large, max-video-preview:-1\" \/>\n<link rel=\"canonical\" href=\"https:\/\/www.apothekeinrath.de\/start\/historie\/\" \/>\n<meta property=\"og:locale\" content=\"de_DE\" \/>\n<meta property=\"og:type\" content=\"article\" \/>\n<meta property=\"og:title\" content=\"Historie - Apotheke in Rath\" \/>\n<meta property=\"og:description\" content=\"Historie Man kennt sie, die Apotheke in Rath. Seit \u00fcber 70 Jahren werden in dem schmucken Eckhaus in der Westfalenstra\u00dfe Medikamente verkauft, seit 1999 unter der Leitung von Herrn Apotheker Carsten Schmitz. Die Geschichte der Apotheke in Rath haben wir hier f\u00fcr Sie anschaulich dargestellt.\" \/>\n<meta property=\"og:url\" content=\"https:\/\/www.apothekeinrath.de\/start\/historie\/\" \/>\n<meta property=\"og:site_name\" content=\"Apotheke in Rath\" \/>\n<meta property=\"article:modified_time\" content=\"2024-08-01T10:40:23+00:00\" \/>\n<meta property=\"og:image\" content=\"https:\/\/www.apothekeinrath.de\/wp-content\/uploads\/2024\/08\/1903-min.png\" \/>\n<meta name=\"twitter:card\" content=\"summary_large_image\" \/>\n<meta name=\"twitter:label1\" content=\"Gesch\u00e4tzte Lesezeit\" \/>\n\t<meta name=\"twitter:data1\" content=\"3\u00a0Minuten\" \/>\n<script type=\"application\/ld+json\" class=\"yoast-schema-graph\">{\"@context\":\"https:\/\/schema.org\",\"@graph\":[{\"@type\":\"WebPage\",\"@id\":\"https:\/\/www.apothekeinrath.de\/start\/historie\/\",\"url\":\"https:\/\/www.apothekeinrath.de\/start\/historie\/\",\"name\":\"Historie - Apotheke in Rath\",\"isPartOf\":{\"@id\":\"https:\/\/www.apothekeinrath.de\/start\/#website\"},\"primaryImageOfPage\":{\"@id\":\"https:\/\/www.apothekeinrath.de\/start\/historie\/#primaryimage\"},\"image\":{\"@id\":\"https:\/\/www.apothekeinrath.de\/start\/historie\/#primaryimage\"},\"thumbnailUrl\":\"https:\/\/www.apothekeinrath.de\/wp-content\/uploads\/2024\/08\/1903-min.png\",\"datePublished\":\"2018-11-19T17:12:47+00:00\",\"dateModified\":\"2024-08-01T10:40:23+00:00\",\"breadcrumb\":{\"@id\":\"https:\/\/www.apothekeinrath.de\/start\/historie\/#breadcrumb\"},\"inLanguage\":\"de\",\"potentialAction\":[{\"@type\":\"ReadAction\",\"target\":[\"https:\/\/www.apothekeinrath.de\/start\/historie\/\"]}]},{\"@type\":\"ImageObject\",\"inLanguage\":\"de\",\"@id\":\"https:\/\/www.apothekeinrath.de\/start\/historie\/#primaryimage\",\"url\":\"https:\/\/www.apothekeinrath.de\/wp-content\/uploads\/2024\/08\/1903-min.png\",\"contentUrl\":\"https:\/\/www.apothekeinrath.de\/wp-content\/uploads\/2024\/08\/1903-min.png\"},{\"@type\":\"BreadcrumbList\",\"@id\":\"https:\/\/www.apothekeinrath.de\/start\/historie\/#breadcrumb\",\"itemListElement\":[{\"@type\":\"ListItem\",\"position\":1,\"name\":\"Startseite\",\"item\":\"https:\/\/www.apothekeinrath.de\/start\/\"},{\"@type\":\"ListItem\",\"position\":2,\"name\":\"Historie\"}]},{\"@type\":\"WebSite\",\"@id\":\"https:\/\/www.apothekeinrath.de\/start\/#website\",\"url\":\"https:\/\/www.apothekeinrath.de\/start\/\",\"name\":\"Apotheke in Rath\",\"description\":\"\",\"publisher\":{\"@id\":\"https:\/\/www.apothekeinrath.de\/start\/#organization\"},\"potentialAction\":[{\"@type\":\"SearchAction\",\"target\":{\"@type\":\"EntryPoint\",\"urlTemplate\":\"https:\/\/www.apothekeinrath.de\/start\/?s={search_term_string}\"},\"query-input\":\"required name=search_term_string\"}],\"inLanguage\":\"de\"},{\"@type\":\"Organization\",\"@id\":\"https:\/\/www.apothekeinrath.de\/start\/#organization\",\"name\":\"Apotheke in Rath\",\"url\":\"https:\/\/www.apothekeinrath.de\/start\/\",\"logo\":{\"@type\":\"ImageObject\",\"inLanguage\":\"de\",\"@id\":\"https:\/\/www.apothekeinrath.de\/start\/#\/schema\/logo\/image\/\",\"url\":\"https:\/\/www.apothekeinrath.de\/wp-content\/uploads\/2020\/03\/Apotheke-in-Rath-LOGO.png\",\"contentUrl\":\"https:\/\/www.apothekeinrath.de\/wp-content\/uploads\/2020\/03\/Apotheke-in-Rath-LOGO.png\",\"width\":650,\"height\":231,\"caption\":\"Apotheke in Rath\"},\"image\":{\"@id\":\"https:\/\/www.apothekeinrath.de\/start\/#\/schema\/logo\/image\/\"}}]}<\/script>\n<!-- \/ Yoast SEO plugin. -->","yoast_head_json":{"title":"Historie - Apotheke in Rath","robots":{"index":"index","follow":"follow","max-snippet":"max-snippet:-1","max-image-preview":"max-image-preview:large","max-video-preview":"max-video-preview:-1"},"canonical":"https:\/\/www.apothekeinrath.de\/start\/historie\/","og_locale":"de_DE","og_type":"article","og_title":"Historie - Apotheke in Rath","og_description":"Historie Man kennt sie, die Apotheke in Rath. Seit \u00fcber 70 Jahren werden in dem schmucken Eckhaus in der Westfalenstra\u00dfe Medikamente verkauft, seit 1999 unter der Leitung von Herrn Apotheker Carsten Schmitz. Die Geschichte der Apotheke in Rath haben wir hier f\u00fcr Sie anschaulich dargestellt.","og_url":"https:\/\/www.apothekeinrath.de\/start\/historie\/","og_site_name":"Apotheke in Rath","article_modified_time":"2024-08-01T10:40:23+00:00","og_image":[{"url":"https:\/\/www.apothekeinrath.de\/wp-content\/uploads\/2024\/08\/1903-min.png"}],"twitter_card":"summary_large_image","twitter_misc":{"Gesch\u00e4tzte Lesezeit":"3\u00a0Minuten"},"schema":{"@context":"https:\/\/schema.org","@graph":[{"@type":"WebPage","@id":"https:\/\/www.apothekeinrath.de\/start\/historie\/","url":"https:\/\/www.apothekeinrath.de\/start\/historie\/","name":"Historie - Apotheke in Rath","isPartOf":{"@id":"https:\/\/www.apothekeinrath.de\/start\/#website"},"primaryImageOfPage":{"@id":"https:\/\/www.apothekeinrath.de\/start\/historie\/#primaryimage"},"image":{"@id":"https:\/\/www.apothekeinrath.de\/start\/historie\/#primaryimage"},"thumbnailUrl":"https:\/\/www.apothekeinrath.de\/wp-content\/uploads\/2024\/08\/1903-min.png","datePublished":"2018-11-19T17:12:47+00:00","dateModified":"2024-08-01T10:40:23+00:00","breadcrumb":{"@id":"https:\/\/www.apothekeinrath.de\/start\/historie\/#breadcrumb"},"inLanguage":"de","potentialAction":[{"@type":"ReadAction","target":["https:\/\/www.apothekeinrath.de\/start\/historie\/"]}]},{"@type":"ImageObject","inLanguage":"de","@id":"https:\/\/www.apothekeinrath.de\/start\/historie\/#primaryimage","url":"https:\/\/www.apothekeinrath.de\/wp-content\/uploads\/2024\/08\/1903-min.png","contentUrl":"https:\/\/www.apothekeinrath.de\/wp-content\/uploads\/2024\/08\/1903-min.png"},{"@type":"BreadcrumbList","@id":"https:\/\/www.apothekeinrath.de\/start\/historie\/#breadcrumb","itemListElement":[{"@type":"ListItem","position":1,"name":"Startseite","item":"https:\/\/www.apothekeinrath.de\/start\/"},{"@type":"ListItem","position":2,"name":"Historie"}]},{"@type":"WebSite","@id":"https:\/\/www.apothekeinrath.de\/start\/#website","url":"https:\/\/www.apothekeinrath.de\/start\/","name":"Apotheke in Rath","description":"","publisher":{"@id":"https:\/\/www.apothekeinrath.de\/start\/#organization"},"potentialAction":[{"@type":"SearchAction","target":{"@type":"EntryPoint","urlTemplate":"https:\/\/www.apothekeinrath.de\/start\/?s={search_term_string}"},"query-input":"required name=search_term_string"}],"inLanguage":"de"},{"@type":"Organization","@id":"https:\/\/www.apothekeinrath.de\/start\/#organization","name":"Apotheke in Rath","url":"https:\/\/www.apothekeinrath.de\/start\/","logo":{"@type":"ImageObject","inLanguage":"de","@id":"https:\/\/www.apothekeinrath.de\/start\/#\/schema\/logo\/image\/","url":"https:\/\/www.apothekeinrath.de\/wp-content\/uploads\/2020\/03\/Apotheke-in-Rath-LOGO.png","contentUrl":"https:\/\/www.apothekeinrath.de\/wp-content\/uploads\/2020\/03\/Apotheke-in-Rath-LOGO.png","width":650,"height":231,"caption":"Apotheke in Rath"},"image":{"@id":"https:\/\/www.apothekeinrath.de\/start\/#\/schema\/logo\/image\/"}}]}},"_links":{"self":[{"href":"https:\/\/www.apothekeinrath.de\/start\/wp-json\/wp\/v2\/pages\/69"}],"collection":[{"href":"https:\/\/www.apothekeinrath.de\/start\/wp-json\/wp\/v2\/pages"}],"about":[{"href":"https:\/\/www.apothekeinrath.de\/start\/wp-json\/wp\/v2\/types\/page"}],"author":[{"embeddable":true,"href":"https:\/\/www.apothekeinrath.de\/start\/wp-json\/wp\/v2\/users\/2"}],"replies":[{"embeddable":true,"href":"https:\/\/www.apothekeinrath.de\/start\/wp-json\/wp\/v2\/comments?post=69"}],"version-history":[{"count":4,"href":"https:\/\/www.apothekeinrath.de\/start\/wp-json\/wp\/v2\/pages\/69\/revisions"}],"predecessor-version":[{"id":1281,"href":"https:\/\/www.apothekeinrath.de\/start\/wp-json\/wp\/v2\/pages\/69\/revisions\/1281"}],"wp:attachment":[{"href":"https:\/\/www.apothekeinrath.de\/start\/wp-json\/wp\/v2\/media?parent=69"}],"curies":[{"name":"wp","href":"https:\/\/api.w.org\/{rel}","templated":true}]}}